{"id":734,"date":"2023-06-24T21:09:34","date_gmt":"2023-06-24T21:09:34","guid":{"rendered":"https:\/\/casamimosa-grancanaria.com\/welcome-to-casa-mimosa\/"},"modified":"2025-03-08T16:49:14","modified_gmt":"2025-03-08T16:49:14","slug":"welcome-to-casa-mimosa","status":"publish","type":"page","link":"https:\/\/casamimosa-grancanaria.com\/it\/","title":{"rendered":"Benvenute\/i a Casa Mimosa"},"content":{"rendered":"\n<p class=\"has-text-align-center\">Incastonato tra le montagne e a due passi dall&#8217;oceano, immerso in una delle pi\u00f9 belle valli dell&#8217;isola di Gran Canaria tra piantagioni di caff\u00e8 e alberi da frutto, questo accogliente cottage \u00e8 il luogo ideale per rilassarsi dopo un tour, telelavorare da un ambiente naturale lussureggiante o prendersi qualche giorno per riconnettersi con il suo partner e staccare la spina dal mondo esterno.&nbsp; <\/p>\n\n\n\n<div style=\"height:20px\" aria-hidden=\"true\" class=\"wp-block-spacer\"><\/div>\n\n\n\n<div class=\"wp-block-buttons alignwide has-custom-font-size has-medium-font-size is-content-justification-center is-layout-flex wp-container-core-buttons-is-layout-16018d1d wp-block-buttons-is-layout-flex\">\n<div class=\"wp-block-button has-custom-width wp-block-button__width-75 has-custom-font-size is-style-fill\" style=\"font-size:25px\"><a class=\"wp-block-button__link wp-element-button\" href=\"\/it\/prenotazioni\/\" style=\"border-radius:60px\" target=\"_blank\" rel=\"noreferrer noopener\">PRENOTARE<\/a><\/div>\n<\/div>\n\n\n\n<div style=\"height:100px\" aria-hidden=\"true\" class=\"wp-block-spacer\"><\/div>\n\n\n\n<div class=\"wp-block-columns is-layout-flex wp-container-core-columns-is-layout-9d6595d7 wp-block-columns-is-layout-flex\">\n<div class=\"wp-block-column is-layout-flow wp-block-column-is-layout-flow\">\n<h2 class=\"wp-block-heading has-text-align-center\"><a href=\"\/it\/servizi\/\">Servizi<\/a><\/h2>\n<\/div>\n\n\n\n<div class=\"wp-block-column is-layout-flow wp-block-column-is-layout-flow\">\n<h2 class=\"wp-block-heading has-text-align-center\"><a href=\"\/it\/prenotazioni\/\">Immagini<\/a><\/h2>\n<\/div>\n\n\n\n<div class=\"wp-block-column is-layout-flow wp-block-column-is-layout-flow\">\n<h2 class=\"wp-block-heading has-text-align-center\"><a href=\"\/it\/come-raggiungere-casa-mimosa\/\">Come raggiungere<\/a><\/h2>\n<\/div>\n<\/div>\n\n\n\n<div style=\"height:20px\" aria-hidden=\"true\" class=\"wp-block-spacer\"><\/div>\n\n\n\n<div class=\"wp-block-columns is-layout-flex wp-container-core-columns-is-layout-9d6595d7 wp-block-columns-is-layout-flex\">\n<div class=\"wp-block-column is-layout-flow wp-block-column-is-layout-flow\" style=\"flex-basis:100%\">\n<div class=\"wp-block-columns is-layout-flex wp-container-core-columns-is-layout-9d6595d7 wp-block-columns-is-layout-flex\">\n<div class=\"wp-block-column is-layout-flow wp-block-column-is-layout-flow\">\n<figure class=\"wp-block-image\"><a href=\"\/it\/servizi\/\"><img loading=\"lazy\" decoding=\"async\" width=\"1024\" height=\"1536\" src=\"https:\/\/casamimosa-grancanaria.com\/wp-content\/uploads\/2023\/06\/Cocina1-edited.jpeg\" alt=\"\" class=\"wp-image-507\" srcset=\"https:\/\/casamimosa-grancanaria.com\/wp-content\/uploads\/2023\/06\/Cocina1-edited.jpeg 1024w, https:\/\/casamimosa-grancanaria.com\/wp-content\/uploads\/2023\/06\/Cocina1-edited-200x300.jpeg 200w, https:\/\/casamimosa-grancanaria.com\/wp-content\/uploads\/2023\/06\/Cocina1-edited-683x1024.jpeg 683w, https:\/\/casamimosa-grancanaria.com\/wp-content\/uploads\/2023\/06\/Cocina1-edited-768x1152.jpeg 768w, https:\/\/casamimosa-grancanaria.com\/wp-content\/uploads\/2023\/06\/Cocina1-edited-373x560.jpeg 373w\" sizes=\"auto, (max-width: 1024px) 100vw, 1024px\" \/><\/a><\/figure>\n<\/div>\n\n\n\n<div class=\"wp-block-column is-layout-flow wp-block-column-is-layout-flow\">\n<figure class=\"wp-block-image size-large\"><a href=\"\/it\/galleria-foto\/\" target=\"_blank\" rel=\"noreferrer noopener\"><img loading=\"lazy\" decoding=\"async\" width=\"1707\" height=\"2560\" src=\"https:\/\/casamimosa-grancanaria.com\/wp-content\/uploads\/2023\/09\/20230824215206529-edited-4-scaled.jpg\" alt=\"\" class=\"wp-image-1549\" srcset=\"https:\/\/casamimosa-grancanaria.com\/wp-content\/uploads\/2023\/09\/20230824215206529-edited-4-scaled.jpg 1707w, https:\/\/casamimosa-grancanaria.com\/wp-content\/uploads\/2023\/09\/20230824215206529-edited-4-200x300.jpg 200w, https:\/\/casamimosa-grancanaria.com\/wp-content\/uploads\/2023\/09\/20230824215206529-edited-4-683x1024.jpg 683w, https:\/\/casamimosa-grancanaria.com\/wp-content\/uploads\/2023\/09\/20230824215206529-edited-4-768x1152.jpg 768w, https:\/\/casamimosa-grancanaria.com\/wp-content\/uploads\/2023\/09\/20230824215206529-edited-4-1024x1536.jpg 1024w, https:\/\/casamimosa-grancanaria.com\/wp-content\/uploads\/2023\/09\/20230824215206529-edited-4-1365x2048.jpg 1365w, https:\/\/casamimosa-grancanaria.com\/wp-content\/uploads\/2023\/09\/20230824215206529-edited-4-373x560.jpg 373w, https:\/\/casamimosa-grancanaria.com\/wp-content\/uploads\/2023\/09\/20230824215206529-edited-4-2000x3000.jpg 2000w\" sizes=\"auto, (max-width: 1707px) 100vw, 1707px\" \/><\/a><\/figure>\n<\/div>\n\n\n\n<div class=\"wp-block-column is-layout-flow wp-block-column-is-layout-flow\">\n<figure class=\"wp-block-image size-large\"><a href=\"\/it\/come-raggiungere-casa-mimosa\/\"><img loading=\"lazy\" decoding=\"async\" width=\"683\" height=\"1024\" src=\"https:\/\/casamimosa-grancanaria.com\/wp-content\/uploads\/2023\/07\/Screenshot-2023-07-12-at-18.38.45-edited-683x1024.png\" alt=\"\" class=\"wp-image-983\" srcset=\"https:\/\/casamimosa-grancanaria.com\/wp-content\/uploads\/2023\/07\/Screenshot-2023-07-12-at-18.38.45-edited-683x1024.png 683w, https:\/\/casamimosa-grancanaria.com\/wp-content\/uploads\/2023\/07\/Screenshot-2023-07-12-at-18.38.45-edited-200x300.png 200w, https:\/\/casamimosa-grancanaria.com\/wp-content\/uploads\/2023\/07\/Screenshot-2023-07-12-at-18.38.45-edited-768x1152.png 768w, https:\/\/casamimosa-grancanaria.com\/wp-content\/uploads\/2023\/07\/Screenshot-2023-07-12-at-18.38.45-edited-373x560.png 373w, https:\/\/casamimosa-grancanaria.com\/wp-content\/uploads\/2023\/07\/Screenshot-2023-07-12-at-18.38.45-edited.png 787w\" sizes=\"auto, (max-width: 683px) 100vw, 683px\" \/><\/a><\/figure>\n<\/div>\n<\/div>\n<\/div>\n<\/div>\n","protected":false},"excerpt":{"rendered":"<p>Incastonato tra le montagne e a due passi dall&#8217;oceano, immerso in una delle pi\u00f9 belle valli dell&#8217;isola di Gran Canaria tra piantagioni di caff\u00e8 e alberi da frutto, questo accogliente cottage \u00e8 il luogo ideale per rilassarsi dopo un tour, telelavorare da un ambiente naturale lussureggiante o prendersi qualche giorno per riconnettersi con il suo &hellip; <a href=\"https:\/\/casamimosa-grancanaria.com\/it\/\" class=\"more-link\">Continue reading<span class=\"screen-reader-text\"> &#8220;Benvenute\/i a Casa Mimosa&#8221;<\/span><\/a><\/p>\n","protected":false},"author":1,"featured_media":1669,"parent":0,"menu_order":1,"comment_status":"closed","ping_status":"closed","template":"template-front-page.php","meta":{"footnotes":""},"class_list":["post-734","page","type-page","status-publish","has-post-thumbnail","hentry"],"_links":{"self":[{"href":"https:\/\/casamimosa-grancanaria.com\/it\/wp-json\/wp\/v2\/pages\/734","targetHints":{"allow":["GET"]}}],"collection":[{"href":"https:\/\/casamimosa-grancanaria.com\/it\/wp-json\/wp\/v2\/pages"}],"about":[{"href":"https:\/\/casamimosa-grancanaria.com\/it\/wp-json\/wp\/v2\/types\/page"}],"author":[{"embeddable":true,"href":"https:\/\/casamimosa-grancanaria.com\/it\/wp-json\/wp\/v2\/users\/1"}],"replies":[{"embeddable":true,"href":"https:\/\/casamimosa-grancanaria.com\/it\/wp-json\/wp\/v2\/comments?post=734"}],"version-history":[{"count":11,"href":"https:\/\/casamimosa-grancanaria.com\/it\/wp-json\/wp\/v2\/pages\/734\/revisions"}],"predecessor-version":[{"id":2533,"href":"https:\/\/casamimosa-grancanaria.com\/it\/wp-json\/wp\/v2\/pages\/734\/revisions\/2533"}],"wp:featuredmedia":[{"embeddable":true,"href":"https:\/\/casamimosa-grancanaria.com\/it\/wp-json\/wp\/v2\/media\/1669"}],"wp:attachment":[{"href":"https:\/\/casamimosa-grancanaria.com\/it\/wp-json\/wp\/v2\/media?parent=734"}],"curies":[{"name":"wp","href":"https:\/\/api.w.org\/{rel}","templated":true}]}}