{"id":660,"date":"2023-06-25T19:11:34","date_gmt":"2023-06-25T19:11:34","guid":{"rendered":"https:\/\/casamimosa-grancanaria.com\/voorzieningen\/"},"modified":"2026-02-04T19:35:10","modified_gmt":"2026-02-04T19:35:10","slug":"servizi","status":"publish","type":"page","link":"https:\/\/casamimosa-grancanaria.com\/it\/servizi\/","title":{"rendered":"Servizi di Casa Mimosa"},"content":{"rendered":"\n<div class=\"wp-block-media-text alignwide is-stacked-on-mobile\" style=\"grid-template-columns:33% auto\"><figure class=\"wp-block-media-text__media\"><img loading=\"lazy\" decoding=\"async\" width=\"683\" height=\"1024\" src=\"https:\/\/casamimosa-grancanaria.com\/wp-content\/uploads\/2023\/06\/Cocina1-edited-683x1024.jpeg\" alt=\"Casa Mimosa's kitchen\" class=\"wp-image-507 size-full\" srcset=\"https:\/\/casamimosa-grancanaria.com\/wp-content\/uploads\/2023\/06\/Cocina1-edited-683x1024.jpeg 683w, https:\/\/casamimosa-grancanaria.com\/wp-content\/uploads\/2023\/06\/Cocina1-edited-200x300.jpeg 200w, https:\/\/casamimosa-grancanaria.com\/wp-content\/uploads\/2023\/06\/Cocina1-edited-768x1152.jpeg 768w, https:\/\/casamimosa-grancanaria.com\/wp-content\/uploads\/2023\/06\/Cocina1-edited-373x560.jpeg 373w, https:\/\/casamimosa-grancanaria.com\/wp-content\/uploads\/2023\/06\/Cocina1-edited.jpeg 1024w\" sizes=\"auto, (max-width: 683px) 100vw, 683px\" \/><\/figure><div class=\"wp-block-media-text__content\">\n<p>Casa Mimosa \u00e8 distribuita su due piani collegati da scale. Dal piano terra si accede al portico e al giardino sul retro. Al piano terra si trova il soggiorno\/cucina. Al piano superiore si trovano due accoglienti camere da letto e un bagno. La casa si affaccia sulle imponenti montagne di Tamadaba, che circondano l&#8217;idilliaca Valle di Agaete.<\/p>\n\n\n\n<p>Per il vostro comfort offriamo i seguenti servizi:<\/p>\n\n\n\n<h2 class=\"wp-block-heading\">Camera da letto<\/h2>\n\n\n\n<ul class=\"wp-block-list\">\n<li>1 camera con letto matrimoniale 150 cm.<\/li>\n\n\n\n<li>1 camera con 2 letti singoli 90 cm.<\/li>\n\n\n\n<li>Culla da viaggio su richiesta<\/li>\n<\/ul>\n<\/div><\/div>\n\n\n\n<div class=\"wp-block-columns is-layout-flex wp-container-core-columns-is-layout-9d6595d7 wp-block-columns-is-layout-flex\">\n<div class=\"wp-block-column is-layout-flow wp-block-column-is-layout-flow\">\n<h2 class=\"wp-block-heading\">Esterno<\/h2>\n\n\n\n<ul class=\"wp-block-list\">\n<li>Piscina di 8m\u00b2, profondit\u00e0 massima 1,7 metri.<\/li>\n\n\n\n<li>Solarium con due lettini<\/li>\n\n\n\n<li>Piacevole terrazza con portico in legno canario&nbsp;<\/li>\n\n\n\n<li>Giardino con piante autoctone e alberi da frutto<\/li>\n\n\n\n<li>Barbecue<\/li>\n\n\n\n<li>Tavolo e quattro sedie per mangiare in terrazza<\/li>\n\n\n\n<li>Asciugamani per la piscina<\/li>\n<\/ul>\n\n\n\n<p><\/p>\n<\/div>\n\n\n\n<div class=\"wp-block-column is-layout-flow wp-block-column-is-layout-flow\">\n<h2 class=\"wp-block-heading\">Cucina<\/h2>\n\n\n\n<ul class=\"wp-block-list\">\n<li>Cucina a gas<\/li>\n\n\n\n<li>Microonde<\/li>\n\n\n\n<li>Frigorifero con congelatore<\/li>\n\n\n\n<li>Stoviglie e posate, compresi i bicchieri da vino<\/li>\n\n\n\n<li>Utensili da cucina<\/li>\n\n\n\n<li>Macchina da caff\u00e8 americano e moka<\/li>\n\n\n\n<li>Tostapane<\/li>\n\n\n\n<li>Bollitore<\/li>\n\n\n\n<li>Spremiagrumi<\/li>\n\n\n\n<li>Frullatore a immersione<\/li>\n\n\n\n<li>Tavolo da pranzo e quattro sedie<\/li>\n\n\n\n<li>Adattatore per seggiolone su richiesta<\/li>\n<\/ul>\n<\/div>\n<\/div>\n\n\n\n<div style=\"height:50px\" aria-hidden=\"true\" class=\"wp-block-spacer\"><\/div>\n\n\n\n<div class=\"wp-block-columns is-layout-flex wp-container-core-columns-is-layout-9d6595d7 wp-block-columns-is-layout-flex\">\n<div class=\"wp-block-column is-layout-flow wp-block-column-is-layout-flow\">\n<h2 class=\"wp-block-heading\">Bagno<\/h2>\n\n\n\n<ul class=\"wp-block-list\">\n<li>Vasca da bagno<\/li>\n\n\n\n<li>Asciugamani<\/li>\n\n\n\n<li>Asciugacapelli<\/li>\n\n\n\n<li>Vaschetta da bagno su richiesta<\/li>\n\n\n\n<li>Orinatoio su richiesta<\/li>\n<\/ul>\n\n\n\n<h2 class=\"wp-block-heading\">Salotto<\/h2>\n\n\n\n<ul class=\"wp-block-list\">\n<li>TV<\/li>\n\n\n\n<li>Radio<\/li>\n<\/ul>\n<\/div>\n\n\n\n<div class=\"wp-block-column is-layout-flow wp-block-column-is-layout-flow\">\n<h2 class=\"wp-block-heading\">Altro<\/h2>\n\n\n\n<ul class=\"wp-block-list\">\n<li>Lavatrice<\/li>\n\n\n\n<li>Stendibiancheria<\/li>\n\n\n\n<li>Ferro da stiro<\/li>\n\n\n\n<li>Internet ad alta velocit\u00e0 (fibra ottica)<\/li>\n\n\n\n<li>2 Ventilatori<\/li>\n\n\n\n<li>Estintore<\/li>\n\n\n\n<li>Rilevatori di fumo<\/li>\n<\/ul>\n<\/div>\n<\/div>\n\n\n\n<div style=\"height:100px\" aria-hidden=\"true\" class=\"wp-block-spacer\"><\/div>\n\n\n<div id=\"rank-math-faq\" class=\"rank-math-block\">\n<div class=\"rank-math-list \">\n<div id=\"faq-question-1688326057949\" class=\"rank-math-list-item\">\n<h3 class=\"rank-math-question \">C&#8217;\u00e8 l&#8217;aria condizionata a Casa Mimosa?<\/h3>\n<div class=\"rank-math-answer \">\n\n<p>Non ci sono molti altri posti al mondo dove non fa n\u00e9 troppo caldo n\u00e9 troppo freddo. Ecco perch\u00e9, tra le altre ragioni, chiamano queste isole Las Afortunadas. Mentre tutti alle Canarie si lamentano del caldo, gli abitanti della maggior parte della terraferma sarebbero felici del clima pi\u00f9 fresco. Raramente si superano i 30\u00b0C nella Valle dell&#8217;Agaete. In questo caso, ci sono molti modi per combattere il caldo. Il primo e pi\u00f9 ovvio \u00e8 la piscina, ovviamente. Ma non c&#8217;\u00e8 bisogno di bagnarsi per stare al fresco a Casa Mimosa. Il bellissimo portico delle Canarie offre molta ombra sulla terrazza, permettendovi di rinfrescarvi. Nelle ore pi\u00f9 fresche della giornata, tenete le finestre aperte in modo che l&#8217;aria circoli e il calore non ristagni. Nelle ore pi\u00f9 calde del giorno, chiudere le finestre per mantenere l&#8217;aria fresca. Un ventilatore \u00e8 a disposizione degli ospiti.<\/p>\n\n<\/div>\n<\/div>\n<div id=\"faq-question-1688326091267\" class=\"rank-math-list-item\">\n<h3 class=\"rank-math-question \">La casa \u00e8 dotata di riscaldamento?<\/h3>\n<div class=\"rank-math-answer \">\n\n<p>Gli inverni ad Agaete, con temperature minime di 15\u00b0C, sono cos\u00ec miti che non credo abbia senso riscaldare la casa. Consiglio di aprire le finestre durante il giorno per mantenere la casa calda e di chiuderle al tramonto per evitare che faccia freddo.<\/p>\n\n<\/div>\n<\/div>\n<div id=\"faq-question-1688326111285\" class=\"rank-math-list-item\">\n<h3 class=\"rank-math-question \">Quante persone possono soggiornare a Casa Mimosa?<\/h3>\n<div class=\"rank-math-answer \">\n\n<p>Casa Mimosa pu\u00f2 ospitare fino a quattro persone.<\/p>\n\n<\/div>\n<\/div>\n<div id=\"faq-question-1688326131538\" class=\"rank-math-list-item\">\n<h3 class=\"rank-math-question \">Come si arriva a Casa Mimosa?<\/h3>\n<div class=\"rank-math-answer \">\n\n<p>A seconda che si arrivi sull&#8217;isola in aereo o in barca, ci sono diverse opzioni che abbiamo dettagliato nella pagina &#8220;<a href=\"\/it\/come-raggiungere-casa-mimosa\/\" target=\"_blank\" data-type=\"URL\" data-id=\"\/come-raggiungere-casa-mimosa\/\" rel=\"noreferrer noopener\">Come arrivare a Casa Mimosa<\/a>&#8220;.<\/p>\n\n<\/div>\n<\/div>\n<div id=\"faq-question-1688326150091\" class=\"rank-math-list-item\">\n<h3 class=\"rank-math-question \">Posso soggiornare a Casa Mimosa senza noleggiare un&#8217;auto?<\/h3>\n<div class=\"rank-math-answer \">\n\n<p>\u00a0La maggior parte delle persone abituate a possedere un&#8217;auto trover\u00e0 scomodo farne a meno durante il soggiorno a Casa Mimosa. Ma se si viaggia leggeri e si ama camminare, come faccio io, \u00e8 perfettamente fattibile. Il villaggio di Agaete \u00e8 a soli tre chilometri di distanza (chi non cammina quotidianamente per 3 km?) e Puerto de las Nieves a 4,5 km. Per visitare altri luoghi dell&#8217;isola \u00e8 pi\u00f9 conveniente farlo in auto, ma le guaguas raggiungono anche tutti i villaggi.\u00a0<br \/>Se lo scopo della vostra visita \u00e8 l&#8217;escursionismo, da Casa Mimosa avete molti itinerari tra cui scegliere.<\/p>\n\n<\/div>\n<\/div>\n<div id=\"faq-question-1688326173932\" class=\"rank-math-list-item\">\n<h3 class=\"rank-math-question \">C&#8217;\u00e8 un parcheggio a Casa Mimosa?<\/h3>\n<div class=\"rank-math-answer \">\n\n<p>Davanti alla casa c&#8217;\u00e8 sempre un posto per parcheggiare l&#8217;auto. La Suerte \u00e8 un&#8217;urbanizzazione molto tranquilla, dove non c&#8217;\u00e8 traffico di passaggio.<\/p>\n\n<\/div>\n<\/div>\n<div id=\"faq-question-1688326193229\" class=\"rank-math-list-item\">\n<h3 class=\"rank-math-question \">Posso lavorare in telelavoro da Casa Mimosa?<\/h3>\n<div class=\"rank-math-answer \">\n\n<p>Certamente! Abbiamo stipulato un contratto di wifi a fibra ottica con una capacit\u00e0 di 1 GB proprio per gli ospiti che desiderano lavorare in casa. Anzi, pensiamo che sia un luogo idilliaco per lavorare. Non c&#8217;\u00e8 niente di pi\u00f9 rinvigorente di un tuffo in mare prima o dopo il lavoro. O una passeggiata nella valle in inverno.<\/p>\n\n<\/div>\n<\/div>\n<div id=\"faq-question-1688326246366\" class=\"rank-math-list-item\">\n<h3 class=\"rank-math-question \">Posso organizzare una festa a Casa Mimosa?<\/h3>\n<div class=\"rank-math-answer \">\n\n<p>Per rispetto dei vicini, le feste non sono ammesse in casa.<\/p>\n\n<\/div>\n<\/div>\n<\/div>\n<\/div>","protected":false},"excerpt":{"rendered":"<p>Esterno Cucina Bagno Salotto Altro<\/p>\n","protected":false},"author":1,"featured_media":0,"parent":0,"menu_order":0,"comment_status":"closed","ping_status":"closed","template":"template-full-width-grid-page.php","meta":{"footnotes":""},"class_list":["post-660","page","type-page","status-publish","hentry"],"_links":{"self":[{"href":"https:\/\/casamimosa-grancanaria.com\/it\/wp-json\/wp\/v2\/pages\/660","targetHints":{"allow":["GET"]}}],"collection":[{"href":"https:\/\/casamimosa-grancanaria.com\/it\/wp-json\/wp\/v2\/pages"}],"about":[{"href":"https:\/\/casamimosa-grancanaria.com\/it\/wp-json\/wp\/v2\/types\/page"}],"author":[{"embeddable":true,"href":"https:\/\/casamimosa-grancanaria.com\/it\/wp-json\/wp\/v2\/users\/1"}],"replies":[{"embeddable":true,"href":"https:\/\/casamimosa-grancanaria.com\/it\/wp-json\/wp\/v2\/comments?post=660"}],"version-history":[{"count":6,"href":"https:\/\/casamimosa-grancanaria.com\/it\/wp-json\/wp\/v2\/pages\/660\/revisions"}],"predecessor-version":[{"id":2610,"href":"https:\/\/casamimosa-grancanaria.com\/it\/wp-json\/wp\/v2\/pages\/660\/revisions\/2610"}],"wp:attachment":[{"href":"https:\/\/casamimosa-grancanaria.com\/it\/wp-json\/wp\/v2\/media?parent=660"}],"curies":[{"name":"wp","href":"https:\/\/api.w.org\/{rel}","templated":true}]}}