{"id":223,"date":"2023-06-18T18:58:09","date_gmt":"2023-06-18T18:58:09","guid":{"rendered":"https:\/\/casamimosa-grancanaria.com\/comment-se-rendre-a-casa-mimosa\/"},"modified":"2023-09-04T19:19:20","modified_gmt":"2023-09-04T19:19:20","slug":"come-raggiungere-casa-mimosa","status":"publish","type":"page","link":"https:\/\/casamimosa-grancanaria.com\/it\/come-raggiungere-casa-mimosa\/","title":{"rendered":"Come raggiungere Casa Mimosa"},"content":{"rendered":"\n<p>Se \u00e8 la prima volta che vi recate a Gran Canaria, potete seguire queste indicazioni per raggiungere il vostro alloggio nella Valle dell&#8217;Agaete.<\/p>\n\n\n\n<p>Non \u00e8 necessario noleggiare un&#8217;auto per soggiornare a Casa Mimosa. Se siete abituati ad avere un&#8217;auto in tutte le vostre vacanze, sar\u00e0 difficile farne a meno. Ma se, come me, preferite vivere senza auto, potete utilizzare la guagua (autobus) come mezzo di trasporto per l&#8217;isola. <a href=\"https:\/\/guaguasglobal.com\/\" target=\"_blank\" data-type=\"URL\" data-id=\"https:\/\/guaguasglobal.com\/\" rel=\"noreferrer noopener\">Gli autobus di Gran Canaria<\/a> sono abbastanza puntuali e confortevoli.&nbsp;<\/p>\n\n\n\n<h2 class=\"wp-block-heading\">Come raggiungere Agaete dall&#8217;aeroporto di Gran Canaria<\/h2>\n\n\n\n<p>L&#8217;aeroporto di Gran Canaria si trova sulla costa orientale dell&#8217;isola. Per arrivare da l\u00ec ad Agaete avete diverse opzioni.<\/p>\n\n\n\n<iframe src=\"https:\/\/www.google.com\/maps\/embed?pb=!1m18!1m12!1m3!1d3519.892854066659!2d-15.678258525982779!3d28.088810975965988!2m3!1f0!2f0!3f0!3m2!1i1024!2i768!4f13.1!3m3!1m2!1s0xc408c8811cb7639%3A0xac8c36bad4c62e44!2sC.%20Guaydil%2C%202%2C%2035489%20Urb.%20la%20Suerte%2C%20Las%20Palmas%2C%20Espa%C3%B1a!5e0!3m2!1ses!2sde!4v1687108624896!5m2!1ses!2sde\" width=\"600\" height=\"450\" style=\"border:0;\" allowfullscreen=\"\" loading=\"lazy\" referrerpolicy=\"no-referrer-when-downgrade\"><\/iframe>\n\n\n\n<h3 class=\"wp-block-heading\">Con un&#8217;auto a noleggio<\/h3>\n\n\n\n<p>La maggior parte dei turisti a Gran Canaria noleggia un&#8217;auto. Se non volete rinunciare alla comodit\u00e0 di avere un&#8217;auto propria, vi consigliamo di ritirarla direttamente in aeroporto. Da l\u00ec basta prendere l&#8217;autostrada per Las Palmas. Una volta raggiunta Las Palmas, troverete le indicazioni per Agaete. \u00c8 molto ben segnalato e non ci si pu\u00f2 perdere. Se utilizzate Google Maps sar\u00e0 ancora pi\u00f9 facile.<\/p>\n\n\n\n<p>Quando si raggiunge il villaggio di Agaete si devono cercare le indicazioni per El Valle. Dopo tre chilometri vi troverete all&#8217;ingresso (sulla sinistra) dell&#8217;Urbanizaci\u00f3n La Suerte. Casa Mimosa si trova in Calle Guaydil n. 2.<\/p>\n\n\n\n<h3 class=\"wp-block-heading\">In autobus<\/h3>\n\n\n\n<div class=\"wp-block-columns is-layout-flex wp-container-core-columns-is-layout-9d6595d7 wp-block-columns-is-layout-flex\">\n<div class=\"wp-block-column is-layout-flow wp-block-column-is-layout-flow\" style=\"flex-basis:50%\">\n<p>L&#8217;autobus dall&#8217;aeroporto a Las Palmas \u00e8 molto veloce e comodo, lo uso spesso quando non ho carichi pesanti. <a href=\"https:\/\/www.guaguasglobal.com\/pdflineas\/Linea_60.pdf\" data-type=\"URL\" data-id=\"https:\/\/www.guaguasglobal.com\/pdflineas\/Linea_60.pdf\" target=\"_blank\" rel=\"noreferrer noopener\">Ecco gli orari<\/a>. Una volta arrivati a Las Palmas, bisogna scendere a San Telmo e poi <a href=\"https:\/\/guaguasglobal.com\/pdflineas\/Linea_100.pdf\" data-type=\"URL\" data-id=\"https:\/\/guaguasglobal.com\/pdflineas\/Linea_103.pdf\" target=\"_blank\" rel=\"noreferrer noopener\">prendere l&#8217;autobus diretto per G\u00e1ldar<\/a>. Ci sono quattro autobus al giorno<a href=\"https:\/\/guaguasglobal.com\/pdflineas\/Linea_102.pdf\" data-type=\"URL\" data-id=\"https:\/\/guaguasglobal.com\/pdflineas\/Linea_102.pdf\" target=\"_blank\" rel=\"noreferrer noopener\"> che vanno alla Valle di Agaete<\/a>. Si scende alla fermata &#8220;La Suerte&#8221;, e da l\u00ec <a href=\"https:\/\/goo.gl\/maps\/tMarDreGYPC4FMj26\" data-type=\"URL\" data-id=\"https:\/\/goo.gl\/maps\/tMarDreGYPC4FMj26\" target=\"_blank\" rel=\"noreferrer noopener\">si sale a piedi fino alla casa<\/a>. Questo stesso autobus, il numero 102, pu\u00f2 essere preso ogni volta che si vuole andare a Puerto de las Nieves per una nuotata o per mangiare un delizioso pesce.<\/p>\n<\/div>\n\n\n\n<div class=\"wp-block-column is-layout-flow wp-block-column-is-layout-flow\" style=\"flex-basis:50%\">\n<figure class=\"wp-block-image size-large\"><img loading=\"lazy\" decoding=\"async\" width=\"1024\" height=\"768\" src=\"https:\/\/casamimosa-grancanaria.com\/wp-content\/uploads\/2023\/08\/20230826222242582-1024x768.jpg\" alt=\"\" class=\"wp-image-1229\" srcset=\"https:\/\/casamimosa-grancanaria.com\/wp-content\/uploads\/2023\/08\/20230826222242582-1024x768.jpg 1024w, https:\/\/casamimosa-grancanaria.com\/wp-content\/uploads\/2023\/08\/20230826222242582-300x225.jpg 300w, https:\/\/casamimosa-grancanaria.com\/wp-content\/uploads\/2023\/08\/20230826222242582-768x576.jpg 768w, https:\/\/casamimosa-grancanaria.com\/wp-content\/uploads\/2023\/08\/20230826222242582-1536x1152.jpg 1536w, https:\/\/casamimosa-grancanaria.com\/wp-content\/uploads\/2023\/08\/20230826222242582-2048x1536.jpg 2048w, https:\/\/casamimosa-grancanaria.com\/wp-content\/uploads\/2023\/08\/20230826222242582-747x560.jpg 747w, https:\/\/casamimosa-grancanaria.com\/wp-content\/uploads\/2023\/08\/20230826222242582-2000x1500.jpg 2000w\" sizes=\"auto, (max-width: 1024px) 100vw, 1024px\" \/><figcaption class=\"wp-element-caption\"><strong><em>Fermata &#8220;La Suerte&#8221;<\/em><\/strong><\/figcaption><\/figure>\n<\/div>\n<\/div>\n\n\n\n<div style=\"height:20px\" aria-hidden=\"true\" class=\"wp-block-spacer\"><\/div>\n\n\n\n<p>Se non riuscite a prendere l&#8217;ultimo autobus per la valle, potete pendere il numero 103 per Agaete (il viaggio \u00e8 lungo, ma \u00e8 un&#8217;occasione impagabile per immergersi nella cultura locale), e da l\u00ec prendere un taxi. La distanza da Casa Mimosa \u00e8 di soli tre chilometri e costa meno di 10 euro. I taxi sono solitamente disponibili accanto alla chiesa del paese. Se non ne trovate uno, potete chiamare il numero +34928 554475. Chiedete di portarvi a &#8220;La Suerte&#8221;.<\/p>\n\n\n\n<h3 class=\"wp-block-heading\">In taxi<\/h3>\n\n\n\n<p>Se volete la comodit\u00e0 di un&#8217;auto ma preferite non guidare, la soluzione migliore \u00e8 prendere un taxi. I taxi si trovano per le strade di Las Palmas o all&#8217;aeroporto. Chiedete al tassista di portarvi alla valle dell&#8217;Agaete. Se non conosce bene la zona, potrebbe non conoscere La Suerte. Ditegli solo che si trova sulla Carretera del Valle, a 3 chilometri dal villaggio, sul lato sinistro della strada.<\/p>\n\n\n\n<h2 class=\"wp-block-heading\">Come raggiungere Agaete da Tenerife in barca<\/h2>\n\n\n\n<p>Se arrivate da Tenerife siete fortunati, perch\u00e9 c&#8217;\u00e8 una barca inter-isola che vi porter\u00e0 da Santa Cruz direttamente al molo di Agaete. Si tratta di <a href=\"https:\/\/www.fredolsen.es\/es\/fast-ferry-barco-gran-canaria-tenerife-tenerife-gran-canaria\" target=\"_blank\" data-type=\"URL\" data-id=\"https:\/\/www.fredolsen.es\/es\/fast-ferry-barco-gran-canaria-tenerife-tenerife-gran-canaria\" rel=\"noreferrer noopener\">un catamarano molto confortevole<\/a> con bar-ristorante e negozio a bordo. Per comodit\u00e0, se lo desiderate, potete prendere la vostra auto (se \u00e8 un&#8217;auto a noleggio, chiedete se \u00e8 possibile portarla su altre isole).<\/p>\n\n\n\n<p>Una volta arrivati al molo di Agaete, dirigetevi verso il villaggio e da l\u00ec cercate le indicazioni per la Valle. Dopo circa tre chilometri troverete l&#8217;ingresso dell&#8217;Urbanizaci\u00f3n La Suerte sulla sinistra. Casa Mimosa si trova in Calle Guaydil n. 2.<\/p>\n","protected":false},"excerpt":{"rendered":"<p>Se \u00e8 la prima volta che vi recate a Gran Canaria, potete seguire queste indicazioni per raggiungere il vostro alloggio nella Valle dell&#8217;Agaete. Non \u00e8 necessario noleggiare un&#8217;auto per soggiornare a Casa Mimosa. Se siete abituati ad avere un&#8217;auto in tutte le vostre vacanze, sar\u00e0 difficile farne a meno. Ma se, come me, preferite vivere &hellip; <a href=\"https:\/\/casamimosa-grancanaria.com\/it\/come-raggiungere-casa-mimosa\/\" class=\"more-link\">Continue reading<span class=\"screen-reader-text\"> &#8220;Come raggiungere Casa Mimosa&#8221;<\/span><\/a><\/p>\n","protected":false},"author":1,"featured_media":0,"parent":0,"menu_order":0,"comment_status":"closed","ping_status":"closed","template":"template-full-width-grid-page.php","meta":{"footnotes":"[]"},"class_list":["post-223","page","type-page","status-publish","hentry"],"_links":{"self":[{"href":"https:\/\/casamimosa-grancanaria.com\/it\/wp-json\/wp\/v2\/pages\/223","targetHints":{"allow":["GET"]}}],"collection":[{"href":"https:\/\/casamimosa-grancanaria.com\/it\/wp-json\/wp\/v2\/pages"}],"about":[{"href":"https:\/\/casamimosa-grancanaria.com\/it\/wp-json\/wp\/v2\/types\/page"}],"author":[{"embeddable":true,"href":"https:\/\/casamimosa-grancanaria.com\/it\/wp-json\/wp\/v2\/users\/1"}],"replies":[{"embeddable":true,"href":"https:\/\/casamimosa-grancanaria.com\/it\/wp-json\/wp\/v2\/comments?post=223"}],"version-history":[{"count":6,"href":"https:\/\/casamimosa-grancanaria.com\/it\/wp-json\/wp\/v2\/pages\/223\/revisions"}],"predecessor-version":[{"id":1304,"href":"https:\/\/casamimosa-grancanaria.com\/it\/wp-json\/wp\/v2\/pages\/223\/revisions\/1304"}],"wp:attachment":[{"href":"https:\/\/casamimosa-grancanaria.com\/it\/wp-json\/wp\/v2\/media?parent=223"}],"curies":[{"name":"wp","href":"https:\/\/api.w.org\/{rel}","templated":true}]}}