{"id":196,"date":"2023-06-17T10:54:59","date_gmt":"2023-06-17T10:54:59","guid":{"rendered":"https:\/\/casamimosa-grancanaria.com\/?page_id=196"},"modified":"2023-06-18T16:29:42","modified_gmt":"2023-06-18T16:29:42","slug":"chi-siamo","status":"publish","type":"page","link":"https:\/\/casamimosa-grancanaria.com\/it\/chi-siamo\/","title":{"rendered":"Chi siamo"},"content":{"rendered":"\n<div class=\"wp-block-media-text alignwide has-media-on-the-right is-stacked-on-mobile\" style=\"grid-template-columns:auto 37%\"><div class=\"wp-block-media-text__content\">\n<p>In realt\u00e0 non &#8220;siamo&#8221;, ci sono solo io dietro Casa Mimosa. Mi chiamo Cecilia e sono originaria di Las Palmas. Ho lasciato Gran Canaria per studiare nella penisola iberica nel 1991 e da allora sono tornata solo per brevi periodi. Da Siviglia mi sono trasferita a Madrid e da l\u00ec in Germania. Da 15 anni vivo a Berlino e sogno di tornare a Gran Canaria un giorno. Cos\u00ec ho iniziato a cercare un posto dove vivere.<\/p>\n\n\n\n<p>Ho trovato la casa dei miei sogni nel mio posto preferito di Gran Canaria, la Valle de Agaete. Non \u00e8 troppo grande, n\u00e9 troppo isolata (non voglio possedere un&#8217;auto), ma <\/p>\n<\/div><figure class=\"wp-block-media-text__media\"><img loading=\"lazy\" decoding=\"async\" width=\"300\" height=\"300\" src=\"https:\/\/casamimosa-grancanaria.com\/wp-content\/uploads\/2023\/06\/IMG_1310-300x300.jpg\" alt=\"\" class=\"wp-image-111 size-medium\" srcset=\"https:\/\/casamimosa-grancanaria.com\/wp-content\/uploads\/2023\/06\/IMG_1310-300x300.jpg 300w, https:\/\/casamimosa-grancanaria.com\/wp-content\/uploads\/2023\/06\/IMG_1310-150x150.jpg 150w, https:\/\/casamimosa-grancanaria.com\/wp-content\/uploads\/2023\/06\/IMG_1310-560x560.jpg 560w, https:\/\/casamimosa-grancanaria.com\/wp-content\/uploads\/2023\/06\/IMG_1310.jpg 640w\" sizes=\"auto, (max-width: 300px) 100vw, 300px\" \/><\/figure><\/div>\n\n\n\n<p>comunque abbastanza lontana dal paese per avere la sensazione di vivere a stretto contatto con la natura.<\/p>\n\n\n\n<p>Mi sono innamorata del piccolo e tranquillo giardino, perfetto per leggere e fare la siesta, e della bella piscina e del solarium. I dintorni sono perfetti per le escursioni, che adoro, e l&#8217;incantevole porto e la spiaggia di Agaete \u00e8 abbastanza vicino (meno di 5 km) per andare a piedi o in bicicletta e fare un bagno rinfrescante. La casa \u00e8 perfetta, cos\u00ec come la posizione, ma ho ancora delle cose da fare a Berlino per qualche anno prima di potermi trasferire definitivamente a Gran Canaria. Quindi, \u00e8 qui che entrate in gioco voi: Potrete godervi la mia bella casetta fino a quando non potr\u00f2 trasferirmi io stessa.<\/p>\n\n\n\n<p>Sono sicuao che apprezzerete questo luogo magico tanto quanto me. Godetevelo finch\u00e9 \u00e8 disponibile! :))<\/p>\n","protected":false},"excerpt":{"rendered":"<p>In realt\u00e0 non &#8220;siamo&#8221;, ci sono solo io dietro Casa Mimosa. Mi chiamo Cecilia e sono originaria di Las Palmas. Ho lasciato Gran Canaria per studiare nella penisola iberica nel 1991 e da allora sono tornata solo per brevi periodi. Da Siviglia mi sono trasferita a Madrid e da l\u00ec in Germania. Da 15 anni &hellip; <a href=\"https:\/\/casamimosa-grancanaria.com\/it\/chi-siamo\/\" class=\"more-link\">Continue reading<span class=\"screen-reader-text\"> &#8220;Chi siamo&#8221;<\/span><\/a><\/p>\n","protected":false},"author":1,"featured_media":0,"parent":0,"menu_order":0,"comment_status":"closed","ping_status":"closed","template":"template-full-width-grid-page.php","meta":{"footnotes":""},"class_list":["post-196","page","type-page","status-publish","hentry"],"_links":{"self":[{"href":"https:\/\/casamimosa-grancanaria.com\/it\/wp-json\/wp\/v2\/pages\/196","targetHints":{"allow":["GET"]}}],"collection":[{"href":"https:\/\/casamimosa-grancanaria.com\/it\/wp-json\/wp\/v2\/pages"}],"about":[{"href":"https:\/\/casamimosa-grancanaria.com\/it\/wp-json\/wp\/v2\/types\/page"}],"author":[{"embeddable":true,"href":"https:\/\/casamimosa-grancanaria.com\/it\/wp-json\/wp\/v2\/users\/1"}],"replies":[{"embeddable":true,"href":"https:\/\/casamimosa-grancanaria.com\/it\/wp-json\/wp\/v2\/comments?post=196"}],"version-history":[{"count":1,"href":"https:\/\/casamimosa-grancanaria.com\/it\/wp-json\/wp\/v2\/pages\/196\/revisions"}],"predecessor-version":[{"id":197,"href":"https:\/\/casamimosa-grancanaria.com\/it\/wp-json\/wp\/v2\/pages\/196\/revisions\/197"}],"wp:attachment":[{"href":"https:\/\/casamimosa-grancanaria.com\/it\/wp-json\/wp\/v2\/media?parent=196"}],"curies":[{"name":"wp","href":"https:\/\/api.w.org\/{rel}","templated":true}]}}