{"id":185,"date":"2023-06-14T19:28:26","date_gmt":"2023-06-14T19:28:26","guid":{"rendered":"https:\/\/casamimosa-grancanaria.com\/?page_id=185"},"modified":"2024-08-04T20:02:16","modified_gmt":"2024-08-04T20:02:16","slug":"casa-vacanze-con-piscina-privata-a-gran-canaria","status":"publish","type":"page","link":"https:\/\/casamimosa-grancanaria.com\/it\/casa-vacanze-con-piscina-privata-a-gran-canaria\/","title":{"rendered":"Casa vacanze con piscina privata a Gran Canaria"},"content":{"rendered":"\n<figure class=\"wp-block-image size-large\"><img loading=\"lazy\" decoding=\"async\" width=\"1024\" height=\"767\" src=\"https:\/\/casamimosa-grancanaria.com\/wp-content\/uploads\/2023\/07\/Piscina1-1024x767.jpeg\" alt=\"Casa vacanze con piscina privata a Gran Canaria\" class=\"wp-image-909\" srcset=\"https:\/\/casamimosa-grancanaria.com\/wp-content\/uploads\/2023\/07\/Piscina1-1024x767.jpeg 1024w, https:\/\/casamimosa-grancanaria.com\/wp-content\/uploads\/2023\/07\/Piscina1-300x225.jpeg 300w, https:\/\/casamimosa-grancanaria.com\/wp-content\/uploads\/2023\/07\/Piscina1-768x576.jpeg 768w, https:\/\/casamimosa-grancanaria.com\/wp-content\/uploads\/2023\/07\/Piscina1-1536x1151.jpeg 1536w, https:\/\/casamimosa-grancanaria.com\/wp-content\/uploads\/2023\/07\/Piscina1-747x560.jpeg 747w, https:\/\/casamimosa-grancanaria.com\/wp-content\/uploads\/2023\/07\/Piscina1.jpeg 1995w\" sizes=\"auto, (max-width: 1024px) 100vw, 1024px\" \/><\/figure>\n\n\n\n<h2 class=\"wp-block-heading\">Benvenuti a Casa Mimosa<\/h2>\n\n\n\n<p>Questa incantevole casa vacanze nella pittoresca Valle dell&#8217;Agaete a Gran Canaria offre un mix perfetto di comfort, tranquillit\u00e0 e bellezza naturale. Con la sua piscina privata e l&#8217;ambiente idilliaco, Casa Mimosa \u00e8 il rifugio ideale per chi cerca relax e la possibilit\u00e0 di riconnettersi con la natura.<\/p>\n\n\n\n<h2 class=\"wp-block-heading\">Rilassatevi nel comfort<\/h2>\n\n\n\n<p>Entrate nella nostra casa vacanze arredata con gusto e scoprite un&#8217;oasi di comfort. L&#8217;interno \u00e8 caratterizzato da un&#8217;ampia zona giorno con comodi posti a sedere, perfetta per le serate di relax con i vostri cari. La cucina completamente attrezzata offre tutti i comfort necessari per preparare pasti deliziosi durante il vostro soggiorno. Potrete cenare all&#8217;aperto sulla terrazza o godervi un barbecue a bordo piscina.<\/p>\n\n\n\n<div class=\"wp-block-buttons alignwide is-content-justification-center is-layout-flex wp-container-core-buttons-is-layout-16018d1d wp-block-buttons-is-layout-flex\">\n<div class=\"wp-block-button has-custom-width wp-block-button__width-25\"><a class=\"wp-block-button__link wp-element-button\" href=\"\/it\/prenotazioni\/\" target=\"_blank\" rel=\"noreferrer noopener\">vedere disponibilit\u00e0<\/a><\/div>\n<\/div>\n\n\n\n<h2 class=\"wp-block-heading\">La vostra piscina privata a Gran Canaria<\/h2>\n\n\n\n<p>Uno dei punti forti di Casa Mimosa \u00e8 la piscina privata e il solarium. Immergetevi nelle acque rinfrescanti o semplicemente sdraiatevi sui lettini per godervi il caldo sole di Gran Canaria. Il piccolo e tranquillo giardino offre un ambiente tranquillo, ideale per leggere un libro o fare una siesta.<\/p>\n\n\n\n<h2 class=\"wp-block-heading\">Posizione comoda<\/h2>\n\n\n\n<p>Casa Mimosa gode di una posizione comoda, che offre privacy e facile accesso ai servizi nelle vicinanze. Il villaggio \u00e8 a portata di mano e offre negozi, ristoranti e uno sguardo alla cultura locale. Per chi preferisce uno stile di vita senza auto, la vicinanza di Casa Mimosa al porto di Agaete consente di esplorare facilmente la zona a piedi, in autobus o in bicicletta.<\/p>\n\n\n\n<div class=\"wp-block-buttons alignwide is-content-justification-center is-layout-flex wp-container-core-buttons-is-layout-16018d1d wp-block-buttons-is-layout-flex\">\n<div class=\"wp-block-button has-custom-width wp-block-button__width-25\"><a class=\"wp-block-button__link wp-element-button\" href=\"\/it\/prenotazioni\/\" target=\"_blank\" rel=\"noreferrer noopener\">prenota ora<\/a><\/div>\n<\/div>\n\n\n\n<h2 class=\"wp-block-heading\">La vostra casa lontano da casa<\/h2>\n\n\n\n<p>A Casa Mimosa ci impegniamo a rendere il vostro soggiorno confortevole e memorabile. La nostra casa vacanze \u00e8 dotata di comfort moderni, tra cui la connessione Wi-Fi gratuita, che vi permetter\u00e0 di rimanere connessi durante la vostra vacanza o nel caso in cui vogliate lavorare da l\u00ec. Con la sua atmosfera serena, i dintorni pittoreschi e la piscina privata, Casa Mimosa offre una fuga perfetta per coppie, famiglie o amici.<\/p>\n\n\n\n<h3 class=\"wp-block-heading\">Caratteristiche principali della casa vacanze:<\/h3>\n\n\n\n<ul class=\"wp-block-list\">\n<li>Piscina privata e solarium<\/li>\n\n\n\n<li>Zona giorno arredata con gusto<\/li>\n\n\n\n<li>Cucina completamente attrezzata<\/li>\n\n\n\n<li>Due camere da letto per 4 persone<\/li>\n\n\n\n<li>Giardino tranquillo per il relax<\/li>\n\n\n\n<li>Vicinanza ai sentieri escursionistici e al porto di Agaete<\/li>\n\n\n\n<li>Comodo accesso ai servizi del villaggio<\/li>\n\n\n\n<li>Wi-Fi gratuito per telelavorare o semplicemente per rimanere connessi<\/li>\n<\/ul>\n\n\n\n<h2 class=\"wp-block-heading\">Prenotate la nostra casa per le vostre vacanze a Gran Canaria<\/h2>\n\n\n\n<p><a href=\"\/it\/prenotazioni\">Prenotate il vostro soggiorno a Casa Mimosa<\/a> e scoprite la bellezza di Gran Canaria godendovi il comfort di una casa vacanze privata con piscina. Sperimentate la miscela perfetta di relax, avventura e splendore naturale.<\/p>\n","protected":false},"excerpt":{"rendered":"<p>Benvenuti a Casa Mimosa Questa incantevole casa vacanze nella pittoresca Valle dell&#8217;Agaete a Gran Canaria offre un mix perfetto di comfort, tranquillit\u00e0 e bellezza naturale. Con la sua piscina privata e l&#8217;ambiente idilliaco, Casa Mimosa \u00e8 il rifugio ideale per chi cerca relax e la possibilit\u00e0 di riconnettersi con la natura. Rilassatevi nel comfort Entrate &hellip; <a href=\"https:\/\/casamimosa-grancanaria.com\/it\/casa-vacanze-con-piscina-privata-a-gran-canaria\/\" class=\"more-link\">Continue reading<span class=\"screen-reader-text\"> &#8220;Casa vacanze con piscina privata a Gran Canaria&#8221;<\/span><\/a><\/p>\n","protected":false},"author":1,"featured_media":0,"parent":0,"menu_order":0,"comment_status":"closed","ping_status":"closed","template":"","meta":{"footnotes":""},"class_list":["post-185","page","type-page","status-publish","hentry"],"_links":{"self":[{"href":"https:\/\/casamimosa-grancanaria.com\/it\/wp-json\/wp\/v2\/pages\/185","targetHints":{"allow":["GET"]}}],"collection":[{"href":"https:\/\/casamimosa-grancanaria.com\/it\/wp-json\/wp\/v2\/pages"}],"about":[{"href":"https:\/\/casamimosa-grancanaria.com\/it\/wp-json\/wp\/v2\/types\/page"}],"author":[{"embeddable":true,"href":"https:\/\/casamimosa-grancanaria.com\/it\/wp-json\/wp\/v2\/users\/1"}],"replies":[{"embeddable":true,"href":"https:\/\/casamimosa-grancanaria.com\/it\/wp-json\/wp\/v2\/comments?post=185"}],"version-history":[{"count":4,"href":"https:\/\/casamimosa-grancanaria.com\/it\/wp-json\/wp\/v2\/pages\/185\/revisions"}],"predecessor-version":[{"id":2157,"href":"https:\/\/casamimosa-grancanaria.com\/it\/wp-json\/wp\/v2\/pages\/185\/revisions\/2157"}],"wp:attachment":[{"href":"https:\/\/casamimosa-grancanaria.com\/it\/wp-json\/wp\/v2\/media?parent=185"}],"curies":[{"name":"wp","href":"https:\/\/api.w.org\/{rel}","templated":true}]}}