{"id":1794,"date":"2024-02-17T15:46:44","date_gmt":"2024-02-17T15:46:44","guid":{"rendered":"https:\/\/casamimosa-grancanaria.com\/?page_id=1794"},"modified":"2026-02-04T19:06:38","modified_gmt":"2026-02-04T19:06:38","slug":"informazioni-per-gli-ospiti","status":"publish","type":"page","link":"https:\/\/casamimosa-grancanaria.com\/it\/informazioni-per-gli-ospiti\/","title":{"rendered":"Informazioni per gli ospiti"},"content":{"rendered":"\n<div class=\"wp-block-rank-math-toc-block\" id=\"rank-math-toc\"><h2>Indice<\/h2><nav><ul><li class=\"\"><a href=\"#solarium-e-piscina\">Solarium e piscina<\/a><\/li><li class=\"\"><a href=\"#mantenere-la-casa-fresca-in-estate\">Mantenere la casa fresca in estate<\/a><\/li><li class=\"\"><a href=\"#libri\">Libri<\/a><\/li><li class=\"\"><a href=\"#cibo\">Cibo<\/a><\/li><li class=\"\"><a href=\"#giochi\">Giochi<\/a><\/li><li class=\"\"><a href=\"#acqua-potabile\">Acqua potabile<\/a><\/li><li class=\"\"><a href=\"#rilevatori-di-fumo\">Rilevatori di fumo<\/a><\/li><\/ul><\/nav><\/div>\n\n\n\n<div class=\"wp-block-media-text has-media-on-the-right is-stacked-on-mobile\"><div class=\"wp-block-media-text__content\">\n<h2 class=\"wp-block-heading\" id=\"solarium-e-piscina\">Solarium e piscina<\/h2>\n<\/div><figure class=\"wp-block-media-text__media\"><img loading=\"lazy\" decoding=\"async\" width=\"1024\" height=\"881\" src=\"https:\/\/casamimosa-grancanaria.com\/wp-content\/uploads\/2024\/08\/20240407200300269-1024x881.jpg\" alt=\"\" class=\"wp-image-2203 size-full\" srcset=\"https:\/\/casamimosa-grancanaria.com\/wp-content\/uploads\/2024\/08\/20240407200300269-1024x881.jpg 1024w, https:\/\/casamimosa-grancanaria.com\/wp-content\/uploads\/2024\/08\/20240407200300269-300x258.jpg 300w, https:\/\/casamimosa-grancanaria.com\/wp-content\/uploads\/2024\/08\/20240407200300269-768x661.jpg 768w, https:\/\/casamimosa-grancanaria.com\/wp-content\/uploads\/2024\/08\/20240407200300269-1536x1321.jpg 1536w, https:\/\/casamimosa-grancanaria.com\/wp-content\/uploads\/2024\/08\/20240407200300269-2048x1762.jpg 2048w, https:\/\/casamimosa-grancanaria.com\/wp-content\/uploads\/2024\/08\/20240407200300269-651x560.jpg 651w, https:\/\/casamimosa-grancanaria.com\/wp-content\/uploads\/2024\/08\/20240407200300269-2000x1720.jpg 2000w\" sizes=\"auto, (max-width: 1024px) 100vw, 1024px\" \/><\/figure><\/div>\n\n\n\n<p>Non c&#8217;\u00e8 niente di meglio che sdraiarsi al sole dopo una nuotata in piscina. Abbiamo reso le nostre sedie a sdraio il pi\u00f9 confortevoli possibile, con cuscini che renderanno pi\u00f9 piacevole la vostra siesta. Li troverete in fondo all&#8217;armadio vicino alla porta del bagno.&nbsp;<\/p>\n\n\n\n<p>Non \u00e8 necessario portare il proprio telo da piscina. Per non dovervi asciugare con l&#8217;asciugamano della doccia quando utilizzate la piscina e il solarium, sono disponibili asciugamani in microfibra ad asciugatura ultrarapida. Ricordatevi di usarli anche per proteggere i cuscini dei lettini. I prossimi utenti vi ringrazieranno.<\/p>\n\n\n\n<hr class=\"wp-block-separator has-alpha-channel-opacity\"\/>\n\n\n\n<div class=\"wp-block-media-text is-stacked-on-mobile\"><figure class=\"wp-block-media-text__media\"><img loading=\"lazy\" decoding=\"async\" width=\"1024\" height=\"768\" src=\"https:\/\/casamimosa-grancanaria.com\/wp-content\/uploads\/2024\/08\/20240828185442335-1024x768.jpg\" alt=\"\" class=\"wp-image-2191 size-full\" srcset=\"https:\/\/casamimosa-grancanaria.com\/wp-content\/uploads\/2024\/08\/20240828185442335-1024x768.jpg 1024w, https:\/\/casamimosa-grancanaria.com\/wp-content\/uploads\/2024\/08\/20240828185442335-300x225.jpg 300w, https:\/\/casamimosa-grancanaria.com\/wp-content\/uploads\/2024\/08\/20240828185442335-768x576.jpg 768w, https:\/\/casamimosa-grancanaria.com\/wp-content\/uploads\/2024\/08\/20240828185442335-1536x1152.jpg 1536w, https:\/\/casamimosa-grancanaria.com\/wp-content\/uploads\/2024\/08\/20240828185442335-2048x1536.jpg 2048w, https:\/\/casamimosa-grancanaria.com\/wp-content\/uploads\/2024\/08\/20240828185442335-747x560.jpg 747w, https:\/\/casamimosa-grancanaria.com\/wp-content\/uploads\/2024\/08\/20240828185442335-2000x1500.jpg 2000w\" sizes=\"auto, (max-width: 1024px) 100vw, 1024px\" \/><\/figure><div class=\"wp-block-media-text__content\">\n<h2 class=\"wp-block-heading\" id=\"mantenere-la-casa-fresca-in-estate\">Mantenere la casa fresca in estate<\/h2>\n<\/div><\/div>\n\n\n\n<p>Quest&#8217;anno abbiamo rinnovato tutte le finestre della casa e abbiamo installato persiane in legno di iroko che bloccano la radiazione solare e permettono una buona ventilazione. Per evitare che la casa si surriscaldi nelle giornate estive pi\u00f9 calde, ricordate di tenere chiuse tutte le persiane del piano superiore durante il giorno, soprattutto in presenza di luce solare diretta. Cercate, se possibile, di tenere chiuse anche le persiane del piano inferiore, soprattutto quando cala la sera e il sole splende direttamente sulle porte del giardino. Di notte, lasciate le finestre aperte per creare correnti d&#8217;aria, in modo che la casa si raffreddi. Anche se questa zona \u00e8 molto sicura, potreste sentirvi pi\u00f9 a vostro agio con le persiane chiuse di notte. Nessun problema: in questo modo non si ostacola la circolazione dell&#8217;aria e si abbassa la temperatura interna della casa. Se durante la notte sentite ancora caldo, ci sono ventilatori in entrambe le camere da letto.&nbsp;<\/p>\n\n\n\n<p>La Valle di Agaete pu\u00f2 essere molto ventosa: assicuratevi di tenere le finestre e le persiane sempre allacciate in modo che non tintinnino.<\/p>\n\n\n\n<hr class=\"wp-block-separator has-alpha-channel-opacity\"\/>\n\n\n\n<div class=\"wp-block-media-text has-media-on-the-right is-stacked-on-mobile\"><div class=\"wp-block-media-text__content\">\n<h2 class=\"wp-block-heading\" id=\"libri\">Libri<\/h2>\n<\/div><figure class=\"wp-block-media-text__media\"><img loading=\"lazy\" decoding=\"async\" width=\"1024\" height=\"768\" src=\"https:\/\/casamimosa-grancanaria.com\/wp-content\/uploads\/2024\/08\/20240828183853370-1024x768.jpg\" alt=\"\" class=\"wp-image-2164 size-full\" srcset=\"https:\/\/casamimosa-grancanaria.com\/wp-content\/uploads\/2024\/08\/20240828183853370-1024x768.jpg 1024w, https:\/\/casamimosa-grancanaria.com\/wp-content\/uploads\/2024\/08\/20240828183853370-300x225.jpg 300w, https:\/\/casamimosa-grancanaria.com\/wp-content\/uploads\/2024\/08\/20240828183853370-768x576.jpg 768w, https:\/\/casamimosa-grancanaria.com\/wp-content\/uploads\/2024\/08\/20240828183853370-1536x1152.jpg 1536w, https:\/\/casamimosa-grancanaria.com\/wp-content\/uploads\/2024\/08\/20240828183853370-2048x1536.jpg 2048w, https:\/\/casamimosa-grancanaria.com\/wp-content\/uploads\/2024\/08\/20240828183853370-747x560.jpg 747w, https:\/\/casamimosa-grancanaria.com\/wp-content\/uploads\/2024\/08\/20240828183853370-2000x1500.jpg 2000w\" sizes=\"auto, (max-width: 1024px) 100vw, 1024px\" \/><\/figure><\/div>\n\n\n\n<p>Durante i viaggi porto sempre con me un paio di libri, ma a volte mi capita di rimanere a corto di cose da leggere. In questi casi, se capisco la lingua, cerco di trovare qualcosa che mi interessi nelle librerie locali. Ma non \u00e8 sempre facile.<\/p>\n\n\n\n<p>Viaggiando in modalit\u00e0 low-cost ho scoperto che in molti ostelli ci sono i libri che gli ex ospiti hanno lasciato. A volte si possono anche portare con s\u00e9. Per questo ho deciso di tenere in casa libri in diverse lingue, in modo che i miei ospiti abbiano sempre qualcosa da leggere e non debbano ricorrere alla TV o a TikTok. Come potete vedere, a Casa Mimosa ci siamo impegnati a tenervi lontani dagli schermi durante le vacanze.<\/p>\n\n\n\n<p>I libri che troverete nell&#8217;armadio blu sono qui per voi. Se avete lasciato a casa il vostro romanzo, o l&#8217;avete finito e non avete nulla da leggere, o vi \u00e8 caduto l&#8217;e-book in mare e un pesce relitto l&#8217;ha divorato, o magari il vostro cellulare si \u00e8 rotto e non potete pi\u00f9 guardare Instagram. Non preoccupatevi. Scegliete il libro che vi interessa di pi\u00f9 e leggetelo durante il vostro soggiorno. Se lo fate, osservate le seguenti regole.<\/p>\n\n\n\n<ul class=\"wp-block-list\">\n<li>Abbiate cura del libro, non piegate le pagine e non sottolineatele. Pensate al prossimo ospite.<br>Quando avete finito di leggerlo, rimettetelo al suo posto. Se volete, lasciate un biglietto per il prossimo lettore. Sar\u00e0 felice di trovarlo.<\/li>\n\n\n\n<li>Arriva il giorno della partenza e vi mancano ancora cento pagine per finire il romanzo? In questo caso avete la mia benedizione per portare il libro con voi. Sarebbe bello se in cambio lasciaste un altro libro con caratteristiche simili. Cio\u00e8, non un trattato di fisica quantistica in giapponese, ma un romanzo pi\u00f9 o meno leggero in una di queste lingue: inglese, tedesco, francese, olandese, italiano o spagnolo.<\/li>\n\n\n\n<li>Avete perso la testa a comprare souvenir e la vostra valigia non ci sta? Naturalmente potete lasciarci il romanzo che avete finito di leggere e che non volete tenere. Grazie per aver contribuito alla nostra piccola biblioteca.<\/li>\n<\/ul>\n\n\n\n<p><strong>E ricordate<\/strong>: se avete trovato il libro in casa, \u00e8 perch\u00e9 l&#8217;utente precedente se ne \u00e8 preso cura e lo ha lasciato al suo posto. Pensate al vostro karma. I futuri utenti vi ringrazieranno per questo.<\/p>\n\n\n\n<hr class=\"wp-block-separator has-alpha-channel-opacity\"\/>\n\n\n\n<div class=\"wp-block-media-text is-stacked-on-mobile\"><figure class=\"wp-block-media-text__media\"><img loading=\"lazy\" decoding=\"async\" width=\"1024\" height=\"768\" src=\"https:\/\/casamimosa-grancanaria.com\/wp-content\/uploads\/2024\/08\/20240828183853317-1024x768.jpg\" alt=\"\" class=\"wp-image-2172 size-full\" srcset=\"https:\/\/casamimosa-grancanaria.com\/wp-content\/uploads\/2024\/08\/20240828183853317-1024x768.jpg 1024w, https:\/\/casamimosa-grancanaria.com\/wp-content\/uploads\/2024\/08\/20240828183853317-300x225.jpg 300w, https:\/\/casamimosa-grancanaria.com\/wp-content\/uploads\/2024\/08\/20240828183853317-768x576.jpg 768w, https:\/\/casamimosa-grancanaria.com\/wp-content\/uploads\/2024\/08\/20240828183853317-1536x1152.jpg 1536w, https:\/\/casamimosa-grancanaria.com\/wp-content\/uploads\/2024\/08\/20240828183853317-2048x1536.jpg 2048w, https:\/\/casamimosa-grancanaria.com\/wp-content\/uploads\/2024\/08\/20240828183853317-747x560.jpg 747w, https:\/\/casamimosa-grancanaria.com\/wp-content\/uploads\/2024\/08\/20240828183853317-2000x1500.jpg 2000w\" sizes=\"auto, (max-width: 1024px) 100vw, 1024px\" \/><\/figure><div class=\"wp-block-media-text__content\">\n<h2 class=\"wp-block-heading\" id=\"cibo\">Cibo<\/h2>\n<\/div><\/div>\n\n\n\n<p>A Casa Mimosa cercheremo di farvi trovare sempre t\u00e8, caff\u00e8, zucchero, sale e olio al vostro arrivo. Se trovate altro \u00e8 perch\u00e9 gli ospiti precedenti hanno calcolato male i loro acquisti e non hanno potuto portarlo con s\u00e9.<\/p>\n\n\n\n<p>Prendete quello che volete, ma sappiate che non possiamo essere ritenuti responsabili delle condizioni dei prodotti. Tutti gli alimenti freschi o le confezioni lasciate aperte (ad eccezione del caff\u00e8 e dell&#8217;olio) e che non sono in confezioni monodose dovranno essere buttati via.<\/p>\n\n\n\n<hr class=\"wp-block-separator has-alpha-channel-opacity\"\/>\n\n\n\n<div class=\"wp-block-media-text has-media-on-the-right is-stacked-on-mobile\"><div class=\"wp-block-media-text__content\">\n<h2 class=\"wp-block-heading\" id=\"giochi\">Giochi<\/h2>\n<\/div><figure class=\"wp-block-media-text__media\"><img loading=\"lazy\" decoding=\"async\" width=\"1024\" height=\"768\" src=\"https:\/\/casamimosa-grancanaria.com\/wp-content\/uploads\/2024\/08\/20240828183853331-1024x768.jpg\" alt=\"\" class=\"wp-image-2178 size-full\" srcset=\"https:\/\/casamimosa-grancanaria.com\/wp-content\/uploads\/2024\/08\/20240828183853331-1024x768.jpg 1024w, https:\/\/casamimosa-grancanaria.com\/wp-content\/uploads\/2024\/08\/20240828183853331-300x225.jpg 300w, https:\/\/casamimosa-grancanaria.com\/wp-content\/uploads\/2024\/08\/20240828183853331-768x576.jpg 768w, https:\/\/casamimosa-grancanaria.com\/wp-content\/uploads\/2024\/08\/20240828183853331-1536x1152.jpg 1536w, https:\/\/casamimosa-grancanaria.com\/wp-content\/uploads\/2024\/08\/20240828183853331-2048x1536.jpg 2048w, https:\/\/casamimosa-grancanaria.com\/wp-content\/uploads\/2024\/08\/20240828183853331-747x560.jpg 747w, https:\/\/casamimosa-grancanaria.com\/wp-content\/uploads\/2024\/08\/20240828183853331-2000x1500.jpg 2000w\" sizes=\"auto, (max-width: 1024px) 100vw, 1024px\" \/><\/figure><\/div>\n\n\n\n<p>Ci auguriamo che la selezione di giochi da tavolo che abbiamo preparato per voi sia di vostro gradimento. Se state trascorrendo una vacanza in famiglia e siete alla ricerca di un&#8217;attivit\u00e0 da svolgere dopo cena o se soggiornate in caso di maltempo e decidete di rimanere a casa, non esitate a utilizzare i giochi.<\/p>\n\n\n\n<p>C&#8217;\u00e8 qualcosa di pi\u00f9 deludente che aprire un gioco e rendersi conto che non si pu\u00f2 giocare a causa di pezzi mancanti o rotti? Per questo vi invitiamo caldamente:<\/p>\n\n\n\n<ul class=\"wp-block-list\">\n<li>Quando avete finito di giocare, lasciate i giochi come li avete trovati, ognuno ben chiuso nella sua scatola.<\/li>\n\n\n\n<li>Contate i pezzi e assicuratevi che ogni set sia completo.<\/li>\n\n\n\n<li>Abbiate cura della scatola e fate in modo che i vostri figli piccoli non la danneggino.<\/li>\n<\/ul>\n\n\n\n<p><strong>E ricordate<\/strong>: se siete riusciti a giocare, \u00e8 perch\u00e9 l&#8217;utente precedente si \u00e8 preso cura del gioco. I futuri utenti vi ringrazieranno per questo.<\/p>\n\n\n\n<p>Prendetene uno e iniziate a giocare: perch\u00e9 isolarsi davanti allo schermo quando si pu\u00f2 condividere una serata di giochi insieme?<\/p>\n\n\n\n<hr class=\"wp-block-separator has-alpha-channel-opacity\"\/>\n\n\n\n<div class=\"wp-block-media-text is-stacked-on-mobile\"><figure class=\"wp-block-media-text__media\"><img loading=\"lazy\" decoding=\"async\" width=\"1024\" height=\"728\" src=\"https:\/\/casamimosa-grancanaria.com\/wp-content\/uploads\/2024\/08\/20240828185157503-1024x728.jpg\" alt=\"\" class=\"wp-image-2197 size-full\" srcset=\"https:\/\/casamimosa-grancanaria.com\/wp-content\/uploads\/2024\/08\/20240828185157503-1024x728.jpg 1024w, https:\/\/casamimosa-grancanaria.com\/wp-content\/uploads\/2024\/08\/20240828185157503-300x213.jpg 300w, https:\/\/casamimosa-grancanaria.com\/wp-content\/uploads\/2024\/08\/20240828185157503-768x546.jpg 768w, https:\/\/casamimosa-grancanaria.com\/wp-content\/uploads\/2024\/08\/20240828185157503-1536x1091.jpg 1536w, https:\/\/casamimosa-grancanaria.com\/wp-content\/uploads\/2024\/08\/20240828185157503-2048x1455.jpg 2048w, https:\/\/casamimosa-grancanaria.com\/wp-content\/uploads\/2024\/08\/20240828185157503-788x560.jpg 788w, https:\/\/casamimosa-grancanaria.com\/wp-content\/uploads\/2024\/08\/20240828185157503-2000x1421.jpg 2000w\" sizes=\"auto, (max-width: 1024px) 100vw, 1024px\" \/><\/figure><div class=\"wp-block-media-text__content\">\n<h2 class=\"wp-block-heading\" id=\"acqua-potabile\">Acqua potabile<\/h2>\n<\/div><\/div>\n\n\n\n<p>L&#8217;acqua del rubinetto di Casa Mimosa \u00e8 perfettamente sicura per il consumo umano. Provatela. Vi invitiamo a utilizzare la caraffa per tenerla fresca in frigorifero o a portarla in tavola durante i pasti. In questo modo eviterete di acquistare e trasportare brocche e bottiglie d&#8217;acqua, con tutto l&#8217;inquinamento e lo spreco di energia che ci\u00f2 comporta.<\/p>\n\n\n\n<p>Vi hanno consigliato di acquistare acqua in bottiglia? In questo articolo vi spiego perch\u00e9 i canari continuano a comprare acqua in bottiglia.<\/p>\n\n\n\n<div class=\"wp-block-media-text has-media-on-the-right is-stacked-on-mobile\"><div class=\"wp-block-media-text__content\">\n<h2 class=\"wp-block-heading\" id=\"rilevatori-di-fumo\">Rilevatori di fumo<\/h2>\n<\/div><figure class=\"wp-block-media-text__media\"><img loading=\"lazy\" decoding=\"async\" width=\"513\" height=\"431\" src=\"https:\/\/casamimosa-grancanaria.com\/wp-content\/uploads\/2026\/02\/Detector-humos.jpg\" alt=\"\" class=\"wp-image-2580 size-full\" srcset=\"https:\/\/casamimosa-grancanaria.com\/wp-content\/uploads\/2026\/02\/Detector-humos.jpg 513w, https:\/\/casamimosa-grancanaria.com\/wp-content\/uploads\/2026\/02\/Detector-humos-300x252.jpg 300w\" sizes=\"auto, (max-width: 513px) 100vw, 513px\" \/><\/figure><\/div>\n\n\n\n<p>Nella casa ci sono tre rilevatori di fumo: uno in ogni camera e uno in salotto. Per la vostra sicurezza e quella dei vicini, tutti e tre sono attivati e dotati di batteria. Se uno di essi dovesse iniziare a emettere un <strong>segnale acustico sporadico a basso volume<\/strong>, vi preghiamo di comunicarcelo immediatamente. Ci\u00f2 significa che la batteria si sta esaurendo e dovremo sostituirla durante la prossima pulizia. Se non la sostituiamo, riprender\u00e0 a emettere un segnale acustico un altro giorno e cos\u00ec via fino a quando la batteria non sar\u00e0 esaurita.<\/p>\n\n\n\n<p>Nel caso in cui uno dei rilevatori inizi a emettere un<strong> forte segnale acustico di allarme<\/strong> senza che ci sia fumo nella stanza, \u00e8 possibile che qualche insetto sia entrato e lo abbia fatto scattare. In tal caso, vi preghiamo di mantenere la calma. Andate in cortile a prendere la scopa e con il manico provate a premere il pulsante che si trova al centro del rilevatore. In questo modo il segnale si spegner\u00e0. Se ci\u00f2 dovesse accadere, non esitate a avvisarci.<\/p>\n","protected":false},"excerpt":{"rendered":"<p>Solarium e piscina Non c&#8217;\u00e8 niente di meglio che sdraiarsi al sole dopo una nuotata in piscina. Abbiamo reso le nostre sedie a sdraio il pi\u00f9 confortevoli possibile, con cuscini che renderanno pi\u00f9 piacevole la vostra siesta. Li troverete in fondo all&#8217;armadio vicino alla porta del bagno.&nbsp; Non \u00e8 necessario portare il proprio telo da &hellip; <a href=\"https:\/\/casamimosa-grancanaria.com\/it\/informazioni-per-gli-ospiti\/\" class=\"more-link\">Continue reading<span class=\"screen-reader-text\"> &#8220;Informazioni per gli ospiti&#8221;<\/span><\/a><\/p>\n","protected":false},"author":1,"featured_media":0,"parent":0,"menu_order":0,"comment_status":"closed","ping_status":"closed","template":"","meta":{"footnotes":""},"class_list":["post-1794","page","type-page","status-publish","hentry"],"_links":{"self":[{"href":"https:\/\/casamimosa-grancanaria.com\/it\/wp-json\/wp\/v2\/pages\/1794","targetHints":{"allow":["GET"]}}],"collection":[{"href":"https:\/\/casamimosa-grancanaria.com\/it\/wp-json\/wp\/v2\/pages"}],"about":[{"href":"https:\/\/casamimosa-grancanaria.com\/it\/wp-json\/wp\/v2\/types\/page"}],"author":[{"embeddable":true,"href":"https:\/\/casamimosa-grancanaria.com\/it\/wp-json\/wp\/v2\/users\/1"}],"replies":[{"embeddable":true,"href":"https:\/\/casamimosa-grancanaria.com\/it\/wp-json\/wp\/v2\/comments?post=1794"}],"version-history":[{"count":5,"href":"https:\/\/casamimosa-grancanaria.com\/it\/wp-json\/wp\/v2\/pages\/1794\/revisions"}],"predecessor-version":[{"id":2599,"href":"https:\/\/casamimosa-grancanaria.com\/it\/wp-json\/wp\/v2\/pages\/1794\/revisions\/2599"}],"wp:attachment":[{"href":"https:\/\/casamimosa-grancanaria.com\/it\/wp-json\/wp\/v2\/media?parent=1794"}],"curies":[{"name":"wp","href":"https:\/\/api.w.org\/{rel}","templated":true}]}}