{"id":1327,"date":"2023-09-07T19:44:50","date_gmt":"2023-09-07T19:44:50","guid":{"rendered":"https:\/\/casamimosa-grancanaria.com\/?page_id=1327"},"modified":"2025-02-02T19:45:36","modified_gmt":"2025-02-02T19:45:36","slug":"regole-della-casa","status":"publish","type":"page","link":"https:\/\/casamimosa-grancanaria.com\/it\/regole-della-casa\/","title":{"rendered":"Regole della casa"},"content":{"rendered":"\n<p>Prenotando un soggiorno a Casa Mimosa si dichiara di aderire al presente regolamento della casa. La loro osservanza \u00e8 un obbligo durante il soggiorno e la loro mancata osservanza pu\u00f2 comportare sanzioni come la detrazione dal deposito cauzionale o richieste di risarcimento tramite la piattaforma di prenotazione..&nbsp;<\/p>\n\n\n\n<h2 class=\"wp-block-heading\">1- REQUISITI GENERALI&nbsp;<\/h2>\n\n\n\n<ul class=\"wp-block-list\">\n<li>Tutti gli ospiti (ed eventuali visitatori) devono rispettare tutte le regole della casa e qualsiasi altra istruzione della proprietaria durante il loro soggiorno.<\/li>\n\n\n\n<li>Per garantire che gli ospiti successivi trovino la casa in perfette condizioni, richiediamo una finestra di cinque ore per la pulizia e l&#8217;allestimento. Pertanto, gli orari di check-in e check-out sono rispettivamente alle 16:00 e alle 11:00. Questi orari devono essere rispettati dagli ospiti, a meno che non siano stati precedentemente concordati per iscritto con la proprietaria.<\/li>\n\n\n\n<li>La casa sar\u00e0 consegnata nelle stesse condizioni in cui \u00e8 stata ricevuta.<\/li>\n\n\n\n<li>Gli ospiti sono tenuti a comunicare alla proprietaria della struttura eventuali controversie o lamentele da parte dei vicini non appena ragionevolmente possibile.&nbsp;<\/li>\n<\/ul>\n\n\n\n<h2 class=\"wp-block-heading\"><strong>2- RUMORE&nbsp;<\/strong><\/h2>\n\n\n\n<ul class=\"wp-block-list\">\n<li>Gli ospiti e i visitatori devono ridurre al minimo il rumore per non disturbare i vicini, soprattutto durante le ore notturne (tra le 22.00 e le 8.00).<\/li>\n\n\n\n<li>Il rumore eccessivo \u00e8 vietato in ogni momento e pu\u00f2 comportare la risoluzione del contratto di locazione, lo sfratto, la perdita dell&#8217;affitto pagato e spese aggiuntive che possono essere detratte dal deposito cauzionale.<\/li>\n<\/ul>\n\n\n\n<h2 class=\"wp-block-heading\"><strong>3- VISITATORI&nbsp;<\/strong><\/h2>\n\n\n\n<ul class=\"wp-block-list\">\n<li>Durante il giorno sono ammessi al massimo 3 visitatori (occupazione massima di 7 persone).&nbsp;<\/li>\n\n\n\n<li>Non sono ammessi ulteriori visitatori notturni se si supera il limite massimo di 4 persone.<\/li>\n\n\n\n<li>Sono vietate feste e grandi assembramenti di qualsiasi tipo.<\/li>\n\n\n\n<li>Eventuali piccoli raduni devono rispettare le regole di cui sopra in materia di rumore, vicinato e numero di visitatori.&nbsp;<\/li>\n<\/ul>\n\n\n\n<h2 class=\"wp-block-heading\"><strong>4- PARCHEGGIO<\/strong><\/h2>\n\n\n\n<ul class=\"wp-block-list\">\n<li>Gli ospiti e i visitatori devono rispettare le regole del parcheggio e avere riguardo per i vicini e gli altri veicoli.<\/li>\n<\/ul>\n\n\n\n<h2 class=\"wp-block-heading\"><strong>5- SICUREZZA&nbsp;<\/strong><\/h2>\n\n\n\n<ul class=\"wp-block-list\">\n<li>Questa casa \u00e8 adatta a bambini di qualsiasi et\u00e0. Gli adulti che accompagnano i bambini sono pienamente responsabili della loro sicurezza in ogni momento.<\/li>\n\n\n\n<li>Ogni volta che gli ospiti lasciano la casa, \u00e8 loro responsabilit\u00e0 assicurarsi che tutte le finestre e le porte siano chiuse in modo sicuro per mantenere la sicurezza e prevenire danni da pioggia e acqua.&nbsp;<\/li>\n\n\n\n<li>Non lasciate mai la chiave di casa nella serratura. Se la porta viene chiusa accidentalmente mentre si \u00e8 fuori casa, sar\u00e0 necessario chiamare un fabbro. In questi casi, i costi del fabbro sono a carico degli ospiti.<\/li>\n\n\n\n<li>Gli ospiti devono spegnere luci, ventilatori e dispositivi elettronici come il televisore quando non sono in uso per motivi di sicurezza e per evitare sprechi di energia.<\/li>\n<\/ul>\n\n\n\n<h2 class=\"wp-block-heading\"><strong>6- PISCINA&nbsp;<\/strong><\/h2>\n\n\n\n<ul class=\"wp-block-list\">\n<li>Gli ospiti devono sorvegliare neonati e bambini in ogni momento e non permettere loro di arrampicarsi o correre intorno ai bordi della piscina per il rischio di caduta.<\/li>\n\n\n\n<li>Il pulitore della piscina potrebbe essere presente durante il vostro soggiorno. Vi preghiamo di consentirgli l&#8217;accesso alle aree esterne della casa in modo che possa svolgere il suo lavoro.<\/li>\n<\/ul>\n\n\n\n<h2 class=\"wp-block-heading\"><strong>7- MOBILI<\/strong><\/h2>\n\n\n\n<ul class=\"wp-block-list\">\n<li>Gli ospiti devono trattare con cura i divani e tutti i tessuti della casa, soprattutto quelli di colore chiaro, per evitare macchie.<\/li>\n<\/ul>\n\n\n\n<h2 class=\"wp-block-heading\"><strong>8- DANNI E ROTTURE&nbsp;<\/strong><\/h2>\n\n\n\n<ul class=\"wp-block-list\">\n<li>Tutti i danni e le rotture devono essere segnalati al proprietario non appena ragionevolmente possibile. La mancata segnalazione pu\u00f2 comportare una penale sulla cauzione o l&#8217;avvio di un reclamo tramite la piattaforma di prenotazione.<\/li>\n\n\n\n<li>Per evitare danni e rotture, non si devono spostare i mobili da una stanza all&#8217;altra senza previo accordo.<\/li>\n\n\n\n<li>Gli asciugamani da bagno non possono essere portati fuori dalla propriet\u00e0 (ad esempio per essere utilizzati in spiaggia).<\/li>\n\n\n\n<li>Richiediamo un deposito cauzionale di 150 euro per le prenotazioni dirette. Il deposito viene automaticamente restituito alle 20:00 del giorno del check-out, a condizione che non vi siano danni o pulizie eccessive. Questo non vale per le prenotazioni tramite Airbnb e Booking.com, poich\u00e9 queste piattaforme dispongono di sistemi di arbitrato per coprire eventuali danni. <\/li>\n<\/ul>\n\n\n\n<h2 class=\"wp-block-heading\"><strong>9- FUMO&nbsp;<\/strong><\/h2>\n\n\n\n<ul class=\"wp-block-list\">\n<li>Non \u00e8 consentito fumare all&#8217;interno della casa. Se gli ospiti desiderano fumare, possono farlo nelle aree esterne, tenendo le porte chiuse per evitare che gli odori entrino in casa.<\/li>\n\n\n\n<li>I mozziconi di sigaretta devono essere smaltiti correttamente e non devono mai essere gettati nelle aree esterne.&nbsp;<\/li>\n<\/ul>\n\n\n\n<h2 class=\"wp-block-heading\"><strong>10- ANIMALI DOMESTICI<\/strong><\/h2>\n\n\n\n<ul class=\"wp-block-list\">\n<li>Accettiamo un massimo di 2 animali domestici in casa, che devono essere sempre accompagnati. Gli animali non possono essere lasciati soli in casa.<\/li>\n\n\n\n<li>Poich\u00e9 la presenza di animali richiede una pulizia molto pi\u00f9 accurata, applichiamo un supplemento di 30 euro a soggiorno. Questo supplemento non pu\u00f2 essere pagato sulla piattaforma di prenotazione, ma deve essere versato al momento del check-in.<\/li>\n\n\n\n<li>I proprietari di animali domestici sono tenuti ad assicurarsi che non salgano sui letti o sul divano. Se il personale delle pulizie trova peli di animali domestici sulle lenzuola, sugli asciugamani o sul divano, all&#8217;ospite verr\u00e0 addebitato il costo di un servizio di pulizia extra.<\/li>\n<\/ul>\n\n\n\n<h2 class=\"wp-block-heading\"><strong>11- RIFIUTI<\/strong><\/h2>\n\n\n\n<ul class=\"wp-block-list\">\n<li>Si prega di depositare i sacchetti della spazzatura <a href=\"https:\/\/maps.app.goo.gl\/P2agiZBjJa1fCv618\" data-type=\"link\" data-id=\"https:\/\/maps.app.goo.gl\/P2agiZBjJa1fCv618\" target=\"_blank\" rel=\"noopener\">negli appositi cassonetti<\/a> dell&#8217;urbanizzazione, situati sul ciglio della strada. Per quanto possibile, si prega di separare i materiali riciclabili.<\/li>\n<\/ul>\n\n\n\n<h2 class=\"wp-block-heading\"><strong>12- DISPOSIZIONI PER LA PARTENZA&nbsp;<\/strong><\/h2>\n\n\n\n<ul class=\"wp-block-list\">\n<li>Il check-out \u00e8 previsto entro le ore 11:00. Alla partenza, gli ospiti devono assicurarsi che tutte le finestre e le porte siano chiuse a chiave e lasciare le chiavi sul tavolo quando lasciano la casa. Devono inoltre assicurarsi che la porta sia ben chiusa al momento della partenza.<\/li>\n<\/ul>\n\n\n\n<h2 class=\"wp-block-heading\"><strong>13- CONTATTI DI EMERGENZA&nbsp;<\/strong><\/h2>\n\n\n\n<ul class=\"wp-block-list\">\n<li>In caso di emergenza relativa alla casa, si prega di <a href=\"mailto:info@casamimosa-grancanaria.com\" data-type=\"mailto\" data-id=\"mailto:info@casamimosa-grancanaria.com\">contattare la proprietaria via e-mail<\/a> o via WhatsApp al numero che troverete nella cartella di benvenuto. Nella cartella troverete anche i numeri telefonici di emergenza.<\/li>\n<\/ul>\n\n\n\n<h2 class=\"wp-block-heading\">CONFORMIT\u00c0<\/h2>\n\n\n\n<p>La violazione di una qualsiasi delle presenti regole della casa costituisce una violazione dei termini e delle condizioni di occupazione. La proprietaria si riserva il diritto di revocare l&#8217;autorizzazione all&#8217;occupazione e di sfrattare dalla casa vacanze gli ospiti o i visitatori che si rifiutano di rispettare le presenti regole della casa o che causano un fastidio ai vicini o agli altri residenti della comunit\u00e0.<\/p>\n","protected":false},"excerpt":{"rendered":"<p>Prenotando un soggiorno a Casa Mimosa si dichiara di aderire al presente regolamento della casa. La loro osservanza \u00e8 un obbligo durante il soggiorno e la loro mancata osservanza pu\u00f2 comportare sanzioni come la detrazione dal deposito cauzionale o richieste di risarcimento tramite la piattaforma di prenotazione..&nbsp; 1- REQUISITI GENERALI&nbsp; 2- RUMORE&nbsp; 3- VISITATORI&nbsp; 4- &hellip; <a href=\"https:\/\/casamimosa-grancanaria.com\/it\/regole-della-casa\/\" class=\"more-link\">Continue reading<span class=\"screen-reader-text\"> &#8220;Regole della casa&#8221;<\/span><\/a><\/p>\n","protected":false},"author":1,"featured_media":0,"parent":0,"menu_order":0,"comment_status":"closed","ping_status":"closed","template":"","meta":{"footnotes":""},"class_list":["post-1327","page","type-page","status-publish","hentry"],"_links":{"self":[{"href":"https:\/\/casamimosa-grancanaria.com\/it\/wp-json\/wp\/v2\/pages\/1327","targetHints":{"allow":["GET"]}}],"collection":[{"href":"https:\/\/casamimosa-grancanaria.com\/it\/wp-json\/wp\/v2\/pages"}],"about":[{"href":"https:\/\/casamimosa-grancanaria.com\/it\/wp-json\/wp\/v2\/types\/page"}],"author":[{"embeddable":true,"href":"https:\/\/casamimosa-grancanaria.com\/it\/wp-json\/wp\/v2\/users\/1"}],"replies":[{"embeddable":true,"href":"https:\/\/casamimosa-grancanaria.com\/it\/wp-json\/wp\/v2\/comments?post=1327"}],"version-history":[{"count":6,"href":"https:\/\/casamimosa-grancanaria.com\/it\/wp-json\/wp\/v2\/pages\/1327\/revisions"}],"predecessor-version":[{"id":2450,"href":"https:\/\/casamimosa-grancanaria.com\/it\/wp-json\/wp\/v2\/pages\/1327\/revisions\/2450"}],"wp:attachment":[{"href":"https:\/\/casamimosa-grancanaria.com\/it\/wp-json\/wp\/v2\/media?parent=1327"}],"curies":[{"name":"wp","href":"https:\/\/api.w.org\/{rel}","templated":true}]}}