{"id":730,"date":"2023-06-24T21:09:34","date_gmt":"2023-06-24T21:09:34","guid":{"rendered":"https:\/\/casamimosa-grancanaria.com\/welcome-to-casa-mimosa\/"},"modified":"2025-03-08T16:40:05","modified_gmt":"2025-03-08T16:40:05","slug":"welcome-to-casa-mimosa","status":"publish","type":"page","link":"https:\/\/casamimosa-grancanaria.com\/fr\/","title":{"rendered":"Bienvenue \u00e0 la Casa Mimosa"},"content":{"rendered":"\n<p class=\"has-text-align-center\">Nich\u00e9e entre les montagnes et \u00e0 deux pas de l&rsquo;oc\u00e9an, immerg\u00e9e dans l&rsquo;une des plus belles vall\u00e9es de l&rsquo;\u00eele de Grande Canarie, entre les plantations de caf\u00e9 et les arbres fruitiers, cette maison confortable est l&rsquo;endroit id\u00e9al pour se d\u00e9tendre apr\u00e8s une tourn\u00e9e, t\u00e9l\u00e9travailler dans un environnement naturel luxuriant ou prendre quelques jours pour se reconnecter avec son partenaire et se d\u00e9connecter ensemble du monde ext\u00e9rieur. <\/p>\n\n\n\n<div style=\"height:20px\" aria-hidden=\"true\" class=\"wp-block-spacer\"><\/div>\n\n\n\n<div class=\"wp-block-buttons alignwide has-custom-font-size has-medium-font-size is-content-justification-center is-layout-flex wp-container-core-buttons-is-layout-16018d1d wp-block-buttons-is-layout-flex\">\n<div class=\"wp-block-button has-custom-width wp-block-button__width-75 has-custom-font-size is-style-fill\" style=\"font-size:25px\"><a class=\"wp-block-button__link wp-element-button\" href=\"\/fr\/reservations\/\" style=\"border-radius:60px\" target=\"_blank\" rel=\"noreferrer noopener\">R\u00e9servez votre s\u00e9jour<\/a><\/div>\n<\/div>\n\n\n\n<div style=\"height:100px\" aria-hidden=\"true\" class=\"wp-block-spacer\"><\/div>\n\n\n\n<div class=\"wp-block-columns is-layout-flex wp-container-core-columns-is-layout-9d6595d7 wp-block-columns-is-layout-flex\">\n<div class=\"wp-block-column is-layout-flow wp-block-column-is-layout-flow\">\n<h2 class=\"wp-block-heading has-text-align-center\"><a href=\"\/fr\/equipement\/\">\u00c9quipement<\/a><\/h2>\n<\/div>\n\n\n\n<div class=\"wp-block-column is-layout-flow wp-block-column-is-layout-flow\">\n<h2 class=\"wp-block-heading has-text-align-center\"><a href=\"https:\/\/casamimosa-grancanaria.com\/fr\/galerie-de-photos\/\" data-type=\"page\" data-id=\"850\">Photos<\/a><\/h2>\n<\/div>\n\n\n\n<div class=\"wp-block-column is-layout-flow wp-block-column-is-layout-flow\">\n<h2 class=\"wp-block-heading has-text-align-center\"><a href=\"\/fr\/comment-se-rendre-a-casa-mimosa\/\">Se rendre<\/a><\/h2>\n<\/div>\n<\/div>\n\n\n\n<div style=\"height:20px\" aria-hidden=\"true\" class=\"wp-block-spacer\"><\/div>\n\n\n\n<div class=\"wp-block-columns is-layout-flex wp-container-core-columns-is-layout-9d6595d7 wp-block-columns-is-layout-flex\">\n<div class=\"wp-block-column is-layout-flow wp-block-column-is-layout-flow\" style=\"flex-basis:100%\">\n<div class=\"wp-block-columns is-layout-flex wp-container-core-columns-is-layout-9d6595d7 wp-block-columns-is-layout-flex\">\n<div class=\"wp-block-column is-layout-flow wp-block-column-is-layout-flow\">\n<figure class=\"wp-block-image\"><a href=\"\/fr\/equipement\/\"><img loading=\"lazy\" decoding=\"async\" width=\"1024\" height=\"1536\" src=\"https:\/\/casamimosa-grancanaria.com\/wp-content\/uploads\/2023\/06\/Cocina1-edited.jpeg\" alt=\"\" class=\"wp-image-507\" srcset=\"https:\/\/casamimosa-grancanaria.com\/wp-content\/uploads\/2023\/06\/Cocina1-edited.jpeg 1024w, https:\/\/casamimosa-grancanaria.com\/wp-content\/uploads\/2023\/06\/Cocina1-edited-200x300.jpeg 200w, https:\/\/casamimosa-grancanaria.com\/wp-content\/uploads\/2023\/06\/Cocina1-edited-683x1024.jpeg 683w, https:\/\/casamimosa-grancanaria.com\/wp-content\/uploads\/2023\/06\/Cocina1-edited-768x1152.jpeg 768w, https:\/\/casamimosa-grancanaria.com\/wp-content\/uploads\/2023\/06\/Cocina1-edited-373x560.jpeg 373w\" sizes=\"auto, (max-width: 1024px) 100vw, 1024px\" \/><\/a><\/figure>\n<\/div>\n\n\n\n<div class=\"wp-block-column is-layout-flow wp-block-column-is-layout-flow\">\n<figure class=\"wp-block-image size-large\"><img loading=\"lazy\" decoding=\"async\" width=\"1707\" height=\"2560\" src=\"https:\/\/casamimosa-grancanaria.com\/wp-content\/uploads\/2023\/09\/20230824215206529-edited-3-scaled.jpg\" alt=\"\" class=\"wp-image-1540\" srcset=\"https:\/\/casamimosa-grancanaria.com\/wp-content\/uploads\/2023\/09\/20230824215206529-edited-3-scaled.jpg 1707w, https:\/\/casamimosa-grancanaria.com\/wp-content\/uploads\/2023\/09\/20230824215206529-edited-3-200x300.jpg 200w, https:\/\/casamimosa-grancanaria.com\/wp-content\/uploads\/2023\/09\/20230824215206529-edited-3-683x1024.jpg 683w, https:\/\/casamimosa-grancanaria.com\/wp-content\/uploads\/2023\/09\/20230824215206529-edited-3-768x1152.jpg 768w, https:\/\/casamimosa-grancanaria.com\/wp-content\/uploads\/2023\/09\/20230824215206529-edited-3-1024x1536.jpg 1024w, https:\/\/casamimosa-grancanaria.com\/wp-content\/uploads\/2023\/09\/20230824215206529-edited-3-1365x2048.jpg 1365w, https:\/\/casamimosa-grancanaria.com\/wp-content\/uploads\/2023\/09\/20230824215206529-edited-3-373x560.jpg 373w, https:\/\/casamimosa-grancanaria.com\/wp-content\/uploads\/2023\/09\/20230824215206529-edited-3-2000x3000.jpg 2000w\" sizes=\"auto, (max-width: 1707px) 100vw, 1707px\" \/><\/figure>\n<\/div>\n\n\n\n<div class=\"wp-block-column is-layout-flow wp-block-column-is-layout-flow\">\n<figure class=\"wp-block-image size-large\"><a href=\"\/fr\/comment-se-rendre-a-casa-mimosa\/\"><img loading=\"lazy\" decoding=\"async\" width=\"683\" height=\"1024\" src=\"https:\/\/casamimosa-grancanaria.com\/wp-content\/uploads\/2023\/07\/Screenshot-2023-07-12-at-18.38.45-edited-683x1024.png\" alt=\"\" class=\"wp-image-981\" srcset=\"https:\/\/casamimosa-grancanaria.com\/wp-content\/uploads\/2023\/07\/Screenshot-2023-07-12-at-18.38.45-edited-683x1024.png 683w, https:\/\/casamimosa-grancanaria.com\/wp-content\/uploads\/2023\/07\/Screenshot-2023-07-12-at-18.38.45-edited-200x300.png 200w, https:\/\/casamimosa-grancanaria.com\/wp-content\/uploads\/2023\/07\/Screenshot-2023-07-12-at-18.38.45-edited-768x1152.png 768w, https:\/\/casamimosa-grancanaria.com\/wp-content\/uploads\/2023\/07\/Screenshot-2023-07-12-at-18.38.45-edited-373x560.png 373w, https:\/\/casamimosa-grancanaria.com\/wp-content\/uploads\/2023\/07\/Screenshot-2023-07-12-at-18.38.45-edited.png 787w\" sizes=\"auto, (max-width: 683px) 100vw, 683px\" \/><\/a><\/figure>\n<\/div>\n<\/div>\n<\/div>\n<\/div>\n","protected":false},"excerpt":{"rendered":"<p>Nich\u00e9e entre les montagnes et \u00e0 deux pas de l&rsquo;oc\u00e9an, immerg\u00e9e dans l&rsquo;une des plus belles vall\u00e9es de l&rsquo;\u00eele de Grande Canarie, entre les plantations de caf\u00e9 et les arbres fruitiers, cette maison confortable est l&rsquo;endroit id\u00e9al pour se d\u00e9tendre apr\u00e8s une tourn\u00e9e, t\u00e9l\u00e9travailler dans un environnement naturel luxuriant ou prendre quelques jours pour se &hellip; <a href=\"https:\/\/casamimosa-grancanaria.com\/fr\/\" class=\"more-link\">Continue reading<span class=\"screen-reader-text\"> \u00ab\u00a0Bienvenue \u00e0 la Casa Mimosa\u00a0\u00bb<\/span><\/a><\/p>\n","protected":false},"author":1,"featured_media":1667,"parent":0,"menu_order":1,"comment_status":"closed","ping_status":"closed","template":"template-front-page.php","meta":{"footnotes":""},"class_list":["post-730","page","type-page","status-publish","has-post-thumbnail","hentry"],"_links":{"self":[{"href":"https:\/\/casamimosa-grancanaria.com\/fr\/wp-json\/wp\/v2\/pages\/730","targetHints":{"allow":["GET"]}}],"collection":[{"href":"https:\/\/casamimosa-grancanaria.com\/fr\/wp-json\/wp\/v2\/pages"}],"about":[{"href":"https:\/\/casamimosa-grancanaria.com\/fr\/wp-json\/wp\/v2\/types\/page"}],"author":[{"embeddable":true,"href":"https:\/\/casamimosa-grancanaria.com\/fr\/wp-json\/wp\/v2\/users\/1"}],"replies":[{"embeddable":true,"href":"https:\/\/casamimosa-grancanaria.com\/fr\/wp-json\/wp\/v2\/comments?post=730"}],"version-history":[{"count":6,"href":"https:\/\/casamimosa-grancanaria.com\/fr\/wp-json\/wp\/v2\/pages\/730\/revisions"}],"predecessor-version":[{"id":2528,"href":"https:\/\/casamimosa-grancanaria.com\/fr\/wp-json\/wp\/v2\/pages\/730\/revisions\/2528"}],"wp:featuredmedia":[{"embeddable":true,"href":"https:\/\/casamimosa-grancanaria.com\/fr\/wp-json\/wp\/v2\/media\/1667"}],"wp:attachment":[{"href":"https:\/\/casamimosa-grancanaria.com\/fr\/wp-json\/wp\/v2\/media?parent=730"}],"curies":[{"name":"wp","href":"https:\/\/api.w.org\/{rel}","templated":true}]}}