{"id":193,"date":"2023-06-17T10:54:59","date_gmt":"2023-06-17T10:54:59","guid":{"rendered":"https:\/\/casamimosa-grancanaria.com\/?page_id=193"},"modified":"2023-07-19T18:25:46","modified_gmt":"2023-07-19T18:25:46","slug":"a-propos","status":"publish","type":"page","link":"https:\/\/casamimosa-grancanaria.com\/fr\/a-propos\/","title":{"rendered":"\u00c0 propos"},"content":{"rendered":"\n<div class=\"wp-block-media-text alignwide has-media-on-the-right is-stacked-on-mobile\" style=\"grid-template-columns:auto 36%\"><div class=\"wp-block-media-text__content\">\n<p>Je m&rsquo;appelle Cecilia et je suis la proprietaire de Casa Mimosa. J&rsquo;ai quitt\u00e9 Las Palmas pour faire mes \u00e9tudes \u00e0 la p\u00e9ninsule Ib\u00e9rique en 1991 et je ne suis revenue que pour de courtes p\u00e9riodes depuis. De S\u00e9ville, j&rsquo;ai d\u00e9m\u00e9nag\u00e9 \u00e0 Madrid, puis en Allemagne. Cela fait maintenant 15 ans que je vis \u00e0 Berlin et je r\u00eave de retourner un jour \u00e0 Gran Canaria. J&rsquo;ai donc commenc\u00e9 \u00e0 chercher un endroit o\u00f9 vivre.<\/p>\n\n\n\n<p>J&rsquo;ai trouv\u00e9 la maison de mes r\u00eaves dans mon endroit pr\u00e9f\u00e9r\u00e9 de Gran Canaria, la vall\u00e9e d&rsquo;Agaete. Elle n&rsquo;est ni trop <\/p>\n<\/div><figure class=\"wp-block-media-text__media\"><img loading=\"lazy\" decoding=\"async\" width=\"300\" height=\"300\" src=\"https:\/\/casamimosa-grancanaria.com\/wp-content\/uploads\/2023\/06\/IMG_1310-300x300.jpg\" alt=\"\" class=\"wp-image-109 size-medium\" srcset=\"https:\/\/casamimosa-grancanaria.com\/wp-content\/uploads\/2023\/06\/IMG_1310-300x300.jpg 300w, https:\/\/casamimosa-grancanaria.com\/wp-content\/uploads\/2023\/06\/IMG_1310-150x150.jpg 150w, https:\/\/casamimosa-grancanaria.com\/wp-content\/uploads\/2023\/06\/IMG_1310-560x560.jpg 560w, https:\/\/casamimosa-grancanaria.com\/wp-content\/uploads\/2023\/06\/IMG_1310.jpg 640w\" sizes=\"auto, (max-width: 300px) 100vw, 300px\" \/><\/figure><\/div>\n\n\n\n<p>grande, ni trop isol\u00e9e (je ne veux pas avoir de voiture), mais suffisamment \u00e9loign\u00e9e du village pour que je puisse avoir le sentiment de vivre pr\u00e8s de la nature.<\/p>\n\n\n\n<p>Je suis tomb\u00e9e amoureuse du petit jardin tranquille, parfait pour lire et faire des siestes, ainsi que de la jolie piscine et de la terrasse ensoleill\u00e9e. Les environs sont parfaits pour la randonn\u00e9e, que j&rsquo;adore, et le charmant port et la plage d&rsquo;Agaete est suffisamment proche (moins de 5 km) pour que l&rsquo;on puisse s&rsquo;y rendre \u00e0 pied ou \u00e0 v\u00e9lo et se baigner. La maison est parfaite, tout comme l&#8217;emplacement, mais j&rsquo;ai encore des choses \u00e0 faire \u00e0 Berlin pendant quelques ann\u00e9es avant de pouvoir retourner d\u00e9finitivement \u00e0 la Grande Canarie. C&rsquo;est donc ici que vous entrez en sc\u00e8ne : Vous allez pouvoir profiter de ma jolie petite maison jusqu&rsquo;\u00e0 ce que je puisse m&rsquo;y installer \u00e0 mon tour.<\/p>\n\n\n\n<p>Je suis s\u00fbre que vous appr\u00e9cierez cet endroit magique autant que moi. Profitez-en tant qu&rsquo;il est disponible ! :))<\/p>\n","protected":false},"excerpt":{"rendered":"<p>Je m&rsquo;appelle Cecilia et je suis la proprietaire de Casa Mimosa. J&rsquo;ai quitt\u00e9 Las Palmas pour faire mes \u00e9tudes \u00e0 la p\u00e9ninsule Ib\u00e9rique en 1991 et je ne suis revenue que pour de courtes p\u00e9riodes depuis. De S\u00e9ville, j&rsquo;ai d\u00e9m\u00e9nag\u00e9 \u00e0 Madrid, puis en Allemagne. Cela fait maintenant 15 ans que je vis \u00e0 Berlin &hellip; <a href=\"https:\/\/casamimosa-grancanaria.com\/fr\/a-propos\/\" class=\"more-link\">Continue reading<span class=\"screen-reader-text\"> \u00ab\u00a0\u00c0 propos\u00a0\u00bb<\/span><\/a><\/p>\n","protected":false},"author":1,"featured_media":0,"parent":0,"menu_order":0,"comment_status":"closed","ping_status":"closed","template":"template-full-width-grid-page.php","meta":{"footnotes":""},"class_list":["post-193","page","type-page","status-publish","hentry"],"_links":{"self":[{"href":"https:\/\/casamimosa-grancanaria.com\/fr\/wp-json\/wp\/v2\/pages\/193","targetHints":{"allow":["GET"]}}],"collection":[{"href":"https:\/\/casamimosa-grancanaria.com\/fr\/wp-json\/wp\/v2\/pages"}],"about":[{"href":"https:\/\/casamimosa-grancanaria.com\/fr\/wp-json\/wp\/v2\/types\/page"}],"author":[{"embeddable":true,"href":"https:\/\/casamimosa-grancanaria.com\/fr\/wp-json\/wp\/v2\/users\/1"}],"replies":[{"embeddable":true,"href":"https:\/\/casamimosa-grancanaria.com\/fr\/wp-json\/wp\/v2\/comments?post=193"}],"version-history":[{"count":3,"href":"https:\/\/casamimosa-grancanaria.com\/fr\/wp-json\/wp\/v2\/pages\/193\/revisions"}],"predecessor-version":[{"id":1006,"href":"https:\/\/casamimosa-grancanaria.com\/fr\/wp-json\/wp\/v2\/pages\/193\/revisions\/1006"}],"wp:attachment":[{"href":"https:\/\/casamimosa-grancanaria.com\/fr\/wp-json\/wp\/v2\/media?parent=193"}],"curies":[{"name":"wp","href":"https:\/\/api.w.org\/{rel}","templated":true}]}}