{"id":1778,"date":"2024-02-17T15:46:44","date_gmt":"2024-02-17T15:46:44","guid":{"rendered":"https:\/\/casamimosa-grancanaria.com\/?page_id=1778"},"modified":"2026-02-04T19:01:46","modified_gmt":"2026-02-04T19:01:46","slug":"informations-pour-nos-hotes","status":"publish","type":"page","link":"https:\/\/casamimosa-grancanaria.com\/fr\/informations-pour-nos-hotes\/","title":{"rendered":"Informations pour nos h\u00f4tes"},"content":{"rendered":"\n<div class=\"wp-block-rank-math-toc-block\" id=\"rank-math-toc\"><h2>Sommaire<\/h2><nav><ul><li class=\"\"><a href=\"#solarium-et-piscine\">Solarium et piscine<\/a><\/li><li class=\"\"><a href=\"#garder-la-maison-fraiche-en-ete\">Garder la maison fra\u00eeche en \u00e9t\u00e9<\/a><\/li><li class=\"\"><a href=\"#livres\">Livres<\/a><\/li><li class=\"\"><a href=\"#nourriture\">Nourriture<\/a><\/li><li class=\"\"><a href=\"#jeux\">Jeux<\/a><\/li><li class=\"\"><a href=\"#leau-du-robinet\">L&rsquo;eau du robinet<\/a><\/li><li class=\"\"><a href=\"#detecteurs-de-fumee\">D\u00e9tecteurs de fum\u00e9e<\/a><\/li><\/ul><\/nav><\/div>\n\n\n\n<div class=\"wp-block-media-text has-media-on-the-right is-stacked-on-mobile\"><div class=\"wp-block-media-text__content\">\n<h2 class=\"wp-block-heading\" id=\"solarium-et-piscine\">Solarium et piscine<\/h2>\n<\/div><figure class=\"wp-block-media-text__media\"><img loading=\"lazy\" decoding=\"async\" width=\"1024\" height=\"881\" src=\"https:\/\/casamimosa-grancanaria.com\/wp-content\/uploads\/2024\/08\/20240407200300269-1024x881.jpg\" alt=\"\" class=\"wp-image-2201 size-full\" srcset=\"https:\/\/casamimosa-grancanaria.com\/wp-content\/uploads\/2024\/08\/20240407200300269-1024x881.jpg 1024w, https:\/\/casamimosa-grancanaria.com\/wp-content\/uploads\/2024\/08\/20240407200300269-300x258.jpg 300w, https:\/\/casamimosa-grancanaria.com\/wp-content\/uploads\/2024\/08\/20240407200300269-768x661.jpg 768w, https:\/\/casamimosa-grancanaria.com\/wp-content\/uploads\/2024\/08\/20240407200300269-1536x1321.jpg 1536w, https:\/\/casamimosa-grancanaria.com\/wp-content\/uploads\/2024\/08\/20240407200300269-2048x1762.jpg 2048w, https:\/\/casamimosa-grancanaria.com\/wp-content\/uploads\/2024\/08\/20240407200300269-651x560.jpg 651w, https:\/\/casamimosa-grancanaria.com\/wp-content\/uploads\/2024\/08\/20240407200300269-2000x1720.jpg 2000w\" sizes=\"auto, (max-width: 1024px) 100vw, 1024px\" \/><\/figure><\/div>\n\n\n\n<p>Rien de tel que de s&rsquo;allonger au soleil apr\u00e8s une baignade dans la piscine. Nous avons rendu nos chaises longues aussi confortables que possible avec des coussins qui rendront votre sieste plus agr\u00e9able. Vous les trouverez au fond de l&rsquo;armoire \u00e0 c\u00f4t\u00e9 de la porte de la salle de bain.&nbsp;<\/p>\n\n\n\n<p>Vous n&rsquo;avez pas besoin d&rsquo;apporter votre propre serviette de piscine. Pour que vous n&rsquo;ayez pas \u00e0 vous s\u00e9cher avec la serviette de douche lorsque vous utilisez la piscine et le solarium, des serviettes en microfibre \u00e0 s\u00e9chage ultra-rapide sont disponibles. N&rsquo;oubliez pas de les utiliser pour prot\u00e9ger les coussins des chaises longues. Les prochains utilisateurs vous en remercieront.<\/p>\n\n\n\n<hr class=\"wp-block-separator has-alpha-channel-opacity\"\/>\n\n\n\n<div class=\"wp-block-media-text is-stacked-on-mobile\"><figure class=\"wp-block-media-text__media\"><img loading=\"lazy\" decoding=\"async\" width=\"1024\" height=\"768\" src=\"https:\/\/casamimosa-grancanaria.com\/wp-content\/uploads\/2024\/08\/20240828185442335-1024x768.jpg\" alt=\"\" class=\"wp-image-2189 size-full\" srcset=\"https:\/\/casamimosa-grancanaria.com\/wp-content\/uploads\/2024\/08\/20240828185442335-1024x768.jpg 1024w, https:\/\/casamimosa-grancanaria.com\/wp-content\/uploads\/2024\/08\/20240828185442335-300x225.jpg 300w, https:\/\/casamimosa-grancanaria.com\/wp-content\/uploads\/2024\/08\/20240828185442335-768x576.jpg 768w, https:\/\/casamimosa-grancanaria.com\/wp-content\/uploads\/2024\/08\/20240828185442335-1536x1152.jpg 1536w, https:\/\/casamimosa-grancanaria.com\/wp-content\/uploads\/2024\/08\/20240828185442335-2048x1536.jpg 2048w, https:\/\/casamimosa-grancanaria.com\/wp-content\/uploads\/2024\/08\/20240828185442335-747x560.jpg 747w, https:\/\/casamimosa-grancanaria.com\/wp-content\/uploads\/2024\/08\/20240828185442335-2000x1500.jpg 2000w\" sizes=\"auto, (max-width: 1024px) 100vw, 1024px\" \/><\/figure><div class=\"wp-block-media-text__content\">\n<h2 class=\"wp-block-heading\" id=\"garder-la-maison-fraiche-en-ete\">Garder la maison fra\u00eeche en \u00e9t\u00e9<\/h2>\n<\/div><\/div>\n\n\n\n<p>Cette ann\u00e9e, nous avons r\u00e9nov\u00e9 toutes les fen\u00eatres de la maison et nous avons install\u00e9 des volets en bois d&rsquo;iroko qui bloquent le rayonnement solaire et permettent une bonne ventilation. Pour \u00e9viter la surchauffe de la maison pendant les journ\u00e9es les plus chaudes de l&rsquo;\u00e9t\u00e9, n&rsquo;oubliez pas de garder tous les volets de l&rsquo;\u00e9tage ferm\u00e9s pendant la journ\u00e9e, surtout en cas d&rsquo;ensoleillement direct. Essayez, si possible, de fermer \u00e9galement les volets du rez-de-chauss\u00e9e, surtout lorsque le soir tombe et que le soleil brille directement sur les portes du jardin. La nuit, cr\u00e9ez des courants d&rsquo;air en laissant les fen\u00eatres ouvertes pour permettre \u00e0 la maison de se refroidir. Bien que cette zone soit tr\u00e8s s\u00fbre, vous vous sentirez peut-\u00eatre plus \u00e0 l&rsquo;aise en laissant les volets ferm\u00e9s la nuit. Pas de probl\u00e8me : cela n&rsquo;entravera pas la circulation de l&rsquo;air et fera baisser la temp\u00e9rature \u00e0 l&rsquo;int\u00e9rieur de la maison. Si vous avez encore chaud pendant la nuit, il y a des ventilateurs dans les deux chambres.&nbsp;<\/p>\n\n\n\n<p>La vall\u00e9e d&rsquo;Agaete peut \u00eatre tr\u00e8s venteuse : veillez \u00e0 ce que les fen\u00eatres et les volets soient toujours fix\u00e9s afin qu&rsquo;ils ne claquent pas.<\/p>\n\n\n\n<hr class=\"wp-block-separator has-alpha-channel-opacity\"\/>\n\n\n\n<div class=\"wp-block-media-text has-media-on-the-right is-stacked-on-mobile\"><div class=\"wp-block-media-text__content\">\n<h2 class=\"wp-block-heading\" id=\"livres\">Livres<\/h2>\n<\/div><figure class=\"wp-block-media-text__media\"><img loading=\"lazy\" decoding=\"async\" width=\"1024\" height=\"768\" src=\"https:\/\/casamimosa-grancanaria.com\/wp-content\/uploads\/2024\/08\/20240828183853370-1024x768.jpg\" alt=\"\" class=\"wp-image-2162 size-full\" srcset=\"https:\/\/casamimosa-grancanaria.com\/wp-content\/uploads\/2024\/08\/20240828183853370-1024x768.jpg 1024w, https:\/\/casamimosa-grancanaria.com\/wp-content\/uploads\/2024\/08\/20240828183853370-300x225.jpg 300w, https:\/\/casamimosa-grancanaria.com\/wp-content\/uploads\/2024\/08\/20240828183853370-768x576.jpg 768w, https:\/\/casamimosa-grancanaria.com\/wp-content\/uploads\/2024\/08\/20240828183853370-1536x1152.jpg 1536w, https:\/\/casamimosa-grancanaria.com\/wp-content\/uploads\/2024\/08\/20240828183853370-2048x1536.jpg 2048w, https:\/\/casamimosa-grancanaria.com\/wp-content\/uploads\/2024\/08\/20240828183853370-747x560.jpg 747w, https:\/\/casamimosa-grancanaria.com\/wp-content\/uploads\/2024\/08\/20240828183853370-2000x1500.jpg 2000w\" sizes=\"auto, (max-width: 1024px) 100vw, 1024px\" \/><\/figure><\/div>\n\n\n\n<p>J&#8217;emporte toujours quelques livres en voyage, mais il m&rsquo;arrive d&rsquo;en finir et de ne plus savoir quoi lire. Dans ce cas, si je comprends la langue, j&rsquo;essaie de trouver quelque chose qui m&rsquo;int\u00e9resse dans les librairies locales. Mais ce n&rsquo;est pas toujours facile.<\/p>\n\n\n\n<p>En voyageant en mode low-cost, j&rsquo;ai d\u00e9couvert que de nombreuses <em>hostels<\/em> disposent de livres laiss\u00e9s par d&rsquo;anciens clients. Parfois, on peut m\u00eame les emporter avec soi. C&rsquo;est pourquoi j&rsquo;ai d\u00e9cid\u00e9 d&rsquo;avoir des livres en plusieurs langues dans ma maison, afin que mes h\u00f4tes aient toujours quelque chose \u00e0 lire et ne soient pas oblig\u00e9s de recourir \u00e0 la t\u00e9l\u00e9vision ou \u00e0 TikTok. Comme vous pouvez le constater, \u00e0 Casa Mimosa, nous avons mis un point d&rsquo;honneur \u00e0 vous \u00e9loigner des \u00e9crans pendant vos vacances.<\/p>\n\n\n\n<p>Les livres qui se trouvent dans le buffet bleu sont l\u00e0 pour vous. Si vous avez oubli\u00e9 votre roman \u00e0 la maison, ou si vous l&rsquo;avez termin\u00e9 et n&rsquo;avez rien \u00e0 lire, ou si vous avez laiss\u00e9 tomber votre e-book dans la mer et qu&rsquo;un poisson-\u00e9pave l&rsquo;a d\u00e9vor\u00e9, ou si votre t\u00e9l\u00e9phone portable s&rsquo;est cass\u00e9 et que vous ne pouvez plus regarder Instagram, ne vous inqui\u00e9tez pas. Ne vous inqui\u00e9tez pas. Choisissez le livre qui vous int\u00e9resse le plus et lisez-le pendant votre s\u00e9jour. En ce cas, je vous prie de suivre ces r\u00e8gles:<\/p>\n\n\n\n<ul class=\"wp-block-list\">\n<li>Prenez-en soin, ne pliez pas les pages et ne les soulignez pas. Pensez au prochain h\u00f4te.<\/li>\n\n\n\n<li>Quand vous avez fini de le lire, remettez-le \u00e0 sa place. Si vous le souhaitez, laissez un mot pour le prochain lecteur. Il sera heureux de le trouver.<\/li>\n\n\n\n<li>Le jour de votre d\u00e9part arrive et il vous reste encore une centaine de pages \u00e0 lire avant de terminer le roman ? Dans ce cas, vous avez ma b\u00e9n\u00e9diction pour emporter le livre avec vous. Il serait agr\u00e9able qu&rsquo;en \u00e9change vous laissiez un autre livre aux caract\u00e9ristiques similaires. C&rsquo;est-\u00e0-dire pas un trait\u00e9 de physique quantique en japonais, mais un roman plus ou moins l\u00e9ger dans l&rsquo;une des langues suivantes : anglais, allemand, fran\u00e7ais, n\u00e9erlandais, italien ou espagnol.<\/li>\n\n\n\n<li>Vous avez perdu la t\u00eate en achetant des souvenirs et votre valise ne rentre pas ? Bien s\u00fbr, vous pouvez nous laisser ce roman que vous avez fini de lire et que vous ne voulez pas garder. Merci de contribuer \u00e0 notre petite biblioth\u00e8que.<\/li>\n<\/ul>\n\n\n\n<p>Et n&rsquo;oubliez pas : si vous avez trouv\u00e9 le livre dans la maison, c&rsquo;est que l&rsquo;utilisateur pr\u00e9c\u00e9dent en a pris soin et l&rsquo;a laiss\u00e9 \u00e0 sa place. Pensez \u00e0 votre karma. Les futurs utilisateurs vous remercieront.<\/p>\n\n\n\n<hr class=\"wp-block-separator has-alpha-channel-opacity\"\/>\n\n\n\n<div class=\"wp-block-media-text is-stacked-on-mobile\"><figure class=\"wp-block-media-text__media\"><img loading=\"lazy\" decoding=\"async\" width=\"1024\" height=\"768\" src=\"https:\/\/casamimosa-grancanaria.com\/wp-content\/uploads\/2024\/08\/20240828183853317-1024x768.jpg\" alt=\"\" class=\"wp-image-2170 size-full\" srcset=\"https:\/\/casamimosa-grancanaria.com\/wp-content\/uploads\/2024\/08\/20240828183853317-1024x768.jpg 1024w, https:\/\/casamimosa-grancanaria.com\/wp-content\/uploads\/2024\/08\/20240828183853317-300x225.jpg 300w, https:\/\/casamimosa-grancanaria.com\/wp-content\/uploads\/2024\/08\/20240828183853317-768x576.jpg 768w, https:\/\/casamimosa-grancanaria.com\/wp-content\/uploads\/2024\/08\/20240828183853317-1536x1152.jpg 1536w, https:\/\/casamimosa-grancanaria.com\/wp-content\/uploads\/2024\/08\/20240828183853317-2048x1536.jpg 2048w, https:\/\/casamimosa-grancanaria.com\/wp-content\/uploads\/2024\/08\/20240828183853317-747x560.jpg 747w, https:\/\/casamimosa-grancanaria.com\/wp-content\/uploads\/2024\/08\/20240828183853317-2000x1500.jpg 2000w\" sizes=\"auto, (max-width: 1024px) 100vw, 1024px\" \/><\/figure><div class=\"wp-block-media-text__content\">\n<h2 class=\"wp-block-heading\" id=\"nourriture\">Nourriture<\/h2>\n<\/div><\/div>\n\n\n\n<p>\u00c0 Casa Mimosa, nous ferons de notre mieux pour que vous trouviez toujours du th\u00e9, du caf\u00e9, du sucre, du sel et de l&rsquo;huile \u00e0 votre arriv\u00e9e. Si vous trouvez autre chose, c&rsquo;est parce que les clients pr\u00e9c\u00e9dents ont mal calcul\u00e9 leurs achats et n&rsquo;ont pas pu les emporter.<\/p>\n\n\n\n<p>Prenez ce que vous voulez, mais sachez que nous ne pouvons \u00eatre tenus responsables de l&rsquo;\u00e9tat des produits. Les aliments frais et les emballages ouverts (sauf le caf\u00e9 et l&rsquo;huile) qui ne sont pas pr\u00e9sent\u00e9s en sachets monodoses seront jet\u00e9s.<\/p>\n\n\n\n<hr class=\"wp-block-separator has-alpha-channel-opacity\"\/>\n\n\n\n<div class=\"wp-block-media-text has-media-on-the-right is-stacked-on-mobile\"><div class=\"wp-block-media-text__content\">\n<h2 class=\"wp-block-heading\" id=\"jeux\">Jeux<\/h2>\n<\/div><figure class=\"wp-block-media-text__media\"><img loading=\"lazy\" decoding=\"async\" width=\"1024\" height=\"768\" src=\"https:\/\/casamimosa-grancanaria.com\/wp-content\/uploads\/2024\/08\/20240828183853331-1024x768.jpg\" alt=\"\" class=\"wp-image-2176 size-full\" srcset=\"https:\/\/casamimosa-grancanaria.com\/wp-content\/uploads\/2024\/08\/20240828183853331-1024x768.jpg 1024w, https:\/\/casamimosa-grancanaria.com\/wp-content\/uploads\/2024\/08\/20240828183853331-300x225.jpg 300w, https:\/\/casamimosa-grancanaria.com\/wp-content\/uploads\/2024\/08\/20240828183853331-768x576.jpg 768w, https:\/\/casamimosa-grancanaria.com\/wp-content\/uploads\/2024\/08\/20240828183853331-1536x1152.jpg 1536w, https:\/\/casamimosa-grancanaria.com\/wp-content\/uploads\/2024\/08\/20240828183853331-2048x1536.jpg 2048w, https:\/\/casamimosa-grancanaria.com\/wp-content\/uploads\/2024\/08\/20240828183853331-747x560.jpg 747w, https:\/\/casamimosa-grancanaria.com\/wp-content\/uploads\/2024\/08\/20240828183853331-2000x1500.jpg 2000w\" sizes=\"auto, (max-width: 1024px) 100vw, 1024px\" \/><\/figure><\/div>\n\n\n\n<p>Nous esp\u00e9rons que vous appr\u00e9cierez la s\u00e9lection de jeux de soci\u00e9t\u00e9 que nous avons pr\u00e9par\u00e9e pour vous. Si vous passez des vacances en famille et cherchez une activit\u00e9 apr\u00e8s le d\u00eener ou si le temps est mauvais et que vous d\u00e9cidez de rester \u00e0 la maison pendant votre s\u00e9jour, n&rsquo;h\u00e9sitez pas \u00e0 utiliser les jeux.<\/p>\n\n\n\n<p>Y a-t-il quelque chose de plus d\u00e9cevant que d&rsquo;ouvrir un jeu et de se rendre compte qu&rsquo;on ne peut pas y jouer parce qu&rsquo;il manque des pi\u00e8ces ou qu&rsquo;elles sont cass\u00e9es ? C&rsquo;est pourquoi nous vous le demandons instamment :<\/p>\n\n\n\n<ul class=\"wp-block-list\">\n<li>Lorsque vous avez fini de jouer, laissez les jeux dans l&rsquo;\u00e9tat o\u00f9 vous les avez trouv\u00e9s, chacun bien rang\u00e9 dans sa bo\u00eete.<\/li>\n\n\n\n<li>Comptez les pi\u00e8ces et assurez-vous que chaque jeu est complet.<\/li>\n\n\n\n<li>Prenez soin de la bo\u00eete et veillez \u00e0 ce que vos jeunes enfants ne l&rsquo;endommagent pas.<\/li>\n\n\n\n<li>Et n&rsquo;oubliez pas : si vous avez pu jouer, c&rsquo;est parce que l&rsquo;utilisateur pr\u00e9c\u00e9dent a pris soin du jeu. Les futurs utilisateurs vous en remercieront.<\/li>\n<\/ul>\n\n\n\n<p>Prenez un jeu et commencez \u00e0 jouer &#8211; pourquoi s&rsquo;isoler devant son \u00e9cran quand on peut partager une soir\u00e9e de jeux ensemble ?<\/p>\n\n\n\n<hr class=\"wp-block-separator has-alpha-channel-opacity\"\/>\n\n\n\n<div class=\"wp-block-media-text is-stacked-on-mobile\"><figure class=\"wp-block-media-text__media\"><img loading=\"lazy\" decoding=\"async\" width=\"1024\" height=\"728\" src=\"https:\/\/casamimosa-grancanaria.com\/wp-content\/uploads\/2024\/08\/20240828185157503-1024x728.jpg\" alt=\"\" class=\"wp-image-2195 size-full\" srcset=\"https:\/\/casamimosa-grancanaria.com\/wp-content\/uploads\/2024\/08\/20240828185157503-1024x728.jpg 1024w, https:\/\/casamimosa-grancanaria.com\/wp-content\/uploads\/2024\/08\/20240828185157503-300x213.jpg 300w, https:\/\/casamimosa-grancanaria.com\/wp-content\/uploads\/2024\/08\/20240828185157503-768x546.jpg 768w, https:\/\/casamimosa-grancanaria.com\/wp-content\/uploads\/2024\/08\/20240828185157503-1536x1091.jpg 1536w, https:\/\/casamimosa-grancanaria.com\/wp-content\/uploads\/2024\/08\/20240828185157503-2048x1455.jpg 2048w, https:\/\/casamimosa-grancanaria.com\/wp-content\/uploads\/2024\/08\/20240828185157503-788x560.jpg 788w, https:\/\/casamimosa-grancanaria.com\/wp-content\/uploads\/2024\/08\/20240828185157503-2000x1421.jpg 2000w\" sizes=\"auto, (max-width: 1024px) 100vw, 1024px\" \/><\/figure><div class=\"wp-block-media-text__content\">\n<h2 class=\"wp-block-heading\" id=\"leau-du-robinet\">L&rsquo;eau du robinet<\/h2>\n<\/div><\/div>\n\n\n\n<p>L&rsquo;eau du robinet de la Casa Mimosa est parfaitement propre \u00e0 la consommation humaine. Go\u00fbtez-la. Nous vous invitons \u00e0 utiliser la carafe pour la conserver au frais dans le r\u00e9frig\u00e9rateur ou pour l&rsquo;apporter \u00e0 table lors des repas. Vous \u00e9viterez ainsi d&rsquo;acheter et de transporter des bouteilles d&rsquo;eau, avec toute la pollution et le gaspillage d&rsquo;\u00e9nergie que cela implique.<\/p>\n\n\n\n<p>On vous a recommand\u00e9 d&rsquo;acheter de l&rsquo;eau en bouteille ? Dans <a href=\"https:\/\/casamimosa-grancanaria.com\/fr\/leau-du-robinet-a-gran-canaria\/\" data-type=\"post\" data-id=\"1691\">cet article<\/a>, j&rsquo;explique pourquoi les Canariens ach\u00e8tent toujours de l&rsquo;eau en bouteille.<\/p>\n\n\n\n<div class=\"wp-block-media-text has-media-on-the-right is-stacked-on-mobile\"><div class=\"wp-block-media-text__content\">\n<h2 class=\"wp-block-heading\" id=\"detecteurs-de-fumee\">D\u00e9tecteurs de fum\u00e9e<\/h2>\n<\/div><figure class=\"wp-block-media-text__media\"><img loading=\"lazy\" decoding=\"async\" width=\"513\" height=\"431\" src=\"https:\/\/casamimosa-grancanaria.com\/wp-content\/uploads\/2026\/02\/Detector-humos.jpg\" alt=\"\" class=\"wp-image-2578 size-full\" srcset=\"https:\/\/casamimosa-grancanaria.com\/wp-content\/uploads\/2026\/02\/Detector-humos.jpg 513w, https:\/\/casamimosa-grancanaria.com\/wp-content\/uploads\/2026\/02\/Detector-humos-300x252.jpg 300w\" sizes=\"auto, (max-width: 513px) 100vw, 513px\" \/><\/figure><\/div>\n\n\n\n<p>La maison dispose de trois d\u00e9tecteurs de fum\u00e9e : un dans chaque chambre et un dans le salon. Pour votre s\u00e9curit\u00e9 et celle des voisins, les trois sont activ\u00e9s et \u00e9quip\u00e9s d&rsquo;une pile. Si l&rsquo;un d&rsquo;entre eux commence \u00e0 \u00e9mettre un <strong>bip sporadique \u00e0 faible volume<\/strong>, veuillez nous en informer imm\u00e9diatement. Cela signifie que la pile est faible et qu&rsquo;il faudra la remplacer lors du prochain nettoyage. Si nous ne la changeons pas, il recommencera \u00e0 \u00e9mettre un bip un autre jour, et ainsi de suite jusqu&rsquo;\u00e0 ce que la pile soit compl\u00e8tement d\u00e9charg\u00e9e.<\/p>\n\n\n\n<p>Si l&rsquo;un des d\u00e9tecteurs commence \u00e0 \u00e9mettre<strong> un bip fort<\/strong> pour signaler une alarme alors qu&rsquo;il n&rsquo;y a pas de fum\u00e9e dans la pi\u00e8ce, il est possible qu&rsquo;un insecte se soit introduit et l&rsquo;ait d\u00e9clench\u00e9. Dans ce cas, veuillez rester calme. Allez dans la cour chercher le balai et essayez d&rsquo;appuyer avec le manche sur le bouton situ\u00e9 au centre du d\u00e9tecteur. Cela permettra d&rsquo;\u00e9teindre le signal. Si cela se produit, n&rsquo;h\u00e9sitez pas \u00e0 nous pr\u00e9venir.<\/p>\n","protected":false},"excerpt":{"rendered":"<p>Solarium et piscine Rien de tel que de s&rsquo;allonger au soleil apr\u00e8s une baignade dans la piscine. Nous avons rendu nos chaises longues aussi confortables que possible avec des coussins qui rendront votre sieste plus agr\u00e9able. Vous les trouverez au fond de l&rsquo;armoire \u00e0 c\u00f4t\u00e9 de la porte de la salle de bain.&nbsp; Vous n&rsquo;avez &hellip; <a href=\"https:\/\/casamimosa-grancanaria.com\/fr\/informations-pour-nos-hotes\/\" class=\"more-link\">Continue reading<span class=\"screen-reader-text\"> \u00ab\u00a0Informations pour nos h\u00f4tes\u00a0\u00bb<\/span><\/a><\/p>\n","protected":false},"author":1,"featured_media":0,"parent":0,"menu_order":0,"comment_status":"closed","ping_status":"closed","template":"","meta":{"footnotes":""},"class_list":["post-1778","page","type-page","status-publish","hentry"],"_links":{"self":[{"href":"https:\/\/casamimosa-grancanaria.com\/fr\/wp-json\/wp\/v2\/pages\/1778","targetHints":{"allow":["GET"]}}],"collection":[{"href":"https:\/\/casamimosa-grancanaria.com\/fr\/wp-json\/wp\/v2\/pages"}],"about":[{"href":"https:\/\/casamimosa-grancanaria.com\/fr\/wp-json\/wp\/v2\/types\/page"}],"author":[{"embeddable":true,"href":"https:\/\/casamimosa-grancanaria.com\/fr\/wp-json\/wp\/v2\/users\/1"}],"replies":[{"embeddable":true,"href":"https:\/\/casamimosa-grancanaria.com\/fr\/wp-json\/wp\/v2\/comments?post=1778"}],"version-history":[{"count":7,"href":"https:\/\/casamimosa-grancanaria.com\/fr\/wp-json\/wp\/v2\/pages\/1778\/revisions"}],"predecessor-version":[{"id":2590,"href":"https:\/\/casamimosa-grancanaria.com\/fr\/wp-json\/wp\/v2\/pages\/1778\/revisions\/2590"}],"wp:attachment":[{"href":"https:\/\/casamimosa-grancanaria.com\/fr\/wp-json\/wp\/v2\/media?parent=1778"}],"curies":[{"name":"wp","href":"https:\/\/api.w.org\/{rel}","templated":true}]}}