{"id":1325,"date":"2023-09-07T19:44:50","date_gmt":"2023-09-07T19:44:50","guid":{"rendered":"https:\/\/casamimosa-grancanaria.com\/?page_id=1325"},"modified":"2025-02-02T19:42:01","modified_gmt":"2025-02-02T19:42:01","slug":"reglement-interieur","status":"publish","type":"page","link":"https:\/\/casamimosa-grancanaria.com\/fr\/reglement-interieur\/","title":{"rendered":"R\u00e8glement int\u00e9rieur"},"content":{"rendered":"\n<p>En r\u00e9servant un s\u00e9jour \u00e0 la Casa Mimosa, vous d\u00e9clarez adh\u00e9rer au pr\u00e9sent r\u00e8glement int\u00e9rieur. Le respect de ces r\u00e8gles est obligatoire pendant votre s\u00e9jour et le non-respect peut entra\u00eener des sanctions telles que des d\u00e9ductions sur le d\u00e9p\u00f4t de garantie ou des demandes d&rsquo;indemnisation par l&rsquo;interm\u00e9diaire de la plateforme de r\u00e9servation.<\/p>\n\n\n\n<h2 class=\"wp-block-heading\">1- EXIGENCES G\u00c9N\u00c9RALES&nbsp;<\/h2>\n\n\n\n<ul class=\"wp-block-list\">\n<li>Tous les h\u00f4tes (et tous les visiteurs) doivent se conformer \u00e0 toutes les r\u00e8gles de la maison et \u00e0 toutes les autres instructions de la propri\u00e9taire pendant leur s\u00e9jour.<\/li>\n\n\n\n<li>Afin de garantir que les h\u00f4tes suivants trouveront la maison en parfait \u00e9tat, nous demandons un d\u00e9lai de cinq heures pour le nettoyage. Par cons\u00e9quent, les heures d&rsquo;arriv\u00e9e et de d\u00e9part sont respectivement 16h00 et 11h00. Ces horaires doivent \u00eatre respect\u00e9s par les h\u00f4tes, sauf accord \u00e9crit pr\u00e9alable avec la propri\u00e9taire.<\/li>\n\n\n\n<li>La maison sera rendue dans le m\u00eame \u00e9tat que celui dans lequel elle a \u00e9t\u00e9 re\u00e7ue.<\/li>\n\n\n\n<li>Les h\u00f4tes sont tenus d&rsquo;informer la propri\u00e9taire de tout litige ou plainte de la part des voisins d\u00e8s que possible.&nbsp;<\/li>\n<\/ul>\n\n\n\n<h2 class=\"wp-block-heading\"><strong>2- BRUIT&nbsp;<\/strong><\/h2>\n\n\n\n<ul class=\"wp-block-list\">\n<li>Les h\u00f4tes et les visiteurs doivent r\u00e9duire le bruit au minimum afin de ne pas d\u00e9ranger les voisins, en particulier pendant les heures nocturnes (entre 22 heures et 8 heures du matin).<\/li>\n\n\n\n<li>Le bruit excessif est interdit \u00e0 tout moment et peut entra\u00eener la r\u00e9siliation du contrat de location, l&rsquo;expulsion, la perte du loyer pay\u00e9 et des frais suppl\u00e9mentaires qui peuvent \u00eatre d\u00e9duits du d\u00e9p\u00f4t de garantie.<\/li>\n<\/ul>\n\n\n\n<h2 class=\"wp-block-heading\"><strong>3- VISITEURS&nbsp;<\/strong><\/h2>\n\n\n\n<ul class=\"wp-block-list\">\n<li>Un maximum de 3 visiteurs (occupation maximale de 7 personnes) est autoris\u00e9 pendant la journ\u00e9e.<\/li>\n\n\n\n<li>Aucun visiteur suppl\u00e9mentaire n&rsquo;est autoris\u00e9 \u00e0 passer la nuit si le nombre total de visiteurs d\u00e9passe le maximum de 4 personnes.<\/li>\n\n\n\n<li>Les f\u00eates et les grands rassemblements sont strictement interdits.<\/li>\n\n\n\n<li>Les petits rassemblements doivent respecter les r\u00e8gles ci-dessus concernant le bruit, le voisinage et le nombre de visiteurs.&nbsp;<\/li>\n<\/ul>\n\n\n\n<h2 class=\"wp-block-heading\"><strong>4- STATIONNEMENT<\/strong><\/h2>\n\n\n\n<ul class=\"wp-block-list\">\n<li>Les h\u00f4tes et les visiteurs doivent se conformer aux r\u00e8gles de stationnement et respecter les voisins et les autres v\u00e9hicules.<\/li>\n<\/ul>\n\n\n\n<h2 class=\"wp-block-heading\"><strong>5- S\u00c9CURIT\u00c9&nbsp;<\/strong><\/h2>\n\n\n\n<ul class=\"wp-block-list\">\n<li>Cette maison est adapt\u00e9e aux enfants de tout \u00e2ge. Les adultes accompagnateurs sont enti\u00e8rement responsables de la s\u00e9curit\u00e9 des enfants \u00e0 tout moment.<\/li>\n\n\n\n<li>Lorsque les h\u00f4tes quittent la maison, ils doivent s&rsquo;assurer que toutes les fen\u00eatres et les portes sont bien ferm\u00e9es afin de garantir la s\u00e9curit\u00e9 et d&rsquo;\u00e9viter les d\u00e9g\u00e2ts caus\u00e9s par la pluie et l&rsquo;eau.&nbsp;<\/li>\n\n\n\n<li>Ne laissez jamais la cl\u00e9 de la maison enferm\u00e9e \u00e0 l&rsquo;int\u00e9rieur. Si vous sortez et que vous verrouillez accidentellement la porte, il faudra faire appel \u00e0 un serrurier. Dans ce cas, les h\u00f4tes seront responsables du co\u00fbt du serrurier.<\/li>\n\n\n\n<li>Les h\u00f4tes doivent \u00e9teindre les lumi\u00e8res, les ventilateurs et les appareils \u00e9lectroniques tels que la t\u00e9l\u00e9vision lorsqu&rsquo;ils ne sont pas utilis\u00e9s, pour des raisons de s\u00e9curit\u00e9 et pour \u00e9viter de gaspiller de l&rsquo;\u00e9nergie.<\/li>\n<\/ul>\n\n\n\n<h2 class=\"wp-block-heading\"><strong>6- PISCINE&nbsp;<\/strong><\/h2>\n\n\n\n<ul class=\"wp-block-list\">\n<li>Les h\u00f4tes doivent surveiller les b\u00e9b\u00e9s et les enfants \u00e0 tout moment et ne pas les laisser grimper ou courir sur les bords de la piscine en raison du risque de chute.<\/li>\n\n\n\n<li>Le nettoyeur de la piscine peut \u00eatre pr\u00e9sent pendant votre s\u00e9jour. Veuillez lui permettre d&rsquo;acc\u00e9der aux espaces ext\u00e9rieurs de la maison afin qu&rsquo;il puisse effectuer son travail.<\/li>\n<\/ul>\n\n\n\n<h2 class=\"wp-block-heading\"><strong>7- MEUBLES<\/strong><\/h2>\n\n\n\n<ul class=\"wp-block-list\">\n<li>Les h\u00f4tes doivent traiter les canap\u00e9s et tous les textiles de maison avec soin, en particulier ceux de couleur claire, afin d&rsquo;\u00e9viter les taches.<\/li>\n<\/ul>\n\n\n\n<h2 class=\"wp-block-heading\"><strong>8- DOMMAGES ET CASSE&nbsp;<\/strong><\/h2>\n\n\n\n<ul class=\"wp-block-list\">\n<li>Toute d\u00e9gradation ou casse doit \u00eatre signal\u00e9e au propri\u00e9taire dans les plus brefs d\u00e9lais.  Le fait de ne pas les signaler est susceptible d&rsquo;entra\u00eener une p\u00e9nalit\u00e9 d\u00e9duite du d\u00e9p\u00f4t de garantie ou de donner lieu \u00e0 une r\u00e9clamation via la plateforme de r\u00e9servation.<\/li>\n\n\n\n<li>Pour \u00e9viter les d\u00e9g\u00e2ts et la casse, aucun meuble ne doit \u00eatre d\u00e9plac\u00e9 d&rsquo;une pi\u00e8ce \u00e0 l&rsquo;autre sans accord pr\u00e9alable.<\/li>\n\n\n\n<li>Les serviettes de bain ne peuvent pas \u00eatre sorties de la propri\u00e9t\u00e9 (par exemple pour \u00eatre utilis\u00e9es sur la plage).<\/li>\n\n\n\n<li>Nous demandons une caution de 150 euros pour les r\u00e9servations directes. La caution est automatiquement rembours\u00e9e \u00e0 20 heures le jour du d\u00e9part, \u00e0 condition qu&rsquo;il n&rsquo;y ait pas de d\u00e9g\u00e2ts ou de nettoyage excessif. Cela ne s&rsquo;applique pas aux r\u00e9servations effectu\u00e9es par l&rsquo;interm\u00e9diaire d&rsquo;Airbnb et de Booking.com, car ces plateformes ont mis en place des syst\u00e8mes d&rsquo;arbitrage pour couvrir les \u00e9ventuels dommages<\/li>\n<\/ul>\n\n\n\n<h2 class=\"wp-block-heading\"><strong>9- FUMER&nbsp;<\/strong><\/h2>\n\n\n\n<ul class=\"wp-block-list\">\n<li>Il est interdit de fumer \u00e0 l&rsquo;int\u00e9rieur de la maison. Si les h\u00f4tes souhaitent fumer, ils peuvent le faire dans les zones ext\u00e9rieures, en gardant les portes ferm\u00e9es pour \u00e9viter que les odeurs ne p\u00e9n\u00e8trent dans la maison.<\/li>\n\n\n\n<li>Les m\u00e9gots de cigarettes doivent \u00eatre \u00e9limin\u00e9s correctement et ne doivent jamais \u00eatre jet\u00e9s dans les zones ext\u00e9rieures.&nbsp;<\/li>\n<\/ul>\n\n\n\n<h2 class=\"wp-block-heading\"><strong>10- ANIMAUX<\/strong><\/h2>\n\n\n\n<ul class=\"wp-block-list\">\n<li>Nous acceptons un maximum de deux animaux domestiques dans la maison, qui doivent \u00eatre accompagn\u00e9s \u00e0 tout moment. Les animaux ne sont pas autoris\u00e9s \u00e0 rester seuls dans la maison.<\/li>\n\n\n\n<li>La pr\u00e9sence d&rsquo;animaux n\u00e9cessitant un nettoyage beaucoup plus approfondi, nous facturons un suppl\u00e9ment de 30 euros par s\u00e9jour. Ce suppl\u00e9ment ne peut pas \u00eatre pay\u00e9 sur la plateforme de r\u00e9servation, mais doit \u00eatre pay\u00e9 lors de l&rsquo;enregistrement.<\/li>\n\n\n\n<li>Les propri\u00e9taires d&rsquo;animaux domestiques sont tenus de veiller \u00e0 ce que leurs animaux ne grimpent pas sur les lits ou le canap\u00e9. Si le personnel de nettoyage trouve des poils d&rsquo;animaux sur les draps, les serviettes ou le canap\u00e9, l&rsquo;h\u00f4te devra payer le co\u00fbt d&rsquo;un service de nettoyage suppl\u00e9mentaire.<\/li>\n<\/ul>\n\n\n\n<h2 class=\"wp-block-heading\"><strong>11- LES D\u00c9CHETS<\/strong><\/h2>\n\n\n\n<ul class=\"wp-block-list\">\n<li>Veuillez d\u00e9poser vos sacs de d\u00e9chets dans les poubelles de l&rsquo;urbanisation,<a href=\"https:\/\/maps.app.goo.gl\/P2agiZBjJa1fCv618\" data-type=\"link\" data-id=\"https:\/\/maps.app.goo.gl\/P2agiZBjJa1fCv618\" target=\"_blank\" rel=\"noopener\"> situ\u00e9es en bordure de route<\/a>. Dans la mesure du possible, merci de trier les mat\u00e9riaux recyclables.<\/li>\n<\/ul>\n\n\n\n<h2 class=\"wp-block-heading\"><strong>12- MODALIT\u00c9S DE D\u00c9PART&nbsp;<\/strong><\/h2>\n\n\n\n<ul class=\"wp-block-list\">\n<li>L&rsquo;heure de d\u00e9part est 11h00. Lors de leur d\u00e9part, les h\u00f4tes doivent s&rsquo;assurer que toutes les fen\u00eatres et les portes sont ferm\u00e9es \u00e0 cl\u00e9 et laisser les cl\u00e9s sur la table lorsqu&rsquo;ils quittent la maison. Ils doivent \u00e9galement s&rsquo;assurer que la porte est bien ferm\u00e9e \u00e0 leur d\u00e9part.<\/li>\n<\/ul>\n\n\n\n<h2 class=\"wp-block-heading\"><strong>13- COORDONN\u00c9ES EN CAS D&rsquo;URGENCE&nbsp;<\/strong><\/h2>\n\n\n\n<ul class=\"wp-block-list\">\n<li>En cas d&rsquo;urgence li\u00e9e \u00e0 la maison, veuillez <a href=\"mailto:info@casamimosa-grancanaria.com\" data-type=\"mailto\" data-id=\"mailto:info@casamimosa-grancanaria.com\">contacter le propri\u00e9taire par e-mail<\/a> ou par WhatsApp au num\u00e9ro que vous trouverez dans le dossier de bienvenue. Vous y trouverez \u00e9galement les num\u00e9ros de t\u00e9l\u00e9phone \u00e0 composer en cas d&rsquo;urgence.<\/li>\n<\/ul>\n\n\n\n<h2 class=\"wp-block-heading\">RESPECT DU REGLEMENT&nbsp;<\/h2>\n\n\n\n<p>Le non-respect de l&rsquo;un de ces r\u00e8glements constitue une violation des conditions d&rsquo;occupation. La propri\u00e9taire se r\u00e9serve le droit de mettre fin \u00e0 l&rsquo;autorisation d&rsquo;occupation et d&rsquo;expulser de la location de vacances tout invit\u00e9 ou visiteur qui refuse de respecter le pr\u00e9sent r\u00e8glement int\u00e9rieur ou qui cause une nuisance aux voisins ou aux autres r\u00e9sidents de la communaut\u00e9.<\/p>\n","protected":false},"excerpt":{"rendered":"<p>En r\u00e9servant un s\u00e9jour \u00e0 la Casa Mimosa, vous d\u00e9clarez adh\u00e9rer au pr\u00e9sent r\u00e8glement int\u00e9rieur. Le respect de ces r\u00e8gles est obligatoire pendant votre s\u00e9jour et le non-respect peut entra\u00eener des sanctions telles que des d\u00e9ductions sur le d\u00e9p\u00f4t de garantie ou des demandes d&rsquo;indemnisation par l&rsquo;interm\u00e9diaire de la plateforme de r\u00e9servation. 1- EXIGENCES G\u00c9N\u00c9RALES&nbsp; &hellip; <a href=\"https:\/\/casamimosa-grancanaria.com\/fr\/reglement-interieur\/\" class=\"more-link\">Continue reading<span class=\"screen-reader-text\"> \u00ab\u00a0R\u00e8glement int\u00e9rieur\u00a0\u00bb<\/span><\/a><\/p>\n","protected":false},"author":1,"featured_media":0,"parent":0,"menu_order":0,"comment_status":"closed","ping_status":"closed","template":"","meta":{"footnotes":""},"class_list":["post-1325","page","type-page","status-publish","hentry"],"_links":{"self":[{"href":"https:\/\/casamimosa-grancanaria.com\/fr\/wp-json\/wp\/v2\/pages\/1325","targetHints":{"allow":["GET"]}}],"collection":[{"href":"https:\/\/casamimosa-grancanaria.com\/fr\/wp-json\/wp\/v2\/pages"}],"about":[{"href":"https:\/\/casamimosa-grancanaria.com\/fr\/wp-json\/wp\/v2\/types\/page"}],"author":[{"embeddable":true,"href":"https:\/\/casamimosa-grancanaria.com\/fr\/wp-json\/wp\/v2\/users\/1"}],"replies":[{"embeddable":true,"href":"https:\/\/casamimosa-grancanaria.com\/fr\/wp-json\/wp\/v2\/comments?post=1325"}],"version-history":[{"count":7,"href":"https:\/\/casamimosa-grancanaria.com\/fr\/wp-json\/wp\/v2\/pages\/1325\/revisions"}],"predecessor-version":[{"id":2446,"href":"https:\/\/casamimosa-grancanaria.com\/fr\/wp-json\/wp\/v2\/pages\/1325\/revisions\/2446"}],"wp:attachment":[{"href":"https:\/\/casamimosa-grancanaria.com\/fr\/wp-json\/wp\/v2\/media?parent=1325"}],"curies":[{"name":"wp","href":"https:\/\/api.w.org\/{rel}","templated":true}]}}