{"id":694,"date":"2023-06-24T21:09:34","date_gmt":"2023-06-24T21:09:34","guid":{"rendered":"https:\/\/casamimosa-grancanaria.com\/welcome-to-casa-mimosa\/"},"modified":"2025-03-08T16:38:45","modified_gmt":"2025-03-08T16:38:45","slug":"welcome-to-casa-mimosa","status":"publish","type":"page","link":"https:\/\/casamimosa-grancanaria.com\/es\/","title":{"rendered":"Bienvenida\/o a Casa Mimosa"},"content":{"rendered":"\n<p class=\"has-text-align-center\">Ubicada entre monta\u00f1as y a un tiro de piedra del Oc\u00e9ano, inmersa en uno de los valles m\u00e1s bellos de la isla de Gran Canaria entre cafetales y \u00e1rboles frutales, esta acogedora casa rural es el lugar ideal en el que descansar tras un d\u00eda de excursi\u00f3n, teletrabajar desde un entorno natural exuberante o tomarse unos d\u00edas para reconectar con su pareja y desconectarse juntos del mundo exterior.&nbsp;<\/p>\n\n\n\n<div style=\"height:20px\" aria-hidden=\"true\" class=\"wp-block-spacer\"><\/div>\n\n\n\n<div class=\"wp-block-buttons alignwide has-custom-font-size has-medium-font-size is-content-justification-center is-layout-flex wp-container-core-buttons-is-layout-16018d1d wp-block-buttons-is-layout-flex\">\n<div class=\"wp-block-button has-custom-width wp-block-button__width-75 has-custom-font-size is-style-fill\" style=\"font-size:25px\"><a class=\"wp-block-button__link wp-element-button\" href=\"\/es\/reservas\/\" style=\"border-radius:60px\" target=\"_blank\" rel=\"noreferrer noopener\">RESERVAR<\/a><\/div>\n<\/div>\n\n\n\n<div style=\"height:100px\" aria-hidden=\"true\" class=\"wp-block-spacer\"><\/div>\n\n\n\n<div class=\"wp-block-columns is-layout-flex wp-container-core-columns-is-layout-9d6595d7 wp-block-columns-is-layout-flex\">\n<div class=\"wp-block-column is-layout-flow wp-block-column-is-layout-flow\">\n<h2 class=\"wp-block-heading has-text-align-center\"><a href=\"https:\/\/casamimosa-grancanaria.com\/es\/caracteristicas\/\" data-type=\"page\" data-id=\"613\">Servicios<\/a><\/h2>\n<\/div>\n\n\n\n<div class=\"wp-block-column is-layout-flow wp-block-column-is-layout-flow\">\n<h2 class=\"wp-block-heading has-text-align-center\"><a href=\"https:\/\/casamimosa-grancanaria.com\/es\/galeria-fotos\/\" data-type=\"page\" data-id=\"856\">Fotos<\/a><\/h2>\n<\/div>\n\n\n\n<div class=\"wp-block-column is-layout-flow wp-block-column-is-layout-flow\">\n<h2 class=\"wp-block-heading has-text-align-center\"><a href=\"\/es\/como-llegar-a-casa-mimosa\/\">C\u00f3mo llegar<\/a><\/h2>\n<\/div>\n<\/div>\n\n\n\n<div style=\"height:20px\" aria-hidden=\"true\" class=\"wp-block-spacer\"><\/div>\n\n\n\n<div class=\"wp-block-columns is-layout-flex wp-container-core-columns-is-layout-9d6595d7 wp-block-columns-is-layout-flex\">\n<div class=\"wp-block-column is-layout-flow wp-block-column-is-layout-flow\" style=\"flex-basis:100%\">\n<div class=\"wp-block-columns is-layout-flex wp-container-core-columns-is-layout-9d6595d7 wp-block-columns-is-layout-flex\">\n<div class=\"wp-block-column is-layout-flow wp-block-column-is-layout-flow\">\n<figure class=\"wp-block-image\"><a href=\"\/es\/caracteristicas\/\"><img loading=\"lazy\" decoding=\"async\" width=\"1024\" height=\"1536\" src=\"https:\/\/casamimosa-grancanaria.com\/wp-content\/uploads\/2023\/06\/Cocina1-edited.jpeg\" alt=\"\" class=\"wp-image-507\" srcset=\"https:\/\/casamimosa-grancanaria.com\/wp-content\/uploads\/2023\/06\/Cocina1-edited.jpeg 1024w, https:\/\/casamimosa-grancanaria.com\/wp-content\/uploads\/2023\/06\/Cocina1-edited-200x300.jpeg 200w, https:\/\/casamimosa-grancanaria.com\/wp-content\/uploads\/2023\/06\/Cocina1-edited-683x1024.jpeg 683w, https:\/\/casamimosa-grancanaria.com\/wp-content\/uploads\/2023\/06\/Cocina1-edited-768x1152.jpeg 768w, https:\/\/casamimosa-grancanaria.com\/wp-content\/uploads\/2023\/06\/Cocina1-edited-373x560.jpeg 373w\" sizes=\"auto, (max-width: 1024px) 100vw, 1024px\" \/><\/a><\/figure>\n<\/div>\n\n\n\n<div class=\"wp-block-column is-layout-flow wp-block-column-is-layout-flow\">\n<figure class=\"wp-block-image size-large\"><a href=\"\/es\/galeria-fotos\/\" target=\"_blank\" rel=\"noreferrer noopener\"><img loading=\"lazy\" decoding=\"async\" width=\"683\" height=\"1024\" src=\"https:\/\/casamimosa-grancanaria.com\/wp-content\/uploads\/2023\/09\/20230824215206529-edited-683x1024.jpg\" alt=\"\" class=\"wp-image-1509\" srcset=\"https:\/\/casamimosa-grancanaria.com\/wp-content\/uploads\/2023\/09\/20230824215206529-edited-683x1024.jpg 683w, https:\/\/casamimosa-grancanaria.com\/wp-content\/uploads\/2023\/09\/20230824215206529-edited-200x300.jpg 200w, https:\/\/casamimosa-grancanaria.com\/wp-content\/uploads\/2023\/09\/20230824215206529-edited-768x1152.jpg 768w, https:\/\/casamimosa-grancanaria.com\/wp-content\/uploads\/2023\/09\/20230824215206529-edited-1024x1536.jpg 1024w, https:\/\/casamimosa-grancanaria.com\/wp-content\/uploads\/2023\/09\/20230824215206529-edited-1365x2048.jpg 1365w, https:\/\/casamimosa-grancanaria.com\/wp-content\/uploads\/2023\/09\/20230824215206529-edited-373x560.jpg 373w, https:\/\/casamimosa-grancanaria.com\/wp-content\/uploads\/2023\/09\/20230824215206529-edited-2000x3000.jpg 2000w, https:\/\/casamimosa-grancanaria.com\/wp-content\/uploads\/2023\/09\/20230824215206529-edited-scaled.jpg 1707w\" sizes=\"auto, (max-width: 683px) 100vw, 683px\" \/><\/a><\/figure>\n<\/div>\n\n\n\n<div class=\"wp-block-column is-layout-flow wp-block-column-is-layout-flow\">\n<figure class=\"wp-block-image size-large\"><a href=\"\/es\/como-llegar-a-casa-mimosa\/\"><img loading=\"lazy\" decoding=\"async\" width=\"683\" height=\"1024\" src=\"https:\/\/casamimosa-grancanaria.com\/wp-content\/uploads\/2023\/07\/Screenshot-2023-07-12-at-18.38.45-edited-683x1024.png\" alt=\"\" class=\"wp-image-984\" srcset=\"https:\/\/casamimosa-grancanaria.com\/wp-content\/uploads\/2023\/07\/Screenshot-2023-07-12-at-18.38.45-edited-683x1024.png 683w, https:\/\/casamimosa-grancanaria.com\/wp-content\/uploads\/2023\/07\/Screenshot-2023-07-12-at-18.38.45-edited-200x300.png 200w, https:\/\/casamimosa-grancanaria.com\/wp-content\/uploads\/2023\/07\/Screenshot-2023-07-12-at-18.38.45-edited-768x1152.png 768w, https:\/\/casamimosa-grancanaria.com\/wp-content\/uploads\/2023\/07\/Screenshot-2023-07-12-at-18.38.45-edited-373x560.png 373w, https:\/\/casamimosa-grancanaria.com\/wp-content\/uploads\/2023\/07\/Screenshot-2023-07-12-at-18.38.45-edited.png 787w\" sizes=\"auto, (max-width: 683px) 100vw, 683px\" \/><\/a><\/figure>\n<\/div>\n<\/div>\n<\/div>\n<\/div>\n","protected":false},"excerpt":{"rendered":"<p>Ubicada entre monta\u00f1as y a un tiro de piedra del Oc\u00e9ano, inmersa en uno de los valles m\u00e1s bellos de la isla de Gran Canaria entre cafetales y \u00e1rboles frutales, esta acogedora casa rural es el lugar ideal en el que descansar tras un d\u00eda de excursi\u00f3n, teletrabajar desde un entorno natural exuberante o tomarse &hellip; <a href=\"https:\/\/casamimosa-grancanaria.com\/es\/\" class=\"more-link\">Continue reading<span class=\"screen-reader-text\"> \u00abBienvenida\/o a Casa Mimosa\u00bb<\/span><\/a><\/p>\n","protected":false},"author":1,"featured_media":1670,"parent":0,"menu_order":1,"comment_status":"closed","ping_status":"closed","template":"template-front-page.php","meta":{"footnotes":""},"class_list":["post-694","page","type-page","status-publish","has-post-thumbnail","hentry"],"_links":{"self":[{"href":"https:\/\/casamimosa-grancanaria.com\/es\/wp-json\/wp\/v2\/pages\/694","targetHints":{"allow":["GET"]}}],"collection":[{"href":"https:\/\/casamimosa-grancanaria.com\/es\/wp-json\/wp\/v2\/pages"}],"about":[{"href":"https:\/\/casamimosa-grancanaria.com\/es\/wp-json\/wp\/v2\/types\/page"}],"author":[{"embeddable":true,"href":"https:\/\/casamimosa-grancanaria.com\/es\/wp-json\/wp\/v2\/users\/1"}],"replies":[{"embeddable":true,"href":"https:\/\/casamimosa-grancanaria.com\/es\/wp-json\/wp\/v2\/comments?post=694"}],"version-history":[{"count":20,"href":"https:\/\/casamimosa-grancanaria.com\/es\/wp-json\/wp\/v2\/pages\/694\/revisions"}],"predecessor-version":[{"id":2526,"href":"https:\/\/casamimosa-grancanaria.com\/es\/wp-json\/wp\/v2\/pages\/694\/revisions\/2526"}],"wp:featuredmedia":[{"embeddable":true,"href":"https:\/\/casamimosa-grancanaria.com\/es\/wp-json\/wp\/v2\/media\/1670"}],"wp:attachment":[{"href":"https:\/\/casamimosa-grancanaria.com\/es\/wp-json\/wp\/v2\/media?parent=694"}],"curies":[{"name":"wp","href":"https:\/\/api.w.org\/{rel}","templated":true}]}}