{"id":613,"date":"2023-06-25T19:11:34","date_gmt":"2023-06-25T19:11:34","guid":{"rendered":"https:\/\/casamimosa-grancanaria.com\/house-features\/"},"modified":"2026-02-04T19:24:19","modified_gmt":"2026-02-04T19:24:19","slug":"caracteristicas","status":"publish","type":"page","link":"https:\/\/casamimosa-grancanaria.com\/es\/caracteristicas\/","title":{"rendered":"Caracter\u00edsticas de Casa Mimosa"},"content":{"rendered":"\n<div class=\"wp-block-media-text alignwide is-stacked-on-mobile\" style=\"grid-template-columns:33% auto\"><figure class=\"wp-block-media-text__media\"><img loading=\"lazy\" decoding=\"async\" width=\"683\" height=\"1024\" src=\"https:\/\/casamimosa-grancanaria.com\/wp-content\/uploads\/2023\/06\/Cocina1-edited-683x1024.jpeg\" alt=\"Cocina de Casa Mimosa\" class=\"wp-image-512 size-large\" srcset=\"https:\/\/casamimosa-grancanaria.com\/wp-content\/uploads\/2023\/06\/Cocina1-edited-683x1024.jpeg 683w, https:\/\/casamimosa-grancanaria.com\/wp-content\/uploads\/2023\/06\/Cocina1-edited-200x300.jpeg 200w, https:\/\/casamimosa-grancanaria.com\/wp-content\/uploads\/2023\/06\/Cocina1-edited-768x1152.jpeg 768w, https:\/\/casamimosa-grancanaria.com\/wp-content\/uploads\/2023\/06\/Cocina1-edited-373x560.jpeg 373w, https:\/\/casamimosa-grancanaria.com\/wp-content\/uploads\/2023\/06\/Cocina1-edited.jpeg 1024w\" sizes=\"auto, (max-width: 683px) 100vw, 683px\" \/><\/figure><div class=\"wp-block-media-text__content\">\n<p>Casa Mimosa est\u00e1 distribuida en dos plantas comunicadas por escaleras. La planta baja da acceso al porche y al jard\u00edn posterior. En la planta baja se encuentra el sal\u00f3n \/ cocina. En la planta alta hay dos acogedores dormitorios y un ba\u00f1o. La casa tiene vistas a las imponentes monta\u00f1as de Tamadaba, que rodean el id\u00edlico Valle de Agaete.<\/p>\n\n\n\n<p>Para su comodidad, le ofrecemos las siguientes instalaciones:<\/p>\n\n\n\n<h2 class=\"wp-block-heading\">Dormitorios<\/h2>\n\n\n\n<ul class=\"wp-block-list\">\n<li>1 dormitorio con cama de 150 cm<\/li>\n\n\n\n<li>1 dormitorio con 2 camas de 90 cm<\/li>\n\n\n\n<li>Cuna plegable a petici\u00f3n<\/li>\n<\/ul>\n<\/div><\/div>\n\n\n\n<div class=\"wp-block-columns is-layout-flex wp-container-core-columns-is-layout-9d6595d7 wp-block-columns-is-layout-flex\">\n<div class=\"wp-block-column is-layout-flow wp-block-column-is-layout-flow\" style=\"flex-basis:50%\">\n<div class=\"wp-block-group\"><div class=\"wp-block-group__inner-container is-layout-constrained wp-block-group-is-layout-constrained\">\n<h2 class=\"wp-block-heading\">Exterior<\/h2>\n\n\n\n<ul class=\"wp-block-list\">\n<li>Piscina de 8m\u00b2, profundidad m\u00e1xima 1,7 metros.<\/li>\n\n\n\n<li>Solarium con dos tumbonas<\/li>\n\n\n\n<li>Agradable terraza con porche canario de madera&nbsp;<\/li>\n\n\n\n<li>Jard\u00edn con plantas aut\u00f3ctonas y \u00e1rboles frutales<\/li>\n\n\n\n<li>Barbacoa<\/li>\n\n\n\n<li>Mesa y cuatro sillas para comer en la terraza<\/li>\n\n\n\n<li>Toallas para uso en la piscina<\/li>\n<\/ul>\n<\/div><\/div>\n<\/div>\n\n\n\n<div class=\"wp-block-column is-layout-flow wp-block-column-is-layout-flow\" style=\"flex-basis:50%\">\n<div class=\"wp-block-group\"><div class=\"wp-block-group__inner-container is-layout-constrained wp-block-group-is-layout-constrained\">\n<h2 class=\"wp-block-heading\">Cocina<\/h2>\n\n\n\n<ul class=\"wp-block-list\">\n<li>Hornilla de gas<\/li>\n\n\n\n<li>Microondas<\/li>\n\n\n\n<li>Nevera con congelador<\/li>\n\n\n\n<li>Vajilla y cuberter\u00eda incl. copas de vino y cava<\/li>\n\n\n\n<li>Utensilios de cocina<\/li>\n\n\n\n<li>Cafetera el\u00e9ctrica y cafetera italiana<\/li>\n\n\n\n<li>Tostadora<\/li>\n\n\n\n<li>Hervidor De Agua<\/li>\n\n\n\n<li>Exprimidor<\/li>\n\n\n\n<li>Batidora de brazo<\/li>\n\n\n\n<li>Mesa comedor y cuatro sillas<\/li>\n\n\n\n<li>Adaptador silla para beb\u00e9 a petici\u00f3n<\/li>\n<\/ul>\n<\/div><\/div>\n<\/div>\n<\/div>\n\n\n\n<div style=\"height:50px\" aria-hidden=\"true\" class=\"wp-block-spacer\"><\/div>\n\n\n\n<div class=\"wp-block-columns is-layout-flex wp-container-core-columns-is-layout-9d6595d7 wp-block-columns-is-layout-flex\">\n<div class=\"wp-block-column is-layout-flow wp-block-column-is-layout-flow\" style=\"flex-basis:50%\">\n<div class=\"wp-block-group\"><div class=\"wp-block-group__inner-container is-layout-constrained wp-block-group-is-layout-constrained\">\n<h2 class=\"wp-block-heading\">Ba\u00f1o<\/h2>\n\n\n\n<ul class=\"wp-block-list\">\n<li>Ba\u00f1era<\/li>\n\n\n\n<li>Toallas<\/li>\n\n\n\n<li>Secador de pelo<\/li>\n\n\n\n<li>Ba\u00f1era de beb\u00e9 a petici\u00f3n<\/li>\n\n\n\n<li>Orinal beb\u00e9 a petici\u00f3n<\/li>\n<\/ul>\n\n\n\n<h2 class=\"wp-block-heading\">Sal\u00f3n<\/h2>\n\n\n\n<ul class=\"wp-block-list\">\n<li>TV<\/li>\n\n\n\n<li>Radio<\/li>\n<\/ul>\n<\/div><\/div>\n<\/div>\n\n\n\n<div class=\"wp-block-column is-layout-flow wp-block-column-is-layout-flow\" style=\"flex-basis:50%\">\n<div class=\"wp-block-group\"><div class=\"wp-block-group__inner-container is-layout-constrained wp-block-group-is-layout-constrained\">\n<h2 class=\"wp-block-heading\">Otros<\/h2>\n\n\n\n<ul class=\"wp-block-list\">\n<li>Lavadora<\/li>\n\n\n\n<li>Tendedero<\/li>\n\n\n\n<li>Plancha<\/li>\n\n\n\n<li>Internet alta velocidad (fibra \u00f3ptica)<\/li>\n\n\n\n<li>Ventiladores<\/li>\n\n\n\n<li>Extintor de incendios<\/li>\n\n\n\n<li>Detectores de humos<\/li>\n<\/ul>\n<\/div><\/div>\n<\/div>\n<\/div>\n\n\n\n<div style=\"height:100px\" aria-hidden=\"true\" class=\"wp-block-spacer\"><\/div>\n\n\n<div id=\"rank-math-faq\" class=\"rank-math-block\">\n<div class=\"rank-math-list \">\n<div id=\"faq-question-1687721204063\" class=\"rank-math-list-item\">\n<h3 class=\"rank-math-question \">\u00bfHay aire acondicionado en Casa Mimosa?<\/h3>\n<div class=\"rank-math-answer \">\n\n<p>No hay muchos otros lugares en el mundo en los que no haga ni fr\u00edo ni excesivo calor. Por eso, entre otros motivos, llaman a estas islas Las Afortunadas. Cuando en Canarias todos se quejan del calor, los habitantes de la mayor parte de la Pen\u00ednsula se alegrar\u00edan del fresquito que hace. Rara vez encontrar\u00e1 m\u00e1s de 30\u00b0C en el Valle de Agaete. Si alguna vez ocurre, hay muchas maneras de combatir el calor. La primera y m\u00e1s obvia es la piscina. Pero no hace falta mojarse para estar fresquitas en Casa Mimosa. El precioso porche canario le da mucha sombra a la terraza que le permitir\u00e1 protegerse del calor. En las horas m\u00e1s frescas del d\u00eda, mantenga abiertas las ventanas para que circule el aire y no se estanque el calor. En las horas de m\u00e1s calor cierre las ventanas para mantener el fresco. Hay un ventilador a disposici\u00f3n de los hu\u00e9spedes.<\/p>\n\n<\/div>\n<\/div>\n<div id=\"faq-question-1687721708142\" class=\"rank-math-list-item\">\n<h3 class=\"rank-math-question \">\u00bfTiene calefacci\u00f3n la casa?<\/h3>\n<div class=\"rank-math-answer \">\n\n<p>Los inviernos en Agaete, con temperaturas m\u00ednimas de 15\u00b0C, son tan suaves que considero que no tiene sentido poner calefacci\u00f3n en una casa. Le recomiendo abrir las ventanas durante el d\u00eda para que se cald\u00e9e la casa y cerrarlas en cuanto caiga el sol para que no se enfr\u00ede.\u00a0<\/p>\n\n<\/div>\n<\/div>\n<div id=\"faq-question-1687721733386\" class=\"rank-math-list-item\">\n<h3 class=\"rank-math-question \">\u00bfCu\u00e1ntas personas pueden alojarse en Casa Mimosa?<\/h3>\n<div class=\"rank-math-answer \">\n\n<p>Casa Mimosa tiene capacidad para hasta cuatro personas.<\/p>\n\n<\/div>\n<\/div>\n<div id=\"faq-question-1687721809475\" class=\"rank-math-list-item\">\n<h3 class=\"rank-math-question \">\u00bfC\u00f3mo puedo llegar a Casa Mimosa?<\/h3>\n<div class=\"rank-math-answer \">\n\n<p>Seg\u00fan si llega a la isla en avi\u00f3n o en barco, hay diferentes opciones que hemos detallado en la p\u00e1gina \u201c<a href=\"\/es\/como-llegar-a-casa-mimosa\/\" target=\"_blank\" data-type=\"URL\" data-id=\"\/como-llegar-a-casa-mimosa\/\" rel=\"noreferrer noopener\">C\u00f3mo llegar a Casa Mimosa<\/a>\u201d.<\/p>\n\n<\/div>\n<\/div>\n<div id=\"faq-question-1687721928626\" class=\"rank-math-list-item\">\n<h3 class=\"rank-math-question \">\u00bfPuedo alojarme en Casa Mimosa sin alquilar un coche?<\/h3>\n<div class=\"rank-math-answer \">\n\n<p>\u00a0A la mayor\u00eda de las personas que est\u00e1n acostumbradas a tener coche les parecer\u00e1 inc\u00f3modo prescindir del coche estando alojadas en Casa Mimosa. Pero si usted viaja ligera de equipaje y le gusta caminar, como es mi caso, es perfectamente factible. El pueblo de Agaete est\u00e1 a s\u00f3lo tres kil\u00f3metros (\u00bfqui\u00e9n no camina 3 km en su d\u00eda a d\u00eda?) y el Puerto de las Nieves a 4,5 km. Para visitar otros lugares de la isla es m\u00e1s c\u00f3modo hacerlo en coche, pero las guaguas tambi\u00e9n llegan a todos los pueblos.\u00a0<br \/>Si el objetivo de su visita es hacer senderismo, desde Casa Mimosa tiene muchas rutas entre las que elegir.<\/p>\n\n<\/div>\n<\/div>\n<div id=\"faq-question-1687721955601\" class=\"rank-math-list-item\">\n<h3 class=\"rank-math-question \">\u00bfHay aparcamiento en Casa Mimosa?<\/h3>\n<div class=\"rank-math-answer \">\n\n<p>Delante de la casa siempre hay hueco donde aparcar su veh\u00edculo. La Suerte es una urbanizaci\u00f3n muy tranquila en la que no hay tr\u00e1fico de paso.<\/p>\n\n<\/div>\n<\/div>\n<div id=\"faq-question-1687721977944\" class=\"rank-math-list-item\">\n<h3 class=\"rank-math-question \">\u00bfPuedo teletrabajar desde Casa Mimosa?<\/h3>\n<div class=\"rank-math-answer \">\n\n<p>\u00a1Por supuesto! Tenemos contratado wifi por fibra \u00f3ptica de 1 GB de capacidad precisamente pensando en los hu\u00e9spedes que des\u00e9en trabajar en la casa. De hecho, nos parece un lugar id\u00edlico para trabajar. No hay nada m\u00e1s vigorizante que un buen chapuz\u00f3n en el mar antes de comenzar o al acabar la jornada de trabajo. O una caminata por el Valle en invierno.<\/p>\n\n<\/div>\n<\/div>\n<div id=\"faq-question-1687722033072\" class=\"rank-math-list-item\">\n<h3 class=\"rank-math-question \">\u00bfPuedo celebrar una fiesta en Casa Mimosa?<\/h3>\n<div class=\"rank-math-answer \">\n\n<p>Por respeto a los vecinos no est\u00e1n permitidas las fiestas en la casa.<\/p>\n\n<\/div>\n<\/div>\n<\/div>\n<\/div>","protected":false},"excerpt":{"rendered":"<p>Exterior Cocina Ba\u00f1o Sal\u00f3n Otros<\/p>\n","protected":false},"author":1,"featured_media":0,"parent":0,"menu_order":0,"comment_status":"closed","ping_status":"closed","template":"template-full-width-grid-page.php","meta":{"footnotes":""},"class_list":["post-613","page","type-page","status-publish","hentry"],"_links":{"self":[{"href":"https:\/\/casamimosa-grancanaria.com\/es\/wp-json\/wp\/v2\/pages\/613","targetHints":{"allow":["GET"]}}],"collection":[{"href":"https:\/\/casamimosa-grancanaria.com\/es\/wp-json\/wp\/v2\/pages"}],"about":[{"href":"https:\/\/casamimosa-grancanaria.com\/es\/wp-json\/wp\/v2\/types\/page"}],"author":[{"embeddable":true,"href":"https:\/\/casamimosa-grancanaria.com\/es\/wp-json\/wp\/v2\/users\/1"}],"replies":[{"embeddable":true,"href":"https:\/\/casamimosa-grancanaria.com\/es\/wp-json\/wp\/v2\/comments?post=613"}],"version-history":[{"count":16,"href":"https:\/\/casamimosa-grancanaria.com\/es\/wp-json\/wp\/v2\/pages\/613\/revisions"}],"predecessor-version":[{"id":2602,"href":"https:\/\/casamimosa-grancanaria.com\/es\/wp-json\/wp\/v2\/pages\/613\/revisions\/2602"}],"wp:attachment":[{"href":"https:\/\/casamimosa-grancanaria.com\/es\/wp-json\/wp\/v2\/media?parent=613"}],"curies":[{"name":"wp","href":"https:\/\/api.w.org\/{rel}","templated":true}]}}