{"id":462,"date":"2023-06-17T17:00:01","date_gmt":"2023-06-17T17:00:01","guid":{"rendered":"https:\/\/casamimosa-grancanaria.com\/la-casa\/"},"modified":"2024-08-04T19:31:10","modified_gmt":"2024-08-04T19:31:10","slug":"la-casa","status":"publish","type":"page","link":"https:\/\/casamimosa-grancanaria.com\/es\/la-casa\/","title":{"rendered":"La casa"},"content":{"rendered":"\n<div class=\"wp-block-media-text alignwide is-stacked-on-mobile\" style=\"grid-template-columns:66% auto\"><figure class=\"wp-block-media-text__media\"><a href=\"\/es\/casa-rural-con-piscina-privada-en-gran-canaria\/\"><img loading=\"lazy\" decoding=\"async\" width=\"1024\" height=\"767\" src=\"https:\/\/casamimosa-grancanaria.com\/wp-content\/uploads\/2023\/07\/Piscina1-1024x767.jpeg\" alt=\"piscina en casa rural en el valle de Agaete en gran canaria\" class=\"wp-image-910 size-full\" srcset=\"https:\/\/casamimosa-grancanaria.com\/wp-content\/uploads\/2023\/07\/Piscina1-1024x767.jpeg 1024w, https:\/\/casamimosa-grancanaria.com\/wp-content\/uploads\/2023\/07\/Piscina1-300x225.jpeg 300w, https:\/\/casamimosa-grancanaria.com\/wp-content\/uploads\/2023\/07\/Piscina1-768x576.jpeg 768w, https:\/\/casamimosa-grancanaria.com\/wp-content\/uploads\/2023\/07\/Piscina1-1536x1151.jpeg 1536w, https:\/\/casamimosa-grancanaria.com\/wp-content\/uploads\/2023\/07\/Piscina1-747x560.jpeg 747w, https:\/\/casamimosa-grancanaria.com\/wp-content\/uploads\/2023\/07\/Piscina1.jpeg 1995w\" sizes=\"auto, (max-width: 1024px) 100vw, 1024px\" \/><\/a><\/figure><div class=\"wp-block-media-text__content\">\n<h2 class=\"wp-block-heading\"><a href=\"\/es\/casa-rural-con-piscina-privada-en-gran-canaria\/\" target=\"_blank\" data-type=\"URL\" data-id=\"\/es\/casa-rural-con-piscina-privada-en-gran-canaria\/\" rel=\"noreferrer noopener\">Casa rural con piscina privada en Gran Canaria<\/a><\/h2>\n\n\n\n<p>Descubre todo lo que Casa Mimosa puede ofrecerte en tu pr\u00f3xima estancia en la isla.<\/p>\n<\/div><\/div>\n\n\n\n<div style=\"height:30px\" aria-hidden=\"true\" class=\"wp-block-spacer\"><\/div>\n\n\n\n<div class=\"wp-block-buttons alignwide is-content-justification-center is-layout-flex wp-container-core-buttons-is-layout-16018d1d wp-block-buttons-is-layout-flex\">\n<div class=\"wp-block-button has-custom-width wp-block-button__width-25\"><a class=\"wp-block-button__link wp-element-button\" href=\"\/es\/reservas\/\" target=\"_blank\" rel=\"noreferrer noopener\">VER DISPONIBILIDAD<\/a><\/div>\n<\/div>\n\n\n\n<div style=\"height:50px\" aria-hidden=\"true\" class=\"wp-block-spacer\"><\/div>\n\n\n\n<div class=\"wp-block-media-text alignwide has-media-on-the-right is-stacked-on-mobile\" style=\"grid-template-columns:auto 66%\"><div class=\"wp-block-media-text__content\">\n<h2 class=\"wp-block-heading\"><a href=\"\/es\/como-llegar-a-casa-mimosa\/\" target=\"_blank\" data-type=\"URL\" data-id=\"\/es\/como-llegar-a-casa-mimosa\/\" rel=\"noreferrer noopener\">C\u00f3mo llegar a Casa Mimosa<\/a><\/h2>\n\n\n\n<p>Encuentra el camino a la casa, en coche o en transporte p\u00fablico.<\/p>\n<\/div><figure class=\"wp-block-media-text__media\"><a href=\"\/es\/como-llegar-a-casa-mimosa\/\"><img loading=\"lazy\" decoding=\"async\" width=\"603\" height=\"454\" src=\"https:\/\/casamimosa-grancanaria.com\/wp-content\/uploads\/2023\/06\/Casa-Mimosa-map-1.jpg\" alt=\"\" class=\"wp-image-371 size-full\" srcset=\"https:\/\/casamimosa-grancanaria.com\/wp-content\/uploads\/2023\/06\/Casa-Mimosa-map-1.jpg 603w, https:\/\/casamimosa-grancanaria.com\/wp-content\/uploads\/2023\/06\/Casa-Mimosa-map-1-300x226.jpg 300w\" sizes=\"auto, (max-width: 603px) 100vw, 603px\" \/><\/a><\/figure><\/div>\n\n\n\n<div style=\"height:30px\" aria-hidden=\"true\" class=\"wp-block-spacer\"><\/div>\n\n\n\n<div class=\"wp-block-buttons alignwide is-content-justification-center is-layout-flex wp-container-core-buttons-is-layout-16018d1d wp-block-buttons-is-layout-flex\">\n<div class=\"wp-block-button has-custom-width wp-block-button__width-25\"><a class=\"wp-block-button__link wp-element-button\" href=\"\/es\/reservas\/\" target=\"_blank\" rel=\"noreferrer noopener\">reservar ahora<\/a><\/div>\n<\/div>\n\n\n\n<div style=\"height:50px\" aria-hidden=\"true\" class=\"wp-block-spacer\"><\/div>\n\n\n\n<div class=\"wp-block-media-text alignwide is-stacked-on-mobile\" style=\"grid-template-columns:66% auto\"><figure class=\"wp-block-media-text__media\"><a href=\"\/es\/caracteristicas\/\"><img loading=\"lazy\" decoding=\"async\" width=\"1024\" height=\"768\" src=\"https:\/\/casamimosa-grancanaria.com\/wp-content\/uploads\/2023\/06\/Cocina1-1024x768.jpeg\" alt=\"cocina de Casa Mimosa\" class=\"wp-image-107 size-full\" srcset=\"https:\/\/casamimosa-grancanaria.com\/wp-content\/uploads\/2023\/06\/Cocina1-1024x768.jpeg 1024w, https:\/\/casamimosa-grancanaria.com\/wp-content\/uploads\/2023\/06\/Cocina1-300x225.jpeg 300w, https:\/\/casamimosa-grancanaria.com\/wp-content\/uploads\/2023\/06\/Cocina1-768x576.jpeg 768w, https:\/\/casamimosa-grancanaria.com\/wp-content\/uploads\/2023\/06\/Cocina1-1536x1152.jpeg 1536w, https:\/\/casamimosa-grancanaria.com\/wp-content\/uploads\/2023\/06\/Cocina1-747x560.jpeg 747w, https:\/\/casamimosa-grancanaria.com\/wp-content\/uploads\/2023\/06\/Cocina1-2000x1500.jpeg 2000w, https:\/\/casamimosa-grancanaria.com\/wp-content\/uploads\/2023\/06\/Cocina1.jpeg 2048w\" sizes=\"auto, (max-width: 1024px) 100vw, 1024px\" \/><\/a><\/figure><div class=\"wp-block-media-text__content\">\n<h2 class=\"wp-block-heading\"><a href=\"\/es\/caracteristicas\/\" target=\"_blank\" data-type=\"URL\" data-id=\"\/es\/caracteristicas\/\" rel=\"noreferrer noopener\">Servicios y caracter\u00edsticas de la casa<\/a><\/h2>\n\n\n\n<p>Cafetera? Secador? Encontrar\u00e1s todo lo que necesitas para tu estancia.<\/p>\n<\/div><\/div>\n\n\n\n<div style=\"height:30px\" aria-hidden=\"true\" class=\"wp-block-spacer\"><\/div>\n\n\n\n<div class=\"wp-block-buttons alignwide is-content-justification-center is-layout-flex wp-container-core-buttons-is-layout-16018d1d wp-block-buttons-is-layout-flex\">\n<div class=\"wp-block-button has-custom-width wp-block-button__width-25\"><a class=\"wp-block-button__link wp-element-button\" href=\"\/es\/reservas\/\" target=\"_blank\" rel=\"noreferrer noopener\">hacer una reserva<\/a><\/div>\n<\/div>\n","protected":false},"excerpt":{"rendered":"<p>Casa rural con piscina privada en Gran Canaria Descubre todo lo que Casa Mimosa puede ofrecerte en tu pr\u00f3xima estancia en la isla. C\u00f3mo llegar a Casa Mimosa Encuentra el camino a la casa, en coche o en transporte p\u00fablico. Servicios y caracter\u00edsticas de la casa Cafetera? Secador? Encontrar\u00e1s todo lo que necesitas para tu &hellip; <a href=\"https:\/\/casamimosa-grancanaria.com\/es\/la-casa\/\" class=\"more-link\">Continue reading<span class=\"screen-reader-text\"> \u00abLa casa\u00bb<\/span><\/a><\/p>\n","protected":false},"author":1,"featured_media":0,"parent":0,"menu_order":0,"comment_status":"closed","ping_status":"closed","template":"template-full-width-grid-page.php","meta":{"footnotes":""},"class_list":["post-462","page","type-page","status-publish","hentry"],"_links":{"self":[{"href":"https:\/\/casamimosa-grancanaria.com\/es\/wp-json\/wp\/v2\/pages\/462","targetHints":{"allow":["GET"]}}],"collection":[{"href":"https:\/\/casamimosa-grancanaria.com\/es\/wp-json\/wp\/v2\/pages"}],"about":[{"href":"https:\/\/casamimosa-grancanaria.com\/es\/wp-json\/wp\/v2\/types\/page"}],"author":[{"embeddable":true,"href":"https:\/\/casamimosa-grancanaria.com\/es\/wp-json\/wp\/v2\/users\/1"}],"replies":[{"embeddable":true,"href":"https:\/\/casamimosa-grancanaria.com\/es\/wp-json\/wp\/v2\/comments?post=462"}],"version-history":[{"count":12,"href":"https:\/\/casamimosa-grancanaria.com\/es\/wp-json\/wp\/v2\/pages\/462\/revisions"}],"predecessor-version":[{"id":2132,"href":"https:\/\/casamimosa-grancanaria.com\/es\/wp-json\/wp\/v2\/pages\/462\/revisions\/2132"}],"wp:attachment":[{"href":"https:\/\/casamimosa-grancanaria.com\/es\/wp-json\/wp\/v2\/media?parent=462"}],"curies":[{"name":"wp","href":"https:\/\/api.w.org\/{rel}","templated":true}]}}