{"id":407,"date":"2023-06-14T19:28:26","date_gmt":"2023-06-14T19:28:26","guid":{"rendered":"https:\/\/casamimosa-grancanaria.com\/?page_id=407"},"modified":"2025-02-19T18:59:35","modified_gmt":"2025-02-19T18:59:35","slug":"reservas","status":"publish","type":"page","link":"https:\/\/casamimosa-grancanaria.com\/es\/reservas\/","title":{"rendered":"Reserve su estancia"},"content":{"rendered":"\n<iframe src=\"https:\/\/w.hostexbooking.site\/widget\/107674?site_type=1&#038;host_id=101960&#038;listing_id=107674&#038;enabled=1\" frameborder=\"0\" width=\"100%\" style=\"min-height: 620px\"><\/iframe>\n\n\n\n<p>Para realizar una reserva*, elija las fechas en el calendario, inserte el n\u00famero de personas y siga las instrucciones. Si tiene alguna duda, <a href=\"https:\/\/casamimosa-grancanaria.com\/es\/contacto\/\" data-type=\"page\" data-id=\"945\">contacte con nosotros<\/a>.<\/p>\n\n\n\n<p>*<strong>Atenci\u00f3n<\/strong>: para las reservas directas, pedimos una <strong>fianza de 150 euros<\/strong> por estancia. La fianza ser\u00e1 reembolsada autom\u00e1ticamente a las 20:00 el d\u00eda de la salida, siempre y cuando no haya da\u00f1os ni el estado en que quede la casa requiera una limpieza extraordinaria. No pedimos fianza para reservas a trav\u00e9s de Airbnb o Booking.com, ya que estas plataformas tienen sistemas de arbitraje para cubrir posibles da\u00f1os.<\/p>\n\n\n\n<p>Por favor, lea nuestras <a href=\"https:\/\/casamimosa-grancanaria.com\/es\/normas-de-la-casa\/\" data-type=\"page\" data-id=\"1329\"><strong>normas de la casa<\/strong><\/a> antes de reservar su estancia. Al proceder a la reserva usted acepta impl\u00edcitamente el cumplimiento de las normas.<\/p>\n","protected":false},"excerpt":{"rendered":"<p>Para realizar una reserva*, elija las fechas en el calendario, inserte el n\u00famero de personas y siga las instrucciones. Si tiene alguna duda, contacte con nosotros. *Atenci\u00f3n: para las reservas directas, pedimos una fianza de 150 euros por estancia. La fianza ser\u00e1 reembolsada autom\u00e1ticamente a las 20:00 el d\u00eda de la salida, siempre y cuando &hellip; <a href=\"https:\/\/casamimosa-grancanaria.com\/es\/reservas\/\" class=\"more-link\">Continue reading<span class=\"screen-reader-text\"> \u00abReserve su estancia\u00bb<\/span><\/a><\/p>\n","protected":false},"author":1,"featured_media":0,"parent":0,"menu_order":0,"comment_status":"closed","ping_status":"closed","template":"","meta":{"footnotes":""},"class_list":["post-407","page","type-page","status-publish","hentry"],"_links":{"self":[{"href":"https:\/\/casamimosa-grancanaria.com\/es\/wp-json\/wp\/v2\/pages\/407","targetHints":{"allow":["GET"]}}],"collection":[{"href":"https:\/\/casamimosa-grancanaria.com\/es\/wp-json\/wp\/v2\/pages"}],"about":[{"href":"https:\/\/casamimosa-grancanaria.com\/es\/wp-json\/wp\/v2\/types\/page"}],"author":[{"embeddable":true,"href":"https:\/\/casamimosa-grancanaria.com\/es\/wp-json\/wp\/v2\/users\/1"}],"replies":[{"embeddable":true,"href":"https:\/\/casamimosa-grancanaria.com\/es\/wp-json\/wp\/v2\/comments?post=407"}],"version-history":[{"count":30,"href":"https:\/\/casamimosa-grancanaria.com\/es\/wp-json\/wp\/v2\/pages\/407\/revisions"}],"predecessor-version":[{"id":2537,"href":"https:\/\/casamimosa-grancanaria.com\/es\/wp-json\/wp\/v2\/pages\/407\/revisions\/2537"}],"wp:attachment":[{"href":"https:\/\/casamimosa-grancanaria.com\/es\/wp-json\/wp\/v2\/media?parent=407"}],"curies":[{"name":"wp","href":"https:\/\/api.w.org\/{rel}","templated":true}]}}