{"id":248,"date":"2023-06-21T18:29:34","date_gmt":"2023-06-21T18:29:34","guid":{"rendered":"https:\/\/casamimosa-grancanaria.com\/termini-e-condizioni\/"},"modified":"2023-06-21T19:10:09","modified_gmt":"2023-06-21T19:10:09","slug":"aviso-legal","status":"publish","type":"page","link":"https:\/\/casamimosa-grancanaria.com\/es\/aviso-legal\/","title":{"rendered":"Aviso legal"},"content":{"rendered":"\n<p class=\"has-small-font-size\">Informaci\u00f3n seg\u00fan \u00a7 5 TMG<\/p>\n\n\n\n<p class=\"has-small-font-size\">Cecilia Fleta Gonz\u00e1lez<br>Swinem\u00fcnder Str.45B<br>13355 Berlin<\/p>\n\n\n\n<p class=\"has-small-font-size\">Contacto<br>Correo electr\u00f3nico: info@casamimosa-grancanaria.com<br>Responsable del contenido seg\u00fan \u00a7 55 Abs. 2 RStV:<br>Cecilia Flota Gonz\u00e1lez<\/p>\n\n\n\n<p class=\"has-small-font-size\">Descargo de responsabilidad:<\/p>\n\n\n\n<p class=\"has-small-font-size\">Responsabilidad por los contenidos<\/p>\n\n\n\n<p class=\"has-small-font-size\">Los contenidos de nuestras p\u00e1ginas han sido elaborados con el mayor esmero. Sin embargo, no podemos garantizar la exactitud, integridad y actualidad de los contenidos. Como proveedor de servicios, somos responsables de nuestros propios contenidos en estas p\u00e1ginas de acuerdo con las leyes generales seg\u00fan \u00a7 7 p\u00e1rrafo 1 TMG. Sin embargo, seg\u00fan \u00a7\u00a7 8 a 10 TMG, como proveedor de servicios no estamos obligados a controlar la informaci\u00f3n ajena transmitida o almacenada ni a investigar circunstancias que indiquen una actividad ilegal. Esto no afecta a las obligaciones de eliminar o bloquear el uso de informaci\u00f3n de conformidad con las leyes generales. Sin embargo, la responsabilidad a este respecto s\u00f3lo es posible a partir del momento en que se tiene conocimiento de una infracci\u00f3n concreta de la ley. Si tenemos conocimiento de alguna infracci\u00f3n de este tipo, eliminaremos inmediatamente el contenido correspondiente.<\/p>\n\n\n\n<p class=\"has-small-font-size\">Responsabilidad por enlaces<\/p>\n\n\n\n<p class=\"has-small-font-size\">Nuestro sitio web contiene enlaces a sitios web externos de terceros sobre cuyo contenido no tenemos ninguna influencia. Por lo tanto, no podemos asumir ninguna responsabilidad por estos contenidos externos. El respectivo proveedor u operador de las p\u00e1ginas es siempre responsable del contenido de las p\u00e1ginas enlazadas. En el momento de establecer el enlace se comprob\u00f3 si las p\u00e1ginas enlazadas infring\u00edan la ley. En el momento de establecer el enlace no se detectaron contenidos ilegales. Sin embargo, no es razonable un control permanente de los contenidos de las p\u00e1ginas enlazadas sin indicios concretos de una infracci\u00f3n legal. Si tuvi\u00e9ramos conocimiento de alguna infracci\u00f3n de la ley, eliminar\u00edamos inmediatamente dichos enlaces.<\/p>\n\n\n\n<p class=\"has-small-font-size\">Derechos de autor<\/p>\n\n\n\n<p class=\"has-small-font-size\">Los contenidos y obras de estas p\u00e1ginas creados por los operadores del sitio est\u00e1n sujetos a la legislaci\u00f3n alemana sobre derechos de autor. La reproducci\u00f3n, procesamiento, distribuci\u00f3n o cualquier forma de comercializaci\u00f3n de dicho material m\u00e1s all\u00e1 del alcance de la ley de derechos de autor requerir\u00e1 el consentimiento previo por escrito de su respectivo autor o creador. Las descargas y copias de este sitio s\u00f3lo est\u00e1n permitidas para uso privado y no comercial. En la medida en que el contenido de este sitio no haya sido creado por el operador, se respetan los derechos de autor de terceros. En particular, los contenidos de terceros est\u00e1n marcados como tales. No obstante, si tiene conocimiento de una infracci\u00f3n de los derechos de autor, le rogamos que nos lo comunique. Si tenemos conocimiento de alguna infracci\u00f3n, eliminaremos inmediatamente dicho contenido.<\/p>\n\n\n\n<p class=\"has-small-font-size\">Protecci\u00f3n de datos<\/p>\n\n\n\n<p class=\"has-small-font-size\">Por regla general, es posible utilizar nuestro sitio web sin facilitar datos personales. En la medida en que en nuestras p\u00e1ginas se recaben datos personales (por ejemplo, nombre, direcci\u00f3n o direcciones de correo electr\u00f3nico), siempre se har\u00e1, en la medida de lo posible, de forma voluntaria. Estos datos no se transmitir\u00e1n a terceros sin su consentimiento expreso.<br>Advertimos que la transmisi\u00f3n de datos en Internet (por ejemplo, la comunicaci\u00f3n por correo electr\u00f3nico) puede presentar lagunas de seguridad. No es posible una protecci\u00f3n completa de los datos contra el acceso de terceros.<br>Por la presente se proh\u00edbe expresamente el uso de los datos de contacto publicados en el marco de la obligaci\u00f3n del pie de imprenta por parte de terceros para el env\u00edo de publicidad y material informativo no solicitado expresamente. Los operadores de las p\u00e1ginas se reservan expresamente el derecho a emprender acciones legales en caso de env\u00edo no solicitado de informaci\u00f3n publicitaria, por ejemplo mediante correos spam.<\/p>\n\n\n\n<p class=\"has-small-font-size\">Google Analytics<\/p>\n\n\n\n<p class=\"has-small-font-size\">Esta p\u00e1gina web utiliza Google Analytics, un servicio anal\u00edtico de web prestado por Google, Inc (\u00abGoogle\u00bb). Google Analytics utiliza \u00abcookies\u00bb, que son archivos de texto ubicados en su ordenador, para ayudar al website a analizar el uso que hacen los usuarios del sitio web. La informaci\u00f3n que genera la cookie acerca de su uso del website (incluyendo su direcci\u00f3n IP) ser\u00e1 directamente transmitida y archivada por Google en los servidores de Estados Unidos. Google usar\u00e1 esta informaci\u00f3n por cuenta nuestra con el prop\u00f3sito de seguir la pista de su uso del website, recopilando informes de la actividad del website y prestando otros servicios relacionados con la actividad del website y el uso de Internet. Google podr\u00e1 transmitir dicha informaci\u00f3n a terceros cuando as\u00ed se lo requiera la legislaci\u00f3n, o cuando dichos terceros procesen la informaci\u00f3n por cuenta de Google. Google no asociar\u00e1 su direcci\u00f3n IP con ning\u00fan otro dato del que disponga Google. Puede Usted rechazar el tratamiento de los datos o la informaci\u00f3n rechazando el uso de cookies mediante la selecci\u00f3n de la configuraci\u00f3n apropiada de su navegador, sin embargo, debe Usted saber que si lo hace puede ser que no pueda usar la plena funcionabilidad de este website. Al utilizar este website Usted consiente el tratamiento de informaci\u00f3n acerca de Usted por Google en la forma y para los fines arriba indicados.<\/p>\n","protected":false},"excerpt":{"rendered":"<p>Informaci\u00f3n seg\u00fan \u00a7 5 TMG Cecilia Fleta Gonz\u00e1lezSwinem\u00fcnder Str.45B13355 Berlin ContactoCorreo electr\u00f3nico: info@casamimosa-grancanaria.comResponsable del contenido seg\u00fan \u00a7 55 Abs. 2 RStV:Cecilia Flota Gonz\u00e1lez Descargo de responsabilidad: Responsabilidad por los contenidos Los contenidos de nuestras p\u00e1ginas han sido elaborados con el mayor esmero. Sin embargo, no podemos garantizar la exactitud, integridad y actualidad de los contenidos. &hellip; <a href=\"https:\/\/casamimosa-grancanaria.com\/es\/aviso-legal\/\" class=\"more-link\">Continue reading<span class=\"screen-reader-text\"> \u00abAviso legal\u00bb<\/span><\/a><\/p>\n","protected":false},"author":1,"featured_media":0,"parent":0,"menu_order":0,"comment_status":"closed","ping_status":"closed","template":"template-full-width-page.php","meta":{"footnotes":""},"class_list":["post-248","page","type-page","status-publish","hentry"],"_links":{"self":[{"href":"https:\/\/casamimosa-grancanaria.com\/es\/wp-json\/wp\/v2\/pages\/248","targetHints":{"allow":["GET"]}}],"collection":[{"href":"https:\/\/casamimosa-grancanaria.com\/es\/wp-json\/wp\/v2\/pages"}],"about":[{"href":"https:\/\/casamimosa-grancanaria.com\/es\/wp-json\/wp\/v2\/types\/page"}],"author":[{"embeddable":true,"href":"https:\/\/casamimosa-grancanaria.com\/es\/wp-json\/wp\/v2\/users\/1"}],"replies":[{"embeddable":true,"href":"https:\/\/casamimosa-grancanaria.com\/es\/wp-json\/wp\/v2\/comments?post=248"}],"version-history":[{"count":1,"href":"https:\/\/casamimosa-grancanaria.com\/es\/wp-json\/wp\/v2\/pages\/248\/revisions"}],"predecessor-version":[{"id":250,"href":"https:\/\/casamimosa-grancanaria.com\/es\/wp-json\/wp\/v2\/pages\/248\/revisions\/250"}],"wp:attachment":[{"href":"https:\/\/casamimosa-grancanaria.com\/es\/wp-json\/wp\/v2\/media?parent=248"}],"curies":[{"name":"wp","href":"https:\/\/api.w.org\/{rel}","templated":true}]}}