{"id":206,"date":"2023-06-18T18:58:09","date_gmt":"2023-06-18T18:58:09","guid":{"rendered":"https:\/\/casamimosa-grancanaria.com\/how-to-get-to-casa-mimosa\/"},"modified":"2023-09-04T18:58:54","modified_gmt":"2023-09-04T18:58:54","slug":"como-llegar-a-casa-mimosa","status":"publish","type":"page","link":"https:\/\/casamimosa-grancanaria.com\/es\/como-llegar-a-casa-mimosa\/","title":{"rendered":"C\u00f3mo llegar a Casa Mimosa"},"content":{"rendered":"\n<p>Si es la primera vez que viaja a Gran Canaria puede seguir estas indicaciones para llegar hasta su alojamiento en el Valle de Agaete. <\/p>\n\n\n\n<p>No es necesario alquilar un coche para alojarse en Casa Mimosa. Si acostumbra a tener coche en todas sus vacaciones le ser\u00e1 dif\u00edcil prescindir de \u00e9l. Pero si es de los que, como yo, prefieren vivir sin coche, puede usar la guagua (autob\u00fas) como medio de transporte por la isla. Las<a href=\"https:\/\/guaguasglobal.com\/\" target=\"_blank\" rel=\"noopener\"> guaguas de Gran Canaria<\/a> son bastante puntuales y c\u00f3modas.&nbsp;<\/p>\n\n\n\n<h2 class=\"wp-block-heading\">C\u00f3mo llegar a Agaete desde el aeropuerto de Gran Canaria<\/h2>\n\n\n\n<p>El aeropuerto de Gran Canaria est\u00e1 en la costa este de la isla. Para llegar desde all\u00ed hasta Agaete tiene varias opciones.<\/p>\n\n\n\n<iframe src=\"https:\/\/www.google.com\/maps\/embed?pb=!1m18!1m12!1m3!1d3519.892854066659!2d-15.678258525982779!3d28.088810975965988!2m3!1f0!2f0!3f0!3m2!1i1024!2i768!4f13.1!3m3!1m2!1s0xc408c8811cb7639%3A0xac8c36bad4c62e44!2sC.%20Guaydil%2C%202%2C%2035489%20Urb.%20la%20Suerte%2C%20Las%20Palmas%2C%20Espa%C3%B1a!5e0!3m2!1ses!2sde!4v1687108624896!5m2!1ses!2sde\" width=\"600\" height=\"450\" style=\"border:0;\" allowfullscreen=\"\" loading=\"lazy\" referrerpolicy=\"no-referrer-when-downgrade\"><\/iframe>\n\n\n\n<h3 class=\"wp-block-heading\">En coche de alquiler<\/h3>\n\n\n\n<p>La mayor\u00eda de los turistas en Gran Canaria alquilan un coche. Si usted no quiere renunciar a la comodidad de tener su propio veh\u00edculo, le recomendamos que lo recoja directamente en el aeropuerto. Desde all\u00ed s\u00f3lo tiene que tomar la autopista hacia Las Palmas. Al llegar a la Avenida Mar\u00edtima de Las Palmas encontrar\u00e1 indicaciones para ir a Agaete. Est\u00e1 muy bien se\u00f1alizado y no tiene p\u00e9rdida. Si pone el navegador de Google Maps ser\u00e1 m\u00e1s f\u00e1cil a\u00fan.<\/p>\n\n\n\n<p>Al llegar al pueblo de Agaete debe buscar las indicaciones para el Valle. Tres kil\u00f3metros despu\u00e9s se encontrar\u00e1 en la entrada (a la izquierda) de la Urbanizaci\u00f3n La Suerte. Casa Mimosa se encuentra en la calle Guaydil n\u00b0 2.<\/p>\n\n\n\n<h3 class=\"wp-block-heading\">En guagua<\/h3>\n\n\n\n<div class=\"wp-block-columns is-layout-flex wp-container-core-columns-is-layout-9d6595d7 wp-block-columns-is-layout-flex\">\n<div class=\"wp-block-column is-layout-flow wp-block-column-is-layout-flow\" style=\"flex-basis:50%\">\n<p>La guagua que va del aeropuerto a Las Palmas es muy r\u00e1pida y c\u00f3moda.Yo la uso con frecuencia cuando no voy muy cargada. Estos son<a style=\"\" href=\"https:\/\/www.guaguasglobal.com\/pdflineas\/Linea_60.pdf\" target=\"_blank\" rel=\"noopener\"> los horarios<\/a>. Una vez en Las Palmas, tiene que bajarse en San Telmo para all\u00ed coger <a style=\"\" href=\"https:\/\/guaguasglobal.com\/pdflineas\/Linea_100.pdf\" data-type=\"link\" data-id=\"https:\/\/guaguasglobal.com\/pdflineas\/Linea_100.pdf\" target=\"_blank\" rel=\"noopener\">la guagua directa a G\u00e1ldar<\/a>.&nbsp;Hay <a href=\"https:\/\/guaguasglobal.com\/pdflineas\/Linea_102.pdf\" target=\"_blank\" rel=\"noopener\">cuatro guaguas diarias que van de G\u00e1ldar al Valle de Agaete<\/a>. Debe bajarse en la parada \u201cLa Suerte\u00bb, y de ah\u00ed <a href=\"https:\/\/goo.gl\/maps\/tMarDreGYPC4FMj26\" target=\"_blank\" rel=\"noopener\">subir hasta la casa<\/a> a pi\u00e9. Esta misma guagua, la 102, la puede coger cada vez que quiera ir al Puerto de las Nieves<\/p>\n\n\n\n<p> <\/p>\n<\/div>\n\n\n\n<div class=\"wp-block-column is-layout-flow wp-block-column-is-layout-flow\" style=\"flex-basis:50%\">\n<figure class=\"wp-block-image size-large\"><img loading=\"lazy\" decoding=\"async\" width=\"1024\" height=\"768\" src=\"https:\/\/casamimosa-grancanaria.com\/wp-content\/uploads\/2023\/08\/20230826222242582-1024x768.jpg\" alt=\"\" class=\"wp-image-1230\" srcset=\"https:\/\/casamimosa-grancanaria.com\/wp-content\/uploads\/2023\/08\/20230826222242582-1024x768.jpg 1024w, https:\/\/casamimosa-grancanaria.com\/wp-content\/uploads\/2023\/08\/20230826222242582-300x225.jpg 300w, https:\/\/casamimosa-grancanaria.com\/wp-content\/uploads\/2023\/08\/20230826222242582-768x576.jpg 768w, https:\/\/casamimosa-grancanaria.com\/wp-content\/uploads\/2023\/08\/20230826222242582-1536x1152.jpg 1536w, https:\/\/casamimosa-grancanaria.com\/wp-content\/uploads\/2023\/08\/20230826222242582-2048x1536.jpg 2048w, https:\/\/casamimosa-grancanaria.com\/wp-content\/uploads\/2023\/08\/20230826222242582-747x560.jpg 747w, https:\/\/casamimosa-grancanaria.com\/wp-content\/uploads\/2023\/08\/20230826222242582-2000x1500.jpg 2000w\" sizes=\"auto, (max-width: 1024px) 100vw, 1024px\" \/><figcaption class=\"wp-element-caption\"><strong><em>Parada \u00abLa Suerte\u00bb<\/em><\/strong><\/figcaption><\/figure>\n<\/div>\n<\/div>\n\n\n\n<div style=\"height:20px\" aria-hidden=\"true\" class=\"wp-block-spacer\"><\/div>\n\n\n\n<p>a darse un ba\u00f1o o comerse un pescado delicioso. Si una vez en G\u00e1ldar no alcanza a coger la \u00faltima guagua que va al Valle, puede coger la 103, que va a Agaete (el trayecto se hace largo, pero es una oportunidad impagable para darse un ba\u00f1o de cultura local), y una vez en Agaete coger un taxi hacia el Valle. Son apenas tres kil\u00f3metros hasta Casa Mimosa y cuesta menos de 10 euros. Los taxis suelen estar al lado de la iglesia del pueblo. Si no encuentra ninguno puede llamar al 928 554475. D\u00edgales que le lleven a \u201cLa Suerte\u201d.<\/p>\n\n\n\n<h3 class=\"wp-block-heading\">En taxi<\/h3>\n\n\n\n<p>Si desea ir con la comodidad de un coche pero prefiere no conducir, la opci\u00f3n m\u00e1s adecuada ser\u00e1 coger un taxi. Encontrar\u00e1 taxis en las calles de Las Palmas o en el aeropuerto. D\u00edgale al taxista que le lleve al valle de Agaete. Si no conoce bien la zona es posible que no conozca La Suerte. D\u00edgale simplemente que est\u00e1 por la carretera del Valle a 3 kil\u00f3metros del pueblo, en el lado izquierdo de la carretera.<\/p>\n\n\n\n<h2 class=\"wp-block-heading\">C\u00f3mo llegar a Agaete desde Tenerife en barco<\/h2>\n\n\n\n<p>Si viaja desde Tenerife est\u00e1 de suerte porque hay un barco que circula entre islas que le llevar\u00e1 de Santa Cruz directamente al muelle de Agaete. Se trata de <a href=\"https:\/\/www.fredolsen.es\/es\/fast-ferry-barco-gran-canaria-tenerife-tenerife-gran-canaria\" target=\"_blank\" rel=\"noopener\">un catamar\u00e1n muy confortable<\/a> con bar restaurante y tienda a bordo. Para mayor comodidad, puede llevar su propio coche (si es de alquiler consulte si puede llevarlo a otras islas) si lo desea.<\/p>\n\n\n\n<p>Una vez en el muelle de Agaete, dir\u00edjase al pueblo y desde all\u00ed busque las indicaciones para el Valle. A unos tres kil\u00f3metros encontrar\u00e1, a la izquierda, la entrada a la Urbanizaci\u00f3n La Suerte. Casa Mimosa se encuentra en la calle Guaydil n\u00b0 2.<\/p>\n","protected":false},"excerpt":{"rendered":"<p>Si es la primera vez que viaja a Gran Canaria puede seguir estas indicaciones para llegar hasta su alojamiento en el Valle de Agaete. No es necesario alquilar un coche para alojarse en Casa Mimosa. Si acostumbra a tener coche en todas sus vacaciones le ser\u00e1 dif\u00edcil prescindir de \u00e9l. Pero si es de los &hellip; <a href=\"https:\/\/casamimosa-grancanaria.com\/es\/como-llegar-a-casa-mimosa\/\" class=\"more-link\">Continue reading<span class=\"screen-reader-text\"> \u00abC\u00f3mo llegar a Casa Mimosa\u00bb<\/span><\/a><\/p>\n","protected":false},"author":1,"featured_media":0,"parent":0,"menu_order":0,"comment_status":"closed","ping_status":"closed","template":"template-full-width-grid-page.php","meta":{"footnotes":""},"class_list":["post-206","page","type-page","status-publish","hentry"],"_links":{"self":[{"href":"https:\/\/casamimosa-grancanaria.com\/es\/wp-json\/wp\/v2\/pages\/206","targetHints":{"allow":["GET"]}}],"collection":[{"href":"https:\/\/casamimosa-grancanaria.com\/es\/wp-json\/wp\/v2\/pages"}],"about":[{"href":"https:\/\/casamimosa-grancanaria.com\/es\/wp-json\/wp\/v2\/types\/page"}],"author":[{"embeddable":true,"href":"https:\/\/casamimosa-grancanaria.com\/es\/wp-json\/wp\/v2\/users\/1"}],"replies":[{"embeddable":true,"href":"https:\/\/casamimosa-grancanaria.com\/es\/wp-json\/wp\/v2\/comments?post=206"}],"version-history":[{"count":7,"href":"https:\/\/casamimosa-grancanaria.com\/es\/wp-json\/wp\/v2\/pages\/206\/revisions"}],"predecessor-version":[{"id":1308,"href":"https:\/\/casamimosa-grancanaria.com\/es\/wp-json\/wp\/v2\/pages\/206\/revisions\/1308"}],"wp:attachment":[{"href":"https:\/\/casamimosa-grancanaria.com\/es\/wp-json\/wp\/v2\/media?parent=206"}],"curies":[{"name":"wp","href":"https:\/\/api.w.org\/{rel}","templated":true}]}}