{"id":189,"date":"2023-06-17T10:54:59","date_gmt":"2023-06-17T10:54:59","guid":{"rendered":"https:\/\/casamimosa-grancanaria.com\/?page_id=189"},"modified":"2023-07-19T18:27:48","modified_gmt":"2023-07-19T18:27:48","slug":"quienes-somos","status":"publish","type":"page","link":"https:\/\/casamimosa-grancanaria.com\/es\/quienes-somos\/","title":{"rendered":"Qui\u00e9nes somos"},"content":{"rendered":"\n<div class=\"wp-block-media-text alignwide has-media-on-the-right is-stacked-on-mobile\" style=\"grid-template-columns:auto 36%\"><div class=\"wp-block-media-text__content\">\n<p>Bueno, en realidad habr\u00eda que decir qui\u00e9n soy. Me llamo Cecilia y soy de Las Palmas. Dej\u00e9 Gran Canaria para estudiar en la pen\u00ednsula en 1991 y desde entonces s\u00f3lo he vuelto por cortos periodos de tiempo. De Sevilla me traslad\u00e9 a Madrid, y de all\u00ed a Alemania. Llevo 15 a\u00f1os viviendo en Berl\u00edn y sue\u00f1o con volver alg\u00fan d\u00eda a Gran Canaria. As\u00ed que empec\u00e9 a buscar un lugar que realmente me gustara para vivir cuando vuelva.<\/p>\n\n\n\n<p>Encontr\u00e9 la casa de mis sue\u00f1os en mi lugar favorito de Gran Canaria, el Valle de Agaete. Es justo como la quer\u00eda: ni  <\/p>\n<\/div><figure class=\"wp-block-media-text__media\"><img loading=\"lazy\" decoding=\"async\" width=\"300\" height=\"300\" src=\"https:\/\/casamimosa-grancanaria.com\/wp-content\/uploads\/2023\/06\/IMG_1310-300x300.jpg\" alt=\"\" class=\"wp-image-112 size-medium\" srcset=\"https:\/\/casamimosa-grancanaria.com\/wp-content\/uploads\/2023\/06\/IMG_1310-300x300.jpg 300w, https:\/\/casamimosa-grancanaria.com\/wp-content\/uploads\/2023\/06\/IMG_1310-150x150.jpg 150w, https:\/\/casamimosa-grancanaria.com\/wp-content\/uploads\/2023\/06\/IMG_1310-560x560.jpg 560w, https:\/\/casamimosa-grancanaria.com\/wp-content\/uploads\/2023\/06\/IMG_1310.jpg 640w\" sizes=\"auto, (max-width: 300px) 100vw, 300px\" \/><\/figure><\/div>\n\n\n\n<p>demasiado grande, ni demasiado aislada (no quiero tener coche), pero s\u00ed lo suficientemente lejos del pueblo como para tener la sensaci\u00f3n de vivir cerca de la naturaleza.<\/p>\n\n\n\n<p>Me enamor\u00e9 del peque\u00f1o y tranquilo jard\u00edn, perfecto para leer y dormir la siesta, y de la bonita piscina y el sol\u00e1rium. Los alrededores son perfectos para hacer senderismo, que me encanta, y el Puerto de las Nieves est\u00e1 lo suficientemente cerca (menos de 5 km) para ir a pie o en bici y darse un ba\u00f1o r\u00e1pido y refrescante. La casa es perfecta, al igual que la ubicaci\u00f3n, pero todav\u00eda tengo cosas que hacer en Berl\u00edn durante unos a\u00f1os antes de poder mudarme definitivamente a Gran Canaria. As\u00ed que aqu\u00ed es donde entran ustedes en escena: tienen la oportunidad de disfrutar de mi preciosa casita hasta que yo pueda trasladarme.<\/p>\n\n\n\n<p>Estoy segura de que apreciar\u00e1n este lugar m\u00e1gico tanto como yo. \u00a1Disfr\u00fatenlo mientras est\u00e9 disponible! :))<\/p>\n","protected":false},"excerpt":{"rendered":"<p>Bueno, en realidad habr\u00eda que decir qui\u00e9n soy. Me llamo Cecilia y soy de Las Palmas. Dej\u00e9 Gran Canaria para estudiar en la pen\u00ednsula en 1991 y desde entonces s\u00f3lo he vuelto por cortos periodos de tiempo. De Sevilla me traslad\u00e9 a Madrid, y de all\u00ed a Alemania. Llevo 15 a\u00f1os viviendo en Berl\u00edn y &hellip; <a href=\"https:\/\/casamimosa-grancanaria.com\/es\/quienes-somos\/\" class=\"more-link\">Continue reading<span class=\"screen-reader-text\"> \u00abQui\u00e9nes somos\u00bb<\/span><\/a><\/p>\n","protected":false},"author":1,"featured_media":0,"parent":0,"menu_order":0,"comment_status":"closed","ping_status":"closed","template":"template-full-width-grid-page.php","meta":{"footnotes":""},"class_list":["post-189","page","type-page","status-publish","hentry"],"_links":{"self":[{"href":"https:\/\/casamimosa-grancanaria.com\/es\/wp-json\/wp\/v2\/pages\/189","targetHints":{"allow":["GET"]}}],"collection":[{"href":"https:\/\/casamimosa-grancanaria.com\/es\/wp-json\/wp\/v2\/pages"}],"about":[{"href":"https:\/\/casamimosa-grancanaria.com\/es\/wp-json\/wp\/v2\/types\/page"}],"author":[{"embeddable":true,"href":"https:\/\/casamimosa-grancanaria.com\/es\/wp-json\/wp\/v2\/users\/1"}],"replies":[{"embeddable":true,"href":"https:\/\/casamimosa-grancanaria.com\/es\/wp-json\/wp\/v2\/comments?post=189"}],"version-history":[{"count":2,"href":"https:\/\/casamimosa-grancanaria.com\/es\/wp-json\/wp\/v2\/pages\/189\/revisions"}],"predecessor-version":[{"id":1009,"href":"https:\/\/casamimosa-grancanaria.com\/es\/wp-json\/wp\/v2\/pages\/189\/revisions\/1009"}],"wp:attachment":[{"href":"https:\/\/casamimosa-grancanaria.com\/es\/wp-json\/wp\/v2\/media?parent=189"}],"curies":[{"name":"wp","href":"https:\/\/api.w.org\/{rel}","templated":true}]}}