{"id":187,"date":"2023-06-14T19:28:26","date_gmt":"2023-06-14T19:28:26","guid":{"rendered":"https:\/\/casamimosa-grancanaria.com\/?page_id=187"},"modified":"2024-08-04T19:51:46","modified_gmt":"2024-08-04T19:51:46","slug":"casa-rural-con-piscina-privada-en-gran-canaria","status":"publish","type":"page","link":"https:\/\/casamimosa-grancanaria.com\/es\/casa-rural-con-piscina-privada-en-gran-canaria\/","title":{"rendered":"Casa rural con piscina privada en Gran Canaria"},"content":{"rendered":"\n<figure class=\"wp-block-image size-large\"><img loading=\"lazy\" decoding=\"async\" width=\"1024\" height=\"767\" src=\"https:\/\/casamimosa-grancanaria.com\/wp-content\/uploads\/2023\/07\/Piscina1-1024x767.jpeg\" alt=\"casa rural con piscina privada en gran canaria\" class=\"wp-image-910\" srcset=\"https:\/\/casamimosa-grancanaria.com\/wp-content\/uploads\/2023\/07\/Piscina1-1024x767.jpeg 1024w, https:\/\/casamimosa-grancanaria.com\/wp-content\/uploads\/2023\/07\/Piscina1-300x225.jpeg 300w, https:\/\/casamimosa-grancanaria.com\/wp-content\/uploads\/2023\/07\/Piscina1-768x576.jpeg 768w, https:\/\/casamimosa-grancanaria.com\/wp-content\/uploads\/2023\/07\/Piscina1-1536x1151.jpeg 1536w, https:\/\/casamimosa-grancanaria.com\/wp-content\/uploads\/2023\/07\/Piscina1-747x560.jpeg 747w, https:\/\/casamimosa-grancanaria.com\/wp-content\/uploads\/2023\/07\/Piscina1.jpeg 1995w\" sizes=\"auto, (max-width: 1024px) 100vw, 1024px\" \/><\/figure>\n\n\n\n<h2 class=\"wp-block-heading\">Bienvenidas a Casa Mimosa<\/h2>\n\n\n\n<p>Esta encantadora casa de vacaciones en el pintoresco Valle de Agaete en Gran Canaria ofrece una mezcla perfecta de confort, tranquilidad y belleza natural. Con su piscina privada y su id\u00edlico entorno, Casa Mimosa es un refugio ideal para aquellos que buscan relajarse y reconectar con la naturaleza.<\/p>\n\n\n\n<h2 class=\"wp-block-heading\">Rel\u00e1jese c\u00f3modamente en nuestro jard\u00edn<\/h2>\n\n\n\n<p>Entre en nuestra casa de vacaciones amueblada con gusto y descubra un para\u00edso de comodidad. El interior cuenta con un amplio sal\u00f3n con acogedores asientos, perfecto para relajarse por la noche con sus seres queridos. La cocina, totalmente equipada, le ofrece todas las comodidades que necesita para preparar deliciosas comidas durante su estancia. Disfrute de una cena al aire libre en la terraza o de una barbacoa junto a la piscina.<\/p>\n\n\n\n<div class=\"wp-block-buttons alignwide is-content-justification-center is-layout-flex wp-container-core-buttons-is-layout-16018d1d wp-block-buttons-is-layout-flex\">\n<div class=\"wp-block-button has-custom-width wp-block-button__width-25\"><a class=\"wp-block-button__link wp-element-button\" href=\"\/es\/reservas\/\" target=\"_blank\" rel=\"noreferrer noopener\">ver disponibilidad<\/a><\/div>\n<\/div>\n\n\n\n<h2 class=\"wp-block-heading\">Su piscina privada en Gran Canaria<\/h2>\n\n\n\n<p>Uno de los aspectos m\u00e1s destacados de Casa Mimosa es su piscina privada y su solarium. Sum\u00e9rjase en sus refrescantes aguas o simplemente rel\u00e1jese en las tumbonas, tomando el c\u00e1lido sol de Gran Canaria. El peque\u00f1o y tranquilo jard\u00edn ofrece un ambiente apacible, ideal para leer un libro o echar una siesta.<\/p>\n\n\n\n<h2 class=\"wp-block-heading\">C\u00f3moda ubicaci\u00f3n<\/h2>\n\n\n\n<p>Casa Mimosa se beneficia de su c\u00f3moda ubicaci\u00f3n, proporcionando privacidad y f\u00e1cil acceso a los servicios cercanos. El pueblo est\u00e1 al alcance de la mano, ofreciendo tiendas, restaurantes y la oportunidad de disfrutar de la cultura local. Para aquellos que prefieren un estilo de vida sin coches, la proximidad de Casa Mimosa al puerto y la playa de Agaete permite una f\u00e1cil exploraci\u00f3n a pie, en autob\u00fas o en bicicleta.<\/p>\n\n\n\n<div class=\"wp-block-buttons alignwide is-content-justification-center is-layout-flex wp-container-core-buttons-is-layout-16018d1d wp-block-buttons-is-layout-flex\">\n<div class=\"wp-block-button has-custom-width wp-block-button__width-25\"><a class=\"wp-block-button__link wp-element-button\" href=\"\/es\/reservas\/\" target=\"_blank\" rel=\"noreferrer noopener\">reservar ahora<\/a><\/div>\n<\/div>\n\n\n\n<h2 class=\"wp-block-heading\">Su hogar lejos de casa<\/h2>\n\n\n\n<p>En Casa Mimosa, nos esforzamos para que su estancia sea c\u00f3moda y memorable. Nuestra casa  est\u00e1 equipada con modernas comodidades, incluyendo Wi-Fi gratuito, asegurando que permanezca conectado durante su escapada o en caso de que desee trabajar desde all\u00ed. Con su ambiente sereno, pintoresco entorno y piscina privada, Casa Mimosa ofrece una escapada perfecta para parejas, familias o amigos.<\/p>\n\n\n\n<h3 class=\"wp-block-heading\">Caracter\u00edsticas principales del alojamiento:<\/h3>\n\n\n\n<ul class=\"wp-block-list\">\n<li>Piscina privada y solarium<\/li>\n\n\n\n<li>Sal\u00f3n amueblado con gusto<\/li>\n\n\n\n<li>Cocina totalmente equipada<\/li>\n\n\n\n<li>Dos dormitorios con capacidad para hasta 4 personas<\/li>\n\n\n\n<li>Jard\u00edn tranquilo para relajarse<\/li>\n\n\n\n<li>Proximidad a rutas de senderismo y al puerto y la playa de Agaete<\/li>\n\n\n\n<li>C\u00f3modo acceso a los servicios del pueblo<\/li>\n\n\n\n<li>Wi-Fi de fibra \u00f3ptica y alta velocidad para teletrabajar o simplemente para estar conectados<\/li>\n<\/ul>\n\n\n\n<h2 class=\"wp-block-heading\">Al\u00f3jese con nosotros en sus pr\u00f3ximas vacaciones en Gran Canaria<\/h2>\n\n\n\n<p><a href=\"\/es\/reservas\/\">Reserve su estancia en Casa Mimosa <\/a>y descubra la belleza de Gran Canaria mientras disfruta de las comodidades de una casa de vacaciones privada con su propia piscina. Experimente la mezcla perfecta de relajaci\u00f3n, aventura y esplendor natural.<\/p>\n","protected":false},"excerpt":{"rendered":"<p>Bienvenidas a Casa Mimosa Esta encantadora casa de vacaciones en el pintoresco Valle de Agaete en Gran Canaria ofrece una mezcla perfecta de confort, tranquilidad y belleza natural. Con su piscina privada y su id\u00edlico entorno, Casa Mimosa es un refugio ideal para aquellos que buscan relajarse y reconectar con la naturaleza. Rel\u00e1jese c\u00f3modamente en &hellip; <a href=\"https:\/\/casamimosa-grancanaria.com\/es\/casa-rural-con-piscina-privada-en-gran-canaria\/\" class=\"more-link\">Continue reading<span class=\"screen-reader-text\"> \u00abCasa rural con piscina privada en Gran Canaria\u00bb<\/span><\/a><\/p>\n","protected":false},"author":1,"featured_media":0,"parent":0,"menu_order":0,"comment_status":"closed","ping_status":"closed","template":"","meta":{"footnotes":""},"class_list":["post-187","page","type-page","status-publish","hentry"],"_links":{"self":[{"href":"https:\/\/casamimosa-grancanaria.com\/es\/wp-json\/wp\/v2\/pages\/187","targetHints":{"allow":["GET"]}}],"collection":[{"href":"https:\/\/casamimosa-grancanaria.com\/es\/wp-json\/wp\/v2\/pages"}],"about":[{"href":"https:\/\/casamimosa-grancanaria.com\/es\/wp-json\/wp\/v2\/types\/page"}],"author":[{"embeddable":true,"href":"https:\/\/casamimosa-grancanaria.com\/es\/wp-json\/wp\/v2\/users\/1"}],"replies":[{"embeddable":true,"href":"https:\/\/casamimosa-grancanaria.com\/es\/wp-json\/wp\/v2\/comments?post=187"}],"version-history":[{"count":3,"href":"https:\/\/casamimosa-grancanaria.com\/es\/wp-json\/wp\/v2\/pages\/187\/revisions"}],"predecessor-version":[{"id":2146,"href":"https:\/\/casamimosa-grancanaria.com\/es\/wp-json\/wp\/v2\/pages\/187\/revisions\/2146"}],"wp:attachment":[{"href":"https:\/\/casamimosa-grancanaria.com\/es\/wp-json\/wp\/v2\/media?parent=187"}],"curies":[{"name":"wp","href":"https:\/\/api.w.org\/{rel}","templated":true}]}}