{"id":1783,"date":"2024-02-17T15:46:44","date_gmt":"2024-02-17T15:46:44","guid":{"rendered":"https:\/\/casamimosa-grancanaria.com\/?page_id=1783"},"modified":"2026-02-04T18:52:47","modified_gmt":"2026-02-04T18:52:47","slug":"informacion-para-huespedes","status":"publish","type":"page","link":"https:\/\/casamimosa-grancanaria.com\/es\/informacion-para-huespedes\/","title":{"rendered":"Informaci\u00f3n para hu\u00e9spedes"},"content":{"rendered":"\n<div class=\"wp-block-rank-math-toc-block\" id=\"rank-math-toc\"><h2>Indice<\/h2><nav><ul><li class=\"\"><a href=\"#solarium-y-piscina\">Solarium y piscina<\/a><\/li><li class=\"\"><a href=\"#mantener-la-casa-fresca-en-verano\">Mantener la casa fresca en verano<\/a><\/li><li class=\"\"><a href=\"#libros\">Libros<\/a><\/li><li class=\"\"><a href=\"#alimentos\">Alimentos<\/a><\/li><li class=\"\"><a href=\"#juegos\">Juegos<\/a><\/li><li class=\"\"><a href=\"#agua-del-grifo\">Agua del grifo<\/a><\/li><li class=\"\"><a href=\"#detectores-de-humos\">Detectores de humos<\/a><\/li><\/ul><\/nav><\/div>\n\n\n\n<div class=\"wp-block-media-text has-media-on-the-right is-stacked-on-mobile\"><div class=\"wp-block-media-text__content\">\n<h2 class=\"wp-block-heading\" id=\"solarium-y-piscina\">Solarium y piscina<\/h2>\n<\/div><figure class=\"wp-block-media-text__media\"><img loading=\"lazy\" decoding=\"async\" width=\"1024\" height=\"881\" src=\"https:\/\/casamimosa-grancanaria.com\/wp-content\/uploads\/2024\/08\/20240407200300269-1024x881.jpg\" alt=\"\" class=\"wp-image-2204 size-full\" srcset=\"https:\/\/casamimosa-grancanaria.com\/wp-content\/uploads\/2024\/08\/20240407200300269-1024x881.jpg 1024w, https:\/\/casamimosa-grancanaria.com\/wp-content\/uploads\/2024\/08\/20240407200300269-300x258.jpg 300w, https:\/\/casamimosa-grancanaria.com\/wp-content\/uploads\/2024\/08\/20240407200300269-768x661.jpg 768w, https:\/\/casamimosa-grancanaria.com\/wp-content\/uploads\/2024\/08\/20240407200300269-1536x1321.jpg 1536w, https:\/\/casamimosa-grancanaria.com\/wp-content\/uploads\/2024\/08\/20240407200300269-2048x1762.jpg 2048w, https:\/\/casamimosa-grancanaria.com\/wp-content\/uploads\/2024\/08\/20240407200300269-651x560.jpg 651w, https:\/\/casamimosa-grancanaria.com\/wp-content\/uploads\/2024\/08\/20240407200300269-2000x1720.jpg 2000w\" sizes=\"auto, (max-width: 1024px) 100vw, 1024px\" \/><\/figure><\/div>\n\n\n\n<p>No hay nada como tumbarse al sol despu\u00e9s de un ba\u00f1o en la piscina. Para ello, hemos querido hacer nuestras tumbonas lo m\u00e1s c\u00f3modas posibles con cojines que har\u00e1n su siesta m\u00e1s agradable. Los encontrar\u00e1 en el fondo del armario que hay junto a la puerta del ba\u00f1o.&nbsp;<\/p>\n\n\n\n<p>No es necesario que traiga su propia toalla de piscina. Para que no tenga que secarse con la toalla de la ducha al hacer uso de la piscina y el solarium, ponemos a su disposici\u00f3n toallas de microfibra de secado ultra r\u00e1pido. Recuerde usarlas tambi\u00e9n para proteger los cojines de las tumbonas. Los pr\u00f3ximos usuarios se lo agradecer\u00e1n.<\/p>\n\n\n\n<hr class=\"wp-block-separator has-alpha-channel-opacity\"\/>\n\n\n\n<div class=\"wp-block-media-text is-stacked-on-mobile\"><figure class=\"wp-block-media-text__media\"><img loading=\"lazy\" decoding=\"async\" width=\"1024\" height=\"768\" src=\"https:\/\/casamimosa-grancanaria.com\/wp-content\/uploads\/2024\/08\/20240828185442335-1024x768.jpg\" alt=\"\" class=\"wp-image-2192 size-full\" srcset=\"https:\/\/casamimosa-grancanaria.com\/wp-content\/uploads\/2024\/08\/20240828185442335-1024x768.jpg 1024w, https:\/\/casamimosa-grancanaria.com\/wp-content\/uploads\/2024\/08\/20240828185442335-300x225.jpg 300w, https:\/\/casamimosa-grancanaria.com\/wp-content\/uploads\/2024\/08\/20240828185442335-768x576.jpg 768w, https:\/\/casamimosa-grancanaria.com\/wp-content\/uploads\/2024\/08\/20240828185442335-1536x1152.jpg 1536w, https:\/\/casamimosa-grancanaria.com\/wp-content\/uploads\/2024\/08\/20240828185442335-2048x1536.jpg 2048w, https:\/\/casamimosa-grancanaria.com\/wp-content\/uploads\/2024\/08\/20240828185442335-747x560.jpg 747w, https:\/\/casamimosa-grancanaria.com\/wp-content\/uploads\/2024\/08\/20240828185442335-2000x1500.jpg 2000w\" sizes=\"auto, (max-width: 1024px) 100vw, 1024px\" \/><\/figure><div class=\"wp-block-media-text__content\">\n<h2 class=\"wp-block-heading\" id=\"mantener-la-casa-fresca-en-verano\">Mantener la casa fresca en verano<\/h2>\n<\/div><\/div>\n\n\n\n<p>Este a\u00f1o hemos renovado todas las ventanas de la casa y hemos instalado contraventanas mallorquinas de madera de iroko que bloquean la radiaci\u00f3n solar y permiten una buena ventilaci\u00f3n. Para evitar que la casa se recaliente en los d\u00edas m\u00e1s calurosos del verano, recuerde mantener todas las mallorquinas del piso de arriba cerradas durante el d\u00eda, especialmente cuando d\u00e9 el sol directo. Trate de, en lo posible, mantener cerradas tambi\u00e9n las mallorquinas del piso de abajo, especialmente cuando caiga la tarde y el sol de directamente en las puertas del jard\u00edn. Por la noche, cree corrientes de aire dejando las ventanas abiertas para que la casa se refresque. Aunque esta zona es muy tranquila y segura, quiz\u00e1 se sienta m\u00e1s c\u00f3modo\/a con las mallorquinas cerradas durante la noche. No hay problema: eso no impedir\u00e1 la circulaci\u00f3n del aire y el descenso de la temperatura dentro de la casa. Si a\u00fan as\u00ed tiene calor durante la noche, hay ventiladores en los dos dormitorios.&nbsp;<\/p>\n\n\n\n<p>El Valle de Agaete puede ser muy ventoso: aseg\u00farese de mantener las ventanas y contraventanas siempre sujetas para que no den golpes.<\/p>\n\n\n\n<hr class=\"wp-block-separator has-alpha-channel-opacity\"\/>\n\n\n\n<div class=\"wp-block-media-text has-media-on-the-right is-stacked-on-mobile\"><div class=\"wp-block-media-text__content\">\n<h2 class=\"wp-block-heading\" id=\"libros\">Libros<\/h2>\n<\/div><figure class=\"wp-block-media-text__media\"><img loading=\"lazy\" decoding=\"async\" width=\"1024\" height=\"768\" src=\"https:\/\/casamimosa-grancanaria.com\/wp-content\/uploads\/2024\/08\/20240828183853370-1024x768.jpg\" alt=\"\" class=\"wp-image-2165 size-full\" srcset=\"https:\/\/casamimosa-grancanaria.com\/wp-content\/uploads\/2024\/08\/20240828183853370-1024x768.jpg 1024w, https:\/\/casamimosa-grancanaria.com\/wp-content\/uploads\/2024\/08\/20240828183853370-300x225.jpg 300w, https:\/\/casamimosa-grancanaria.com\/wp-content\/uploads\/2024\/08\/20240828183853370-768x576.jpg 768w, https:\/\/casamimosa-grancanaria.com\/wp-content\/uploads\/2024\/08\/20240828183853370-1536x1152.jpg 1536w, https:\/\/casamimosa-grancanaria.com\/wp-content\/uploads\/2024\/08\/20240828183853370-2048x1536.jpg 2048w, https:\/\/casamimosa-grancanaria.com\/wp-content\/uploads\/2024\/08\/20240828183853370-747x560.jpg 747w, https:\/\/casamimosa-grancanaria.com\/wp-content\/uploads\/2024\/08\/20240828183853370-2000x1500.jpg 2000w\" sizes=\"auto, (max-width: 1024px) 100vw, 1024px\" \/><\/figure><\/div>\n\n\n\n<p>Yo siempre llevo un par de libros a los viajes, pero a veces se me acaban y me quedo sin nada que leer. En esos casos, si entiendo el idioma, intento encontrar algo que me interese en las librer\u00edas locales. Pero eso no siempre es f\u00e1cil.<\/p>\n\n\n\n<p>Viajando en modo bajo coste encontr\u00e9 que muchos albergues tienen libros que antiguos hu\u00e9spedes han ido dejando atr\u00e1s. A veces incluso te los puedes llevar. Por eso decid\u00ed que en mi casa hubiera siempre libros en varios idiomas para que mis hu\u00e9spedes siempre tengan algo que leer y no tengan que recurrir a la TV o al TikTok. Como ve, en Casa Mimosa nos hemos empe\u00f1ado en mantenerle apartado de las pantallas durante las vacaciones.<\/p>\n\n\n\n<p>Estos libros est\u00e1n aqu\u00ed para usted. Si se ha dejado la novela en casa, o la ha terminado y no tiene qu\u00e9 leer, o se le ha ca\u00eddo el e-book al mar y un cherne lo ha devorado, o quiz\u00e1 se le ha roto el m\u00f3vil y ya no puede mirar Instagram. No se preocupe. Elija el libro que m\u00e1s le interese y l\u00e9alo durante su estancia. Si lo hace, le rogamos que observe las siguientes reglas.<\/p>\n\n\n\n<ul class=\"wp-block-list\">\n<li>Cu\u00eddelo, no doble las p\u00e1ginas ni las subraye. Piense en el pr\u00f3ximo hu\u00e9sped.<br>Cuando termine de leerlo, vuelva a colocarlo en su sitio. Si quiere, deje una nota para el pr\u00f3ximo lector. Se alegrar\u00e1 de encontrarla.<\/li>\n\n\n\n<li>\u00bfLlega el d\u00eda de su marcha y le faltan a\u00fan cien p\u00e1ginas para acabar la novela? En ese caso tiene usted mi bendici\u00f3n para llevarse el libro. Ser\u00eda un hermoso detalle si a cambio dejara otro de caracter\u00edsticas similares. O sea, no un tratado de f\u00edsica cu\u00e1ntica en japon\u00e9s, sino una novela m\u00e1s o menos ligera en alguno de estos idiomas: ingl\u00e9s, alem\u00e1n, franc\u00e9s, holand\u00e9s, italiano o espa\u00f1ol.<\/li>\n\n\n\n<li>\u00bfSe le ha ido la mano comprando souvenirs y no le cierra la maleta? Naturalmente nos puede dejar esa novela que ya termin\u00f3 de leer y no desea conservar. Gracias por contribuir a nuestra peque\u00f1a biblioteca.<\/li>\n<\/ul>\n\n\n\n<p><strong>Y recuerde<\/strong>: si usted ha encontrado el libro en la casa ha sido gracias a que el usuario anterior tuvo el detalle de cuidarlo y dejarlo en su sitio. Piense en su karma. Los usuarios futuros se lo agradecer\u00e1n.<\/p>\n\n\n\n<hr class=\"wp-block-separator has-alpha-channel-opacity\"\/>\n\n\n\n<div class=\"wp-block-media-text is-stacked-on-mobile\"><figure class=\"wp-block-media-text__media\"><img loading=\"lazy\" decoding=\"async\" width=\"1024\" height=\"768\" src=\"https:\/\/casamimosa-grancanaria.com\/wp-content\/uploads\/2024\/08\/20240828183853317-1024x768.jpg\" alt=\"\" class=\"wp-image-2173 size-full\" srcset=\"https:\/\/casamimosa-grancanaria.com\/wp-content\/uploads\/2024\/08\/20240828183853317-1024x768.jpg 1024w, https:\/\/casamimosa-grancanaria.com\/wp-content\/uploads\/2024\/08\/20240828183853317-300x225.jpg 300w, https:\/\/casamimosa-grancanaria.com\/wp-content\/uploads\/2024\/08\/20240828183853317-768x576.jpg 768w, https:\/\/casamimosa-grancanaria.com\/wp-content\/uploads\/2024\/08\/20240828183853317-1536x1152.jpg 1536w, https:\/\/casamimosa-grancanaria.com\/wp-content\/uploads\/2024\/08\/20240828183853317-2048x1536.jpg 2048w, https:\/\/casamimosa-grancanaria.com\/wp-content\/uploads\/2024\/08\/20240828183853317-747x560.jpg 747w, https:\/\/casamimosa-grancanaria.com\/wp-content\/uploads\/2024\/08\/20240828183853317-2000x1500.jpg 2000w\" sizes=\"auto, (max-width: 1024px) 100vw, 1024px\" \/><\/figure><div class=\"wp-block-media-text__content\">\n<h2 class=\"wp-block-heading\" id=\"alimentos\">Alimentos<\/h2>\n<\/div><\/div>\n\n\n\n<p>En Casa Mimosa intentaremos que siempre encuentre t\u00e9, caf\u00e9, az\u00facar, sal y aceite a su llegada. Si encuentra algo m\u00e1s es porque los hu\u00e9spedes anteriores calcularon mal sus compras y no han podido llev\u00e1rselo. <\/p>\n\n\n\n<p>Aproveche lo que desee, pero comprenda que no podemos hacernos responsables del buen estado de los productos. Todos los alimentos frescos o los paquetes que queden abiertos (salvo caf\u00e9 o aceite) y no vengan en monodosis los tendremos que tirar a la basura. <\/p>\n\n\n\n<hr class=\"wp-block-separator has-alpha-channel-opacity\"\/>\n\n\n\n<div class=\"wp-block-media-text has-media-on-the-right is-stacked-on-mobile\"><div class=\"wp-block-media-text__content\">\n<h2 class=\"wp-block-heading\" id=\"juegos\">Juegos<\/h2>\n<\/div><figure class=\"wp-block-media-text__media\"><img loading=\"lazy\" decoding=\"async\" width=\"1024\" height=\"768\" src=\"https:\/\/casamimosa-grancanaria.com\/wp-content\/uploads\/2024\/08\/20240828183853331-1024x768.jpg\" alt=\"\" class=\"wp-image-2179 size-full\" srcset=\"https:\/\/casamimosa-grancanaria.com\/wp-content\/uploads\/2024\/08\/20240828183853331-1024x768.jpg 1024w, https:\/\/casamimosa-grancanaria.com\/wp-content\/uploads\/2024\/08\/20240828183853331-300x225.jpg 300w, https:\/\/casamimosa-grancanaria.com\/wp-content\/uploads\/2024\/08\/20240828183853331-768x576.jpg 768w, https:\/\/casamimosa-grancanaria.com\/wp-content\/uploads\/2024\/08\/20240828183853331-1536x1152.jpg 1536w, https:\/\/casamimosa-grancanaria.com\/wp-content\/uploads\/2024\/08\/20240828183853331-2048x1536.jpg 2048w, https:\/\/casamimosa-grancanaria.com\/wp-content\/uploads\/2024\/08\/20240828183853331-747x560.jpg 747w, https:\/\/casamimosa-grancanaria.com\/wp-content\/uploads\/2024\/08\/20240828183853331-2000x1500.jpg 2000w\" sizes=\"auto, (max-width: 1024px) 100vw, 1024px\" \/><\/figure><\/div>\n\n\n\n<p>Esperamos que la selecci\u00f3n de juegos de mesa que hemos preparado sea de su agrado. Si est\u00e1n disfrutando de unas vacaciones en familia y buscan una actividad para despu\u00e9s de la cena o durante su estancia hace mal tiempo y deciden quedarse en casa, no duden en hacer uso de los juegos.&nbsp;<\/p>\n\n\n\n<p>\u00bfHay algo m\u00e1s decepcionante que abrir un juego y darse cuenta de que no se puede jugar porque faltan piezas o est\u00e1 roto? Por eso le rogamos encarecidamente:<\/p>\n\n\n\n<ul class=\"wp-block-list\">\n<li>Al terminar de jugar dejen los juegos tal como los encontraron, bien recogidos cada uno en su caja.<\/li>\n\n\n\n<li>Cuente las piezas y aseg\u00farese de que cada juego est\u00e1 completo.<\/li>\n\n\n\n<li>Cuide la caja y aseg\u00farese de que sus hijos peque\u00f1os no la deterioran.<\/li>\n\n\n\n<li>Y recuerde: si usted ha podido jugar ha sido gracias a que el usuario anterior tuvo el detalle de cuidar el juego. Los usuarios futuros se lo agradecer\u00e1n.<\/li>\n<\/ul>\n\n\n\n<p>An\u00edmese. Saque uno y empiece a jugar. \u00bfPara qu\u00e9 aislarse cada uno frente a su pantalla pudiendo compartir una velada de juegos juntos?<\/p>\n\n\n\n<hr class=\"wp-block-separator has-alpha-channel-opacity\"\/>\n\n\n\n<div class=\"wp-block-media-text is-stacked-on-mobile\"><figure class=\"wp-block-media-text__media\"><img loading=\"lazy\" decoding=\"async\" width=\"1024\" height=\"728\" src=\"https:\/\/casamimosa-grancanaria.com\/wp-content\/uploads\/2024\/08\/20240828185157503-1024x728.jpg\" alt=\"\" class=\"wp-image-2198 size-full\" srcset=\"https:\/\/casamimosa-grancanaria.com\/wp-content\/uploads\/2024\/08\/20240828185157503-1024x728.jpg 1024w, https:\/\/casamimosa-grancanaria.com\/wp-content\/uploads\/2024\/08\/20240828185157503-300x213.jpg 300w, https:\/\/casamimosa-grancanaria.com\/wp-content\/uploads\/2024\/08\/20240828185157503-768x546.jpg 768w, https:\/\/casamimosa-grancanaria.com\/wp-content\/uploads\/2024\/08\/20240828185157503-1536x1091.jpg 1536w, https:\/\/casamimosa-grancanaria.com\/wp-content\/uploads\/2024\/08\/20240828185157503-2048x1455.jpg 2048w, https:\/\/casamimosa-grancanaria.com\/wp-content\/uploads\/2024\/08\/20240828185157503-788x560.jpg 788w, https:\/\/casamimosa-grancanaria.com\/wp-content\/uploads\/2024\/08\/20240828185157503-2000x1421.jpg 2000w\" sizes=\"auto, (max-width: 1024px) 100vw, 1024px\" \/><\/figure><div class=\"wp-block-media-text__content\">\n<h2 class=\"wp-block-heading\" id=\"agua-del-grifo\">Agua del grifo<\/h2>\n<\/div><\/div>\n\n\n\n<p>El agua del grifo en Casa Mimosa es perfectamente segura para el consumo humano. Pru\u00e9bela. Le invitamos a que utilice la jarra para mantenerla fresca en la nevera o para llevarla a la mesa en las comidas. As\u00ed evitar\u00e1 comprar y acarrear garrafas y botellas de agua, con la contaminaci\u00f3n y el gasto de energ\u00eda que ello conlleva.&nbsp;&nbsp;<\/p>\n\n\n\n<p>\u00bfLe han recomendado comprar agua embotellada? <a href=\"https:\/\/casamimosa-grancanaria.com\/es\/es-segura-el-agua-del-grifo-en-gran-canaria\/\" data-type=\"post\" data-id=\"1673\">En este art\u00edculo<\/a> explico por qu\u00e9 los canarios siguen comprando agua en botellas o garrafas.<\/p>\n\n\n\n<hr class=\"wp-block-separator has-alpha-channel-opacity\"\/>\n\n\n\n<div class=\"wp-block-media-text has-media-on-the-right is-stacked-on-mobile\"><div class=\"wp-block-media-text__content\">\n<h2 class=\"wp-block-heading\" id=\"detectores-de-humos\">Detectores de humos<\/h2>\n<\/div><figure class=\"wp-block-media-text__media\"><img loading=\"lazy\" decoding=\"async\" width=\"513\" height=\"431\" src=\"https:\/\/casamimosa-grancanaria.com\/wp-content\/uploads\/2026\/02\/Detector-humos.jpg\" alt=\"\" class=\"wp-image-2575 size-full\" srcset=\"https:\/\/casamimosa-grancanaria.com\/wp-content\/uploads\/2026\/02\/Detector-humos.jpg 513w, https:\/\/casamimosa-grancanaria.com\/wp-content\/uploads\/2026\/02\/Detector-humos-300x252.jpg 300w\" sizes=\"auto, (max-width: 513px) 100vw, 513px\" \/><\/figure><\/div>\n\n\n\n<p>En la casa hay tres detectores de humo: uno en cada habitaci\u00f3n y uno en el sal\u00f3n. Para su seguridad y la de los vecinos, los tres est\u00e1n activados y tienen pila. Si alguno de ellos comenzara a <strong>pitar espor\u00e1dicamente a bajo volumen<\/strong>, por favor h\u00e1ganoslo saber inmediatamente. Eso significa que la pila se est\u00e1 acabando y la tenemos que cambiar en la pr\u00f3xima limpieza. Si no la cambiamos, volver\u00e1 a pitar otro d\u00eda y as\u00ed hasta que se gaste la pila.<br>En caso de que alguno de los detectores empiece a <strong>pitar fuerte<\/strong> en se\u00f1al de alarma sin que haya humo en la habitaci\u00f3n, es posible que se haya metido alg\u00fan bicho que lo haya hecho dispararse. En ese caso, por favor, mantenga la calma. Vaya al patio a buscar la escoba y con el palo intente apretar el bot\u00f3n que est\u00e1 en el centro del detector. Eso har\u00e1 que se apague la se\u00f1al. Si esto ocurre, no dude en avisarnos.<\/p>\n","protected":false},"excerpt":{"rendered":"<p>Solarium y piscina No hay nada como tumbarse al sol despu\u00e9s de un ba\u00f1o en la piscina. Para ello, hemos querido hacer nuestras tumbonas lo m\u00e1s c\u00f3modas posibles con cojines que har\u00e1n su siesta m\u00e1s agradable. Los encontrar\u00e1 en el fondo del armario que hay junto a la puerta del ba\u00f1o.&nbsp; No es necesario que &hellip; <a href=\"https:\/\/casamimosa-grancanaria.com\/es\/informacion-para-huespedes\/\" class=\"more-link\">Continue reading<span class=\"screen-reader-text\"> \u00abInformaci\u00f3n para hu\u00e9spedes\u00bb<\/span><\/a><\/p>\n","protected":false},"author":1,"featured_media":0,"parent":0,"menu_order":0,"comment_status":"closed","ping_status":"closed","template":"","meta":{"footnotes":""},"class_list":["post-1783","page","type-page","status-publish","hentry"],"_links":{"self":[{"href":"https:\/\/casamimosa-grancanaria.com\/es\/wp-json\/wp\/v2\/pages\/1783","targetHints":{"allow":["GET"]}}],"collection":[{"href":"https:\/\/casamimosa-grancanaria.com\/es\/wp-json\/wp\/v2\/pages"}],"about":[{"href":"https:\/\/casamimosa-grancanaria.com\/es\/wp-json\/wp\/v2\/types\/page"}],"author":[{"embeddable":true,"href":"https:\/\/casamimosa-grancanaria.com\/es\/wp-json\/wp\/v2\/users\/1"}],"replies":[{"embeddable":true,"href":"https:\/\/casamimosa-grancanaria.com\/es\/wp-json\/wp\/v2\/comments?post=1783"}],"version-history":[{"count":8,"href":"https:\/\/casamimosa-grancanaria.com\/es\/wp-json\/wp\/v2\/pages\/1783\/revisions"}],"predecessor-version":[{"id":2583,"href":"https:\/\/casamimosa-grancanaria.com\/es\/wp-json\/wp\/v2\/pages\/1783\/revisions\/2583"}],"wp:attachment":[{"href":"https:\/\/casamimosa-grancanaria.com\/es\/wp-json\/wp\/v2\/media?parent=1783"}],"curies":[{"name":"wp","href":"https:\/\/api.w.org\/{rel}","templated":true}]}}