{"id":1329,"date":"2023-09-07T19:44:50","date_gmt":"2023-09-07T19:44:50","guid":{"rendered":"https:\/\/casamimosa-grancanaria.com\/?page_id=1329"},"modified":"2025-02-02T19:42:55","modified_gmt":"2025-02-02T19:42:55","slug":"normas-de-la-casa","status":"publish","type":"page","link":"https:\/\/casamimosa-grancanaria.com\/es\/normas-de-la-casa\/","title":{"rendered":"Normas de la casa"},"content":{"rendered":"\n<p>Al reservar una estancia en Casa Mimosa usted declara su adhesi\u00f3n a estas normas de la casa. El cumplimiento de las mismas es un requisito durante su estancia y su incumplimiento puede dar lugar a sanciones tales como deducciones de la fianza o reclamaciones de indemnizaci\u00f3n a trav\u00e9s de la plataforma de reservas.&nbsp;<\/p>\n\n\n\n<h2 class=\"wp-block-heading\">1- REQUISITOS GENERALES&nbsp;<\/h2>\n\n\n\n<ul class=\"wp-block-list\">\n<li>Todos los hu\u00e9spedes (y cualquier visitante) deben cumplir todas las normas de la casa y cualquier otra instrucci\u00f3n de la propietaria de la casa durante su estancia.<\/li>\n\n\n\n<li>Para poder garantizar que los siguientes hu\u00e9spedes encuentren la casa en perfecto estado necesitamos un margen de cinco horas para la limpieza y puesta a punto. Por eso, las horas de ingreso y salida son 16:00 y 11:00 respectivamente. Estos horarios deben ser respetados por los hu\u00e9spedes salvo acuerdo previo por escrito con la propietaria. <\/li>\n\n\n\n<li>La casa ser\u00e1 entregada en las mismas condiciones en que fue recibida.<\/li>\n\n\n\n<li>Los hu\u00e9spedes deben notificar a la propietaria cualquier disputa o queja de los vecinos tan pronto como sea razonablemente posible.&nbsp;<\/li>\n<\/ul>\n\n\n\n<h2 class=\"wp-block-heading\">2- RUIDOS&nbsp;<\/h2>\n\n\n\n<ul class=\"wp-block-list\">\n<li>Los hu\u00e9spedes y visitantes deben mantener el ruido al m\u00ednimo para no molestar a los vecinos &#8211; especialmente durante las horas nocturnas (entre las 22 h y las 8 h).<\/li>\n\n\n\n<li>El ruido excesivo est\u00e1 prohibido en todo momento y puede resultar en la terminaci\u00f3n del contrato de alquiler, desalojo, p\u00e9rdida del alquiler pagado y cargos adicionales que pueden ser deducidos de la fianza.<\/li>\n<\/ul>\n\n\n\n<h2 class=\"wp-block-heading\">3- VISITANTES&nbsp;<\/h2>\n\n\n\n<ul class=\"wp-block-list\">\n<li>Se permite un m\u00e1ximo de 3 visitantes (ocupaci\u00f3n m\u00e1xima de 7 personas) durante el d\u00eda.&nbsp;<\/li>\n\n\n\n<li>No se permiten visitantes adicionales que pernocten si con elllo exceden en total el m\u00e1ximo de 4 personas.<\/li>\n\n\n\n<li>Las fiestas y grandes reuniones de cualquier tipo est\u00e1n estrictamente prohibidas.<\/li>\n\n\n\n<li>Cualquier peque\u00f1a reuni\u00f3n debe cumplir con las normas arriba mencionadas sobre el ruido, el vecindario y el n\u00famero de visitantes.&nbsp;<\/li>\n<\/ul>\n\n\n\n<h2 class=\"wp-block-heading\">4- ESTACIONAMIENTO<\/h2>\n\n\n\n<ul class=\"wp-block-list\">\n<li>Los hu\u00e9spedes y visitantes deben cumplir con las normas de aparcamiento y mostrar consideraci\u00f3n a los vecinos y otros veh\u00edculos.<\/li>\n<\/ul>\n\n\n\n<h2 class=\"wp-block-heading\">5- SEGURIDAD&nbsp;<\/h2>\n\n\n\n<ul class=\"wp-block-list\">\n<li>Esta casa es adecuada para ni\u00f1os de cualquier edad. Sus acompa\u00f1antes adultos son totalmente responsables de la seguridad de los ni\u00f1os en todo momento.<\/li>\n\n\n\n<li>Cada vez que los hu\u00e9spedes salgan de la casa, es su responsabilidad asegurarse de que todas las ventanas y puertas quedan bien cerradas para mantener la seguridad y evitar da\u00f1os por lluvia y agua.&nbsp;<\/li>\n\n\n\n<li>No deje nunca la llave de la casa puesta por dentro. Si sale y se le cierra la puerta accidentalmente, ser\u00e1 preciso llamar a un cerrajero. En estos casos los hu\u00e9spedes correr\u00e1n con los gastos de cerrajer\u00eda. <\/li>\n\n\n\n<li>Los hu\u00e9spedes deben apagar las luces, ventiladores, aparatos electr\u00f3nicos como la televisi\u00f3n cuando no est\u00e9n en uso por seguridad y para evitar el despilfarro de energ\u00eda.<\/li>\n<\/ul>\n\n\n\n<h2 class=\"wp-block-heading\">6- PISCINA&nbsp;<\/h2>\n\n\n\n<ul class=\"wp-block-list\">\n<li>Los hu\u00e9spedes deben supervisar a los beb\u00e9s y ni\u00f1os en todo momento y no permitir que se se suban o corran por los bordes de la piscina por riesgo de ca\u00eddas.<\/li>\n\n\n\n<li>Es posible que durante su estancia se presente el encargado de limpiar la piscina. Le rogamos que le permita el acceso a las zonas exteriores de la casa para que pueda llevar a cabo su trabajo. <\/li>\n<\/ul>\n\n\n\n<h2 class=\"wp-block-heading\">7- MOBILIARIO<\/h2>\n\n\n\n<ul class=\"wp-block-list\">\n<li>Los hu\u00e9spedes deben tratar con cuidado los sof\u00e1s y cualquier textil del hogar, especialmente los de colores claros, para evitar manchas.<\/li>\n<\/ul>\n\n\n\n<h2 class=\"wp-block-heading\">8- DA\u00d1OS Y ROTURAS&nbsp;<\/h2>\n\n\n\n<ul class=\"wp-block-list\">\n<li>Todos los da\u00f1os y roturas deben ser comunicados a la propietaria tan pronto como sea razonablemente posible. Si no se informa de ellos, es probable que se deduzca una penalizaci\u00f3n de la fianza o se inicie una reclamaci\u00f3n a trav\u00e9s de la plataforma de reservas.&nbsp;<\/li>\n\n\n\n<li>Para evitar da\u00f1os y roturas, no se debe mover ning\u00fan mueble de una habitaci\u00f3n a otra sin previo acuerdo.<\/li>\n\n\n\n<li>No se podr\u00e1n sacar toallas de ba\u00f1o de la propiedad (por ejemplo, para usarlas en la playa).<\/li>\n\n\n\n<li>Para las reservas directas pedimos una fianza de 150 euros. Esto no se aplica a las reservas a trav\u00e9s de Airbnb y Booking.com, ya que estas plataformas cuentan con sistemas de arbitraje para cubrir posibles da\u00f1os. El dep\u00f3sito se devuelve autom\u00e1ticamente a las 20:00 en la fecha de salida, siempre que no haya da\u00f1os o limpieza excesiva necesaria.<\/li>\n<\/ul>\n\n\n\n<h2 class=\"wp-block-heading\">9- FUMAR&nbsp;<\/h2>\n\n\n\n<ul class=\"wp-block-list\">\n<li>No est\u00e1 permitido fumar dentro de la casa. Si los hu\u00e9spedes desean fumar, pueden hacerlo en las zonas exteriores manteniendo las puertas cerradas para que no entren olores en la casa.<\/li>\n\n\n\n<li>Las colillas deben ser eliminadas adecuadamente y nunca arrojadas en las zonas exteriores.&nbsp;<\/li>\n<\/ul>\n\n\n\n<h2 class=\"wp-block-heading\">10- ANIMALES DE COMPA\u00d1\u00cdA<\/h2>\n\n\n\n<ul class=\"wp-block-list\">\n<li>Aceptamos un m\u00e1ximo de 2 animales de compa\u00f1\u00eda en la casa, que deben estar acompa\u00f1ados en todo momento. No se permite dejar los animales solos en la casa.<\/li>\n\n\n\n<li>Dado que la presencia de animales exige una limpieza mucho m\u00e1s exhaustiva, cobramos un suplemento de 30 euros por estancia. Este suplemento no se puede abonar en la plataforma de reservas, sino que tendr\u00e1 que ser abonado al hacer el check-in.<\/li>\n\n\n\n<li>Los due\u00f1os de mascotas deben asegurarse de que sus mascotas no se suban a las camas o al sof\u00e1. Si el personal de limpieza encuentra pelo de mascota en las s\u00e1banas, las toallas o el sof\u00e1, se cobrar\u00e1 al hu\u00e9sped el coste de un servicio de limpieza adicional.<\/li>\n<\/ul>\n\n\n\n<h2 class=\"wp-block-heading\">11- BASURA<\/h2>\n\n\n\n<ul class=\"wp-block-list\">\n<li>Por favor, deposite las bolsas de basura en los contenedores de la urbanizaci\u00f3n, que se encuentran<a href=\"https:\/\/maps.app.goo.gl\/9pbKf27ETqYziQwz5\" data-type=\"link\" data-id=\"https:\/\/maps.app.goo.gl\/9pbKf27ETqYziQwz5\" target=\"_blank\" rel=\"noopener\"> saliendo a la carretera<\/a>. En la medida de lo posible, les rogamos que separen los materiales reciclables.<\/li>\n<\/ul>\n\n\n\n<h2 class=\"wp-block-heading\">12- DISPOSICIONES DE SALIDA&nbsp;<\/h2>\n\n\n\n<ul class=\"wp-block-list\">\n<li>La hora l\u00edmite de salida es las 11 de la ma\u00f1ana. Los hu\u00e9spedes deben asegurarse de que todas las ventanas y las puertas est\u00e1n cerradas y dejar las llaves sobre la mesa cuando salgan de la casa.&nbsp;Asimismo, deben asegurarse de que la puerta queda bien cerrada a su salida.<\/li>\n<\/ul>\n\n\n\n<h2 class=\"wp-block-heading\">13- DATOS DE CONTACTO EN CASO DE EMERGENCIA&nbsp;<\/h2>\n\n\n\n<ul class=\"wp-block-list\">\n<li>En caso de emergencia relacionada con la casa, por favor contacte con la propietaria <a href=\"mailto:info@casamimosa-grancanaria.com\" data-type=\"mailto\" data-id=\"mailto:info@casamimosa-grancanaria.com\">en este correo electr\u00f3nico<\/a> o por WhatsApp al n\u00famero que encontrar\u00e1 en la carpeta de bienvenida. En la carpeta encontrar\u00e1 tambi\u00e9n los tel\u00e9fonos de emergencia.<\/li>\n<\/ul>\n\n\n\n<h2 class=\"wp-block-heading\">CUMPLIMIENTO&nbsp;<\/h2>\n\n\n\n<p>El incumplimiento de cualquiera de estas normas de la casa es un incumplimiento de los t\u00e9rminos y condiciones de ocupaci\u00f3n. La propietaria se reserva el derecho de cancelar el permiso de ocupaci\u00f3n y de expulsar de la casa a cualquier hu\u00e9sped o visitante que se niegue a seguir estas normas o que cause molestias a los vecinos o a otros residentes de la comunidad.<\/p>\n","protected":false},"excerpt":{"rendered":"<p>Al reservar una estancia en Casa Mimosa usted declara su adhesi\u00f3n a estas normas de la casa. El cumplimiento de las mismas es un requisito durante su estancia y su incumplimiento puede dar lugar a sanciones tales como deducciones de la fianza o reclamaciones de indemnizaci\u00f3n a trav\u00e9s de la plataforma de reservas.&nbsp; 1- REQUISITOS &hellip; <a href=\"https:\/\/casamimosa-grancanaria.com\/es\/normas-de-la-casa\/\" class=\"more-link\">Continue reading<span class=\"screen-reader-text\"> \u00abNormas de la casa\u00bb<\/span><\/a><\/p>\n","protected":false},"author":1,"featured_media":0,"parent":0,"menu_order":0,"comment_status":"closed","ping_status":"closed","template":"","meta":{"footnotes":""},"class_list":["post-1329","page","type-page","status-publish","hentry"],"_links":{"self":[{"href":"https:\/\/casamimosa-grancanaria.com\/es\/wp-json\/wp\/v2\/pages\/1329","targetHints":{"allow":["GET"]}}],"collection":[{"href":"https:\/\/casamimosa-grancanaria.com\/es\/wp-json\/wp\/v2\/pages"}],"about":[{"href":"https:\/\/casamimosa-grancanaria.com\/es\/wp-json\/wp\/v2\/types\/page"}],"author":[{"embeddable":true,"href":"https:\/\/casamimosa-grancanaria.com\/es\/wp-json\/wp\/v2\/users\/1"}],"replies":[{"embeddable":true,"href":"https:\/\/casamimosa-grancanaria.com\/es\/wp-json\/wp\/v2\/comments?post=1329"}],"version-history":[{"count":9,"href":"https:\/\/casamimosa-grancanaria.com\/es\/wp-json\/wp\/v2\/pages\/1329\/revisions"}],"predecessor-version":[{"id":2447,"href":"https:\/\/casamimosa-grancanaria.com\/es\/wp-json\/wp\/v2\/pages\/1329\/revisions\/2447"}],"wp:attachment":[{"href":"https:\/\/casamimosa-grancanaria.com\/es\/wp-json\/wp\/v2\/media?parent=1329"}],"curies":[{"name":"wp","href":"https:\/\/api.w.org\/{rel}","templated":true}]}}