{"id":637,"date":"2023-06-25T19:11:34","date_gmt":"2023-06-25T19:11:34","guid":{"rendered":"https:\/\/casamimosa-grancanaria.com\/house-features\/"},"modified":"2026-02-04T19:31:40","modified_gmt":"2026-02-04T19:31:40","slug":"ausstattung","status":"publish","type":"page","link":"https:\/\/casamimosa-grancanaria.com\/de\/ausstattung\/","title":{"rendered":"Ausstattung von Casa Mimosa"},"content":{"rendered":"\n<div class=\"wp-block-media-text alignwide is-stacked-on-mobile\" style=\"grid-template-columns:33% auto\"><figure class=\"wp-block-media-text__media\"><img loading=\"lazy\" decoding=\"async\" width=\"683\" height=\"1024\" src=\"https:\/\/casamimosa-grancanaria.com\/wp-content\/uploads\/2023\/06\/Cocina1-edited-683x1024.jpeg\" alt=\"Cocina de Casa Mimosa\" class=\"wp-image-512 size-large\" srcset=\"https:\/\/casamimosa-grancanaria.com\/wp-content\/uploads\/2023\/06\/Cocina1-edited-683x1024.jpeg 683w, https:\/\/casamimosa-grancanaria.com\/wp-content\/uploads\/2023\/06\/Cocina1-edited-200x300.jpeg 200w, https:\/\/casamimosa-grancanaria.com\/wp-content\/uploads\/2023\/06\/Cocina1-edited-768x1152.jpeg 768w, https:\/\/casamimosa-grancanaria.com\/wp-content\/uploads\/2023\/06\/Cocina1-edited-373x560.jpeg 373w, https:\/\/casamimosa-grancanaria.com\/wp-content\/uploads\/2023\/06\/Cocina1-edited.jpeg 1024w\" sizes=\"auto, (max-width: 683px) 100vw, 683px\" \/><\/figure><div class=\"wp-block-media-text__content\">\n<p>Casa Mimosa ist auf zwei Etagen verteilt, die durch eine Treppe verbunden sind. Das Erdgeschoss bietet Zugang zur Veranda und den hinteren Garten. Im Erdgeschoss befindet sich das Wohnzimmer \/ K\u00fcche. Im Obergeschoss befinden sich zwei gem\u00fctliche Schlafzimmer und ein Badezimmer. Das Haus bietet einen Blick auf die imposanten Tamadaba-Berge, die das idyllische Agaete-Tal umgeben.<\/p>\n\n\n\n<p>F\u00fcr Ihren Komfort bieten wir die folgenden Einrichtungen:<\/p>\n\n\n\n<h2 class=\"wp-block-heading\">Schlafzimmer<\/h2>\n\n\n\n<ul class=\"wp-block-list\">\n<li>1 Schlafzimmer mit 150 cm Doppelbett<\/li>\n\n\n\n<li>1 Schlafzimmer mit zwei 90 cm Einzelbetten<\/li>\n\n\n\n<li>Babybett auf Anfrage<\/li>\n<\/ul>\n<\/div><\/div>\n\n\n\n<div class=\"wp-block-columns is-layout-flex wp-container-core-columns-is-layout-9d6595d7 wp-block-columns-is-layout-flex\">\n<div class=\"wp-block-column is-layout-flow wp-block-column-is-layout-flow\" style=\"flex-basis:50%\">\n<div class=\"wp-block-group\"><div class=\"wp-block-group__inner-container is-layout-constrained wp-block-group-is-layout-constrained\">\n<h2 class=\"wp-block-heading\">Au\u00dfenbereich<\/h2>\n\n\n\n<ul class=\"wp-block-list\">\n<li>8m\u00b2 gro\u00dfes Pool (maximale Tiefe: 1,7 Meter).<\/li>\n\n\n\n<li>Solarium mit zwei Liegest\u00fchlen.<\/li>\n\n\n\n<li>Angenehme Terrasse mit kanarischer Holzveranda.<\/li>\n\n\n\n<li>Garten mit einheimischen Pflanzen und Obstb\u00e4umen<\/li>\n\n\n\n<li>Grill<\/li>\n\n\n\n<li>Tisch und vier St\u00fchle f\u00fcr draussen<\/li>\n\n\n\n<li>Handt\u00fccher f\u00fcr den Pool<\/li>\n<\/ul>\n<\/div><\/div>\n<\/div>\n\n\n\n<div class=\"wp-block-column is-layout-flow wp-block-column-is-layout-flow\" style=\"flex-basis:50%\">\n<div class=\"wp-block-group\"><div class=\"wp-block-group__inner-container is-layout-constrained wp-block-group-is-layout-constrained\">\n<h2 class=\"wp-block-heading\">K\u00fcche<\/h2>\n\n\n\n<ul class=\"wp-block-list\">\n<li>Gasherd<\/li>\n\n\n\n<li>Mikrowelle<\/li>\n\n\n\n<li>K\u00fchlschrank mit Gefrierfach<\/li>\n\n\n\n<li>Geschirr und Besteck inkl. Weingl\u00e4ser<\/li>\n\n\n\n<li>K\u00fcchenutensilien<\/li>\n\n\n\n<li>Kaffeemaschine u. Mokkakanne<\/li>\n\n\n\n<li>Toaster<\/li>\n\n\n\n<li>Wasserkocher<\/li>\n\n\n\n<li>Saftpresse<\/li>\n\n\n\n<li>Stabmixer<\/li>\n\n\n\n<li>Esstisch und vier St\u00fchle<\/li>\n\n\n\n<li>Babystuhladapter auf Anfrage<\/li>\n<\/ul>\n<\/div><\/div>\n<\/div>\n<\/div>\n\n\n\n<div style=\"height:50px\" aria-hidden=\"true\" class=\"wp-block-spacer\"><\/div>\n\n\n\n<div class=\"wp-block-columns is-layout-flex wp-container-core-columns-is-layout-9d6595d7 wp-block-columns-is-layout-flex\">\n<div class=\"wp-block-column is-layout-flow wp-block-column-is-layout-flow\" style=\"flex-basis:50%\">\n<div class=\"wp-block-group\"><div class=\"wp-block-group__inner-container is-layout-constrained wp-block-group-is-layout-constrained\">\n<h2 class=\"wp-block-heading\">Bad<\/h2>\n\n\n\n<ul class=\"wp-block-list\">\n<li>Badewanne<\/li>\n\n\n\n<li>Handt\u00fccher<\/li>\n\n\n\n<li>Haartrockner<\/li>\n\n\n\n<li>Babybadewanne auf Anfrage<\/li>\n\n\n\n<li>Baby-T\u00f6pfchen auf Anfrage<\/li>\n<\/ul>\n\n\n\n<h2 class=\"wp-block-heading\">Wohnzimmer<\/h2>\n\n\n\n<ul class=\"wp-block-list\">\n<li>TV<\/li>\n\n\n\n<li>Radio<\/li>\n<\/ul>\n<\/div><\/div>\n<\/div>\n\n\n\n<div class=\"wp-block-column is-layout-flow wp-block-column-is-layout-flow\" style=\"flex-basis:50%\">\n<div class=\"wp-block-group\"><div class=\"wp-block-group__inner-container is-layout-constrained wp-block-group-is-layout-constrained\">\n<h2 class=\"wp-block-heading\">Sonstige<\/h2>\n\n\n\n<ul class=\"wp-block-list\">\n<li>Waschmaschine<\/li>\n\n\n\n<li>W\u00e4schest\u00e4nder<\/li>\n\n\n\n<li>B\u00fcgeleisen<\/li>\n\n\n\n<li>Glasfaser WLAN<\/li>\n\n\n\n<li>2 Ventilatoren<\/li>\n\n\n\n<li>Feuerl\u00f6scher<\/li>\n\n\n\n<li>Rauchmelder<\/li>\n<\/ul>\n<\/div><\/div>\n<\/div>\n<\/div>\n\n\n\n<div style=\"height:100px\" aria-hidden=\"true\" class=\"wp-block-spacer\"><\/div>\n\n\n<div id=\"rank-math-faq\" class=\"rank-math-block\">\n<div class=\"rank-math-list \">\n<div id=\"faq-question-1687721204063\" class=\"rank-math-list-item\">\n<h3 class=\"rank-math-question \">Ist das Haus klimatisiert?<\/h3>\n<div class=\"rank-math-answer \">\n\n<p>Es gibt nicht viele andere Orte auf der Welt, an denen es weder zu hei\u00df noch zu kalt ist. Unter anderem deshalb nennt man diese Inseln auch Las Afortunadas (Die Gl\u00fccklichen). W\u00e4hrend sich auf den Kanaren alle \u00fcber die Hitze beschweren, w\u00fcrden sich die Bewohner des spanischen Festlandes \u00fcber das k\u00fchlere Wetter freuen. Im Agaete-Tal werden Sie selten mehr als 30 \u00b0C vorfinden. Und wenn doch, dann gibt es viele M\u00f6glichkeiten, die Hitze zu bek\u00e4mpfen. Die erste und offensichtlichste ist nat\u00fcrlich das Pool. Aber Sie m\u00fcssen nicht nass werden, um in der Casa Mimosa k\u00fchl zu bleiben. Die sch\u00f6ne kanarische Veranda bietet viel Schatten auf der Terrasse, so dass Sie sich vor der Hitze sch\u00fctzen k\u00f6nnen. In den k\u00fchleren Stunden des Tages sollten Sie die Fenster ge\u00f6ffnet halten, damit die Luft zirkulieren kann und die W\u00e4rme nicht stagniert. In den hei\u00dfesten Stunden des Tages sollten Sie die Fenster schlie\u00dfen, um die Luft k\u00fchl zu halten. F\u00fcr G\u00e4ste steht ein Ventilator zur Verf\u00fcgung.<\/p>\n\n<\/div>\n<\/div>\n<div id=\"faq-question-1687721708142\" class=\"rank-math-list-item\">\n<h3 class=\"rank-math-question \">Verf\u00fcgt das Haus \u00fcber eine Heizung?<\/h3>\n<div class=\"rank-math-answer \">\n\n<p>Die Winter in Agaete sind mit Mindesttemperaturen von 15\u00b0C so mild, dass ich es nicht f\u00fcr sinnvoll halte, das Haus zu heizen. Ich empfehle Ihnen, die Fenster tags\u00fcber zu \u00f6ffnen, um das Haus warm zu halten, und sie zu schlie\u00dfen, sobald die Sonne untergeht, damit die Abendfrische draussen bleibt.<\/p>\n\n<\/div>\n<\/div>\n<div id=\"faq-question-1687721733386\" class=\"rank-math-list-item\">\n<h3 class=\"rank-math-question \">Wie viele Personen k\u00f6nnen in Casa Mimosa \u00fcbernachten?<\/h3>\n<div class=\"rank-math-answer \">\n\n<p>Casa Mimosa kann bis zu vier Personen beherbergen.<\/p>\n\n<\/div>\n<\/div>\n<div id=\"faq-question-1687721809475\" class=\"rank-math-list-item\">\n<h3 class=\"rank-math-question \">Wie komme ich zu Casa Mimosa?<\/h3>\n<div class=\"rank-math-answer \">\n\n<p>Je nachdem, ob Sie mit dem Flugzeug oder mit dem Boot auf der Insel ankommen, gibt es verschiedene M\u00f6glichkeiten, die wir auf der Seite <a href=\"\/de\/anreise\/\" target=\"_blank\" data-type=\"URL\" data-id=\"\/de\/anreise\/\" rel=\"noreferrer noopener\">&#8222;So erreichen Sie Casa Mimosa&#8220;<\/a> ausf\u00fchrlich beschrieben haben.<\/p>\n\n<\/div>\n<\/div>\n<div id=\"faq-question-1687721928626\" class=\"rank-math-list-item\">\n<h3 class=\"rank-math-question \">Brauche ich ein Auto, um in Casa Mimosa zu bleiben?<\/h3>\n<div class=\"rank-math-answer \">\n\n<p>Die meisten Menschen, die es gewohnt sind, ein Auto zu besitzen, werden es unbequem finden, bei einem Aufenthalt in Casa Mimosa auf ein Auto zu verzichten. Aber wenn Sie mit leichtem Gep\u00e4ck reisen und gerne zu Fu\u00df gehen, wie ich es tue, ist es durchaus machbar. Das Dorf Agaete ist nur drei Kilometer entfernt (wer geht nicht im Alltag 3 km zu Fu\u00df?) und Puerto de las Nieves ist 4,5 km entfernt. Um andere Orte auf der Insel zu besuchen, ist es bequemer, mit dem Auto zu fahren, aber auch die Guaguas (Busse) erreichen alle D\u00f6rfer.\u00a0<br \/>Wenn Sie einen Wanderurlaub planen, stehen Ihnen von Casa Mimosa aus viele Routen zur Auswahl.<\/p>\n\n<\/div>\n<\/div>\n<div id=\"faq-question-1687721955601\" class=\"rank-math-list-item\">\n<h3 class=\"rank-math-question \">Gibt es Parkpl\u00e4tze bei Casa Mimosa?<\/h3>\n<div class=\"rank-math-answer \">\n\n<p>Vor dem Haus gibt es immer Parkpl\u00e4tze. La Suerte ist eine sehr ruhige Wohnsiedlung, in der es keinen Durchgangsverkehr gibt.<\/p>\n\n<\/div>\n<\/div>\n<div id=\"faq-question-1687721977944\" class=\"rank-math-list-item\">\n<h3 class=\"rank-math-question \">Kann ich von Casa Mimosa aus remote arbeiten?<\/h3>\n<div class=\"rank-math-answer \">\n\n<p>Selbstverst\u00e4ndlich! Wir haben einen Glasfaseranschluss mit einer Kapazit\u00e4t (laut Anbieter) von 1 GB genau f\u00fcr die G\u00e4ste, die im Haus arbeiten m\u00f6chten. Wir sind der Meinung, dass dies ein idyllischer Ort zum Arbeiten ist. Es gibt nichts Erfrischenderes als ein Bad im Meer vor oder nach der Arbeit. Oder ein Spaziergang durch das Tal im Winter.<\/p>\n\n<\/div>\n<\/div>\n<div id=\"faq-question-1687722033072\" class=\"rank-math-list-item\">\n<h3 class=\"rank-math-question \">Darf ich im Casa Mimosa eine Party feiern?<\/h3>\n<div class=\"rank-math-answer \">\n\n<p>Aus R\u00fccksicht auf die Nachbarn sind Partys im Haus leider nicht erlaubt.<\/p>\n\n<\/div>\n<\/div>\n<\/div>\n<\/div>","protected":false},"excerpt":{"rendered":"<p>Au\u00dfenbereich K\u00fcche Bad Wohnzimmer Sonstige<\/p>\n","protected":false},"author":1,"featured_media":0,"parent":0,"menu_order":0,"comment_status":"closed","ping_status":"closed","template":"template-full-width-grid-page.php","meta":{"footnotes":""},"class_list":["post-637","page","type-page","status-publish","hentry"],"_links":{"self":[{"href":"https:\/\/casamimosa-grancanaria.com\/de\/wp-json\/wp\/v2\/pages\/637","targetHints":{"allow":["GET"]}}],"collection":[{"href":"https:\/\/casamimosa-grancanaria.com\/de\/wp-json\/wp\/v2\/pages"}],"about":[{"href":"https:\/\/casamimosa-grancanaria.com\/de\/wp-json\/wp\/v2\/types\/page"}],"author":[{"embeddable":true,"href":"https:\/\/casamimosa-grancanaria.com\/de\/wp-json\/wp\/v2\/users\/1"}],"replies":[{"embeddable":true,"href":"https:\/\/casamimosa-grancanaria.com\/de\/wp-json\/wp\/v2\/comments?post=637"}],"version-history":[{"count":5,"href":"https:\/\/casamimosa-grancanaria.com\/de\/wp-json\/wp\/v2\/pages\/637\/revisions"}],"predecessor-version":[{"id":2606,"href":"https:\/\/casamimosa-grancanaria.com\/de\/wp-json\/wp\/v2\/pages\/637\/revisions\/2606"}],"wp:attachment":[{"href":"https:\/\/casamimosa-grancanaria.com\/de\/wp-json\/wp\/v2\/media?parent=637"}],"curies":[{"name":"wp","href":"https:\/\/api.w.org\/{rel}","templated":true}]}}