{"id":210,"date":"2023-06-18T18:58:09","date_gmt":"2023-06-18T18:58:09","guid":{"rendered":"https:\/\/casamimosa-grancanaria.com\/how-to-get-to-casa-mimosa\/"},"modified":"2023-08-26T22:11:11","modified_gmt":"2023-08-26T22:11:11","slug":"anreise","status":"publish","type":"page","link":"https:\/\/casamimosa-grancanaria.com\/de\/anreise\/","title":{"rendered":"So erreichen Sie Casa Mimosa"},"content":{"rendered":"\n<p>Wenn Sie zum ersten Mal nach Gran Canaria reisen, k\u00f6nnen Sie dieser Wegbeschreibung folgen, um zu Ihrer Unterkunft im Agaete-Tal zu gelangen.<\/p>\n\n\n\n<p>Es ist nicht notwendig, ein Auto zu mieten, um in Casa Mimosa zu wohnen. Wenn Sie es gewohnt sind, im Urlaub immer ein Auto zu haben, wird es Ihnen schwer fallen, darauf zu verzichten. Aber wenn Sie, wie ich, lieber ohne Auto leben, k\u00f6nnen Sie die Guagua (Bus) als Transportmittel auf der Insel benutzen. Die <a href=\"https:\/\/guaguasglobal.com\/\" data-type=\"URL\" data-id=\"https:\/\/guaguasglobal.com\/\" target=\"_blank\" rel=\"noreferrer noopener\">Busse auf Gran Canaria<\/a> sind sehr p\u00fcnktlich und bequem.&nbsp;<\/p>\n\n\n\n<h2 class=\"wp-block-heading\">Wie man vom Flughafen Gran Canaria nach Agaete kommt<\/h2>\n\n\n\n<p>Der Flughafen von Gran Canaria liegt an der Ostk\u00fcste der Insel. Um von dort nach Agaete zu gelangen, haben Sie mehrere M\u00f6glichkeiten.<\/p>\n\n\n\n<iframe src=\"https:\/\/www.google.com\/maps\/embed?pb=!1m18!1m12!1m3!1d3519.892854066659!2d-15.678258525982779!3d28.088810975965988!2m3!1f0!2f0!3f0!3m2!1i1024!2i768!4f13.1!3m3!1m2!1s0xc408c8811cb7639%3A0xac8c36bad4c62e44!2sC.%20Guaydil%2C%202%2C%2035489%20Urb.%20la%20Suerte%2C%20Las%20Palmas%2C%20Espa%C3%B1a!5e0!3m2!1ses!2sde!4v1687108624896!5m2!1ses!2sde\" width=\"600\" height=\"450\" style=\"border:0;\" allowfullscreen=\"\" loading=\"lazy\" referrerpolicy=\"no-referrer-when-downgrade\"><\/iframe>\n\n\n\n<h3 class=\"wp-block-heading\">Mit dem Mietauto<\/h3>\n\n\n\n<p>Die meisten Touristen auf Gran Canaria mieten sich ein Auto. Wenn Sie nicht auf den Komfort eines eigenen Autos verzichten wollen, empfehlen wir Ihnen, dieses direkt am Flughafen abzuholen. Von dort aus fahren Sie einfach auf der Autobahn nach Las Palmas. Wenn Sie die Stadt erreichen, finden Sie Schilder nach Agaete. Es ist sehr gut ausgeschildert und leicht zu finden. Wenn Sie Google Maps benutzen, ist es sogar noch einfacher.<\/p>\n\n\n\n<p>Wenn Sie das Dorf Agaete erreichen, sollten Sie nach den Schildern nach El Valle Ausschau halten. Nach drei Kilometern befinden Sie sich an der Einfahrt (links) zur Urbanizaci\u00f3n La Suerte. Casa Mimosa befindet sich in der Calle Guaydil Nr. 2.<\/p>\n\n\n\n<h3 class=\"wp-block-heading\">Mit dem Bus<\/h3>\n\n\n\n<div class=\"wp-block-columns is-layout-flex wp-container-core-columns-is-layout-9d6595d7 wp-block-columns-is-layout-flex\">\n<div class=\"wp-block-column is-layout-flow wp-block-column-is-layout-flow\" style=\"flex-basis:50%\">\n<p>Der Bus vom Flughafen nach Las Palmas ist sehr schnell und bequem, ich benutze ihn h\u00e4ufig, wenn ich keine schweren Gep\u00e4ckst\u00fccke dabei habe. Hier finden Sie <a href=\"https:\/\/www.guaguasglobal.com\/pdflineas\/Linea_60.pdf\" data-type=\"URL\" data-id=\"https:\/\/www.guaguasglobal.com\/pdflineas\/Linea_60.pdf\" target=\"_blank\" rel=\"noreferrer noopener\">die Fahrpl\u00e4ne<\/a>. In Las Palmas muss man in San Telmo aussteigen und dann <a href=\"https:\/\/guaguasglobal.com\/pdflineas\/Linea_100.pdf\" data-type=\"URL\" data-id=\"https:\/\/guaguasglobal.com\/pdflineas\/Linea_103.pdf\" target=\"_blank\" rel=\"noreferrer noopener\">den direkten Bus nach G\u00e1ldar<\/a> nehmen. Es gibt vier Busse pro Tag, die <a href=\"https:\/\/guaguasglobal.com\/pdflineas\/Linea_102.pdf\" data-type=\"URL\" data-id=\"https:\/\/guaguasglobal.com\/pdflineas\/Linea_102.pdf\" target=\"_blank\" rel=\"noreferrer noopener\">von G\u00e1ldar ins Agaete-Tal<\/a> fahren. Steigen Sie an der Haltestelle &#8222;La Suerte&#8220; aus und gehen Sie von dort aus <a href=\"https:\/\/goo.gl\/maps\/tMarDreGYPC4FMj26\" data-type=\"URL\" data-id=\"https:\/\/goo.gl\/maps\/tMarDreGYPC4FMj26\" target=\"_blank\" rel=\"noreferrer noopener\">zu Fu\u00df bis zum Haus<\/a>. Derselbe Bus, Nummer 102, kann jedes Mal genommen werden, wenn Sie nach Puerto de las Nieves fahren wollen, um dort im Meer zu baden oder einen leckeren Fisch zu essen.<\/p>\n<\/div>\n\n\n\n<div class=\"wp-block-column is-layout-flow wp-block-column-is-layout-flow\" style=\"flex-basis:50%\">\n<figure class=\"wp-block-image size-large\"><img loading=\"lazy\" decoding=\"async\" width=\"1024\" height=\"768\" src=\"https:\/\/casamimosa-grancanaria.com\/wp-content\/uploads\/2023\/08\/20230826222242582-1024x768.jpg\" alt=\"Bushaltestelle La Suerte auf dem Agaete Tal in Gran Canaria\" class=\"wp-image-1228\" srcset=\"https:\/\/casamimosa-grancanaria.com\/wp-content\/uploads\/2023\/08\/20230826222242582-1024x768.jpg 1024w, https:\/\/casamimosa-grancanaria.com\/wp-content\/uploads\/2023\/08\/20230826222242582-300x225.jpg 300w, https:\/\/casamimosa-grancanaria.com\/wp-content\/uploads\/2023\/08\/20230826222242582-768x576.jpg 768w, https:\/\/casamimosa-grancanaria.com\/wp-content\/uploads\/2023\/08\/20230826222242582-1536x1152.jpg 1536w, https:\/\/casamimosa-grancanaria.com\/wp-content\/uploads\/2023\/08\/20230826222242582-2048x1536.jpg 2048w, https:\/\/casamimosa-grancanaria.com\/wp-content\/uploads\/2023\/08\/20230826222242582-747x560.jpg 747w, https:\/\/casamimosa-grancanaria.com\/wp-content\/uploads\/2023\/08\/20230826222242582-2000x1500.jpg 2000w\" sizes=\"auto, (max-width: 1024px) 100vw, 1024px\" \/><figcaption class=\"wp-element-caption\"><strong><em>Bushaltestelle La Suerte<\/em><\/strong><\/figcaption><\/figure>\n<\/div>\n<\/div>\n\n\n\n<p>Wenn Sie den letzten Bus ins Tal nicht mehr erwischen, k\u00f6nnen Sie stattdessen den Bus 103 nach Agaete (die Fahrt ist lang, weil es viele Haltestellen gibt, aber es ist eine unbezahlbare Gelegenheit, etwas von der lokalen Kultur zu erleben) und dort ein Taxi nehmen. Es sind nur drei Kilometer bis zur Casa Mimosa und die Fahrt kostet weniger als 10 Euro. Taxis stehen in der Regel neben der Dorfkirche bereit. Wenn Sie keins finden, k\u00f6nnen Sie die Nummer +34928 554475 anrufen. Bitten Sie sie, Sie nach &#8222;La Suerte&#8220; zu bringen (auf Spanisch).\u00a0<\/p>\n\n\n\n<h3 class=\"wp-block-heading\">Mit dem Taxi<\/h3>\n\n\n\n<p>Wenn Sie den Komfort eines Autos w\u00fcnschen, aber nicht selbst fahren m\u00f6chten, ist es am besten, ein Taxi zu nehmen. Taxis finden Sie in den Stra\u00dfen von Las Palmas oder am Flughafen. Bitten Sie den Taxifahrer, Sie ins Agaete-Tal zu bringen. Wenn er sich in der Gegend nicht gut auskennt, kennt er La Suerte vielleicht nicht. Sagen Sie ihm einfach, dass es an der Stra\u00dfe zum Tal (Carretera del Valle) liegt, 3 Kilometer vom Dorf entfernt, auf der linken Seite der Stra\u00dfe.<\/p>\n\n\n\n<h2 class=\"wp-block-heading\">Wie man von Teneriffa mit dem Boot nach Agaete kommt<\/h2>\n\n\n\n<p>Wenn Sie von Teneriffa aus anreisen, haben Sie Gl\u00fcck, denn es gibt eine F\u00e4hre, die Sie von Santa Cruz aus direkt zur Anlegestelle von Agaete bringt. Es handelt sich um einen <a href=\"https:\/\/www.fredolsen.es\/es\/fast-ferry-barco-gran-canaria-tenerife-tenerife-gran-canaria\" target=\"_blank\" data-type=\"URL\" data-id=\"https:\/\/www.fredolsen.es\/es\/fast-ferry-barco-gran-canaria-tenerife-tenerife-gran-canaria\" rel=\"noreferrer noopener\">sehr komfortablen Katamaran<\/a> mit einer Bar, einem Restaurant und einem Gesch\u00e4ft an Bord. Der Bequemlichkeit halber k\u00f6nnen Sie Ihr eigenes Auto mitnehmen (wenn es sich um einen Mietwagen handelt, fragen Sie, ob Sie ihn auch auf andere Inseln mitnehmen d\u00fcrfen), wenn Sie m\u00f6chten.<\/p>\n\n\n\n<p>Nach der Anlegestelle in Agaete fahren Sie in Richtung Dorf und halten von dort aus Ausschau nach den Schildern zum Tal (\u201cAl Valle\u201d). Nach etwa drei Kilometern finden Sie auf der linken Seite die Einfahrt zur Urbanizaci\u00f3n La Suerte. Casa Mimosa befindet sich in der Calle Guaydil Nr. 2.<\/p>\n","protected":false},"excerpt":{"rendered":"<p>Wenn Sie zum ersten Mal nach Gran Canaria reisen, k\u00f6nnen Sie dieser Wegbeschreibung folgen, um zu Ihrer Unterkunft im Agaete-Tal zu gelangen. Es ist nicht notwendig, ein Auto zu mieten, um in Casa Mimosa zu wohnen. Wenn Sie es gewohnt sind, im Urlaub immer ein Auto zu haben, wird es Ihnen schwer fallen, darauf zu &hellip; <a href=\"https:\/\/casamimosa-grancanaria.com\/de\/anreise\/\" class=\"more-link\">Continue reading<span class=\"screen-reader-text\"> &#8222;So erreichen Sie Casa Mimosa&#8220;<\/span><\/a><\/p>\n","protected":false},"author":1,"featured_media":0,"parent":0,"menu_order":0,"comment_status":"closed","ping_status":"closed","template":"template-full-width-grid-page.php","meta":{"footnotes":""},"class_list":["post-210","page","type-page","status-publish","hentry"],"_links":{"self":[{"href":"https:\/\/casamimosa-grancanaria.com\/de\/wp-json\/wp\/v2\/pages\/210","targetHints":{"allow":["GET"]}}],"collection":[{"href":"https:\/\/casamimosa-grancanaria.com\/de\/wp-json\/wp\/v2\/pages"}],"about":[{"href":"https:\/\/casamimosa-grancanaria.com\/de\/wp-json\/wp\/v2\/types\/page"}],"author":[{"embeddable":true,"href":"https:\/\/casamimosa-grancanaria.com\/de\/wp-json\/wp\/v2\/users\/1"}],"replies":[{"embeddable":true,"href":"https:\/\/casamimosa-grancanaria.com\/de\/wp-json\/wp\/v2\/comments?post=210"}],"version-history":[{"count":4,"href":"https:\/\/casamimosa-grancanaria.com\/de\/wp-json\/wp\/v2\/pages\/210\/revisions"}],"predecessor-version":[{"id":1240,"href":"https:\/\/casamimosa-grancanaria.com\/de\/wp-json\/wp\/v2\/pages\/210\/revisions\/1240"}],"wp:attachment":[{"href":"https:\/\/casamimosa-grancanaria.com\/de\/wp-json\/wp\/v2\/media?parent=210"}],"curies":[{"name":"wp","href":"https:\/\/api.w.org\/{rel}","templated":true}]}}