{"id":1776,"date":"2024-02-17T15:46:44","date_gmt":"2024-02-17T15:46:44","guid":{"rendered":"https:\/\/casamimosa-grancanaria.com\/?page_id=1776"},"modified":"2026-02-04T18:59:43","modified_gmt":"2026-02-04T18:59:43","slug":"informationen-fuer-gaeste","status":"publish","type":"page","link":"https:\/\/casamimosa-grancanaria.com\/de\/informationen-fuer-gaeste\/","title":{"rendered":"Informationen f\u00fcr G\u00e4ste"},"content":{"rendered":"\n<div class=\"wp-block-rank-math-toc-block\" id=\"rank-math-toc\"><h2>Inhaltsverzeichnis<\/h2><nav><ul><li class=\"\"><a href=\"#solarium-und-schwimmbad\">Solarium und Schwimmbad<\/a><\/li><li class=\"\"><a href=\"#das-haus-im-sommer-kuhl-halten\">Das Haus im Sommer k\u00fchl halten<\/a><\/li><li class=\"\"><a href=\"#bucher\">B\u00fccher<\/a><\/li><li class=\"\"><a href=\"#lebensmittel\">Lebensmittel<\/a><\/li><li class=\"\"><a href=\"#spiele\">Spiele<\/a><\/li><li class=\"\"><a href=\"#trinkwasser\">Trinkwasser<\/a><\/li><li class=\"\"><a href=\"#rauchmelder\">Rauchwarnmelder<\/a><\/li><\/ul><\/nav><\/div>\n\n\n\n<div class=\"wp-block-media-text has-media-on-the-right is-stacked-on-mobile\"><div class=\"wp-block-media-text__content\">\n<h2 class=\"wp-block-heading\" id=\"solarium-und-schwimmbad\">Solarium und Schwimmbad<\/h2>\n<\/div><figure class=\"wp-block-media-text__media\"><img loading=\"lazy\" decoding=\"async\" width=\"1024\" height=\"881\" src=\"https:\/\/casamimosa-grancanaria.com\/wp-content\/uploads\/2024\/08\/20240407200300269-1024x881.jpg\" alt=\"\" class=\"wp-image-2202 size-full\" srcset=\"https:\/\/casamimosa-grancanaria.com\/wp-content\/uploads\/2024\/08\/20240407200300269-1024x881.jpg 1024w, https:\/\/casamimosa-grancanaria.com\/wp-content\/uploads\/2024\/08\/20240407200300269-300x258.jpg 300w, https:\/\/casamimosa-grancanaria.com\/wp-content\/uploads\/2024\/08\/20240407200300269-768x661.jpg 768w, https:\/\/casamimosa-grancanaria.com\/wp-content\/uploads\/2024\/08\/20240407200300269-1536x1321.jpg 1536w, https:\/\/casamimosa-grancanaria.com\/wp-content\/uploads\/2024\/08\/20240407200300269-2048x1762.jpg 2048w, https:\/\/casamimosa-grancanaria.com\/wp-content\/uploads\/2024\/08\/20240407200300269-651x560.jpg 651w, https:\/\/casamimosa-grancanaria.com\/wp-content\/uploads\/2024\/08\/20240407200300269-2000x1720.jpg 2000w\" sizes=\"auto, (max-width: 1024px) 100vw, 1024px\" \/><\/figure><\/div>\n\n\n\n<p>Es gibt nichts Sch\u00f6neres, als nach einem Bad im Pool in der Sonne zu liegen. Wir haben unsere Liegest\u00fchle mit Kissen ausgestattet, die Ihre Siesta noch angenehmer machen. Sie finden sie im hinteren Teil des Schranks neben der Badezimmert\u00fcr.&nbsp;<\/p>\n\n\n\n<p>Sie brauchen kein eigenes Poolhandtuch mitzubringen. Damit Sie sich nicht mit dem Duschtuch abtrocknen m\u00fcssen, wenn Sie den Pool und das Solarium benutzen, stehen ultraschnell trocknende Mikrofaserhandt\u00fccher zur Verf\u00fcgung. Vergessen Sie nicht, damit auch die Auflagen der Sonnenliegen zu sch\u00fctzen. Die n\u00e4chsten G\u00e4ste werden es Ihnen danken.<\/p>\n\n\n\n<hr class=\"wp-block-separator has-alpha-channel-opacity\"\/>\n\n\n\n<div class=\"wp-block-media-text is-stacked-on-mobile\"><figure class=\"wp-block-media-text__media\"><img loading=\"lazy\" decoding=\"async\" width=\"1024\" height=\"768\" src=\"https:\/\/casamimosa-grancanaria.com\/wp-content\/uploads\/2024\/08\/20240828185442335-1024x768.jpg\" alt=\"\" class=\"wp-image-2190 size-full\" srcset=\"https:\/\/casamimosa-grancanaria.com\/wp-content\/uploads\/2024\/08\/20240828185442335-1024x768.jpg 1024w, https:\/\/casamimosa-grancanaria.com\/wp-content\/uploads\/2024\/08\/20240828185442335-300x225.jpg 300w, https:\/\/casamimosa-grancanaria.com\/wp-content\/uploads\/2024\/08\/20240828185442335-768x576.jpg 768w, https:\/\/casamimosa-grancanaria.com\/wp-content\/uploads\/2024\/08\/20240828185442335-1536x1152.jpg 1536w, https:\/\/casamimosa-grancanaria.com\/wp-content\/uploads\/2024\/08\/20240828185442335-2048x1536.jpg 2048w, https:\/\/casamimosa-grancanaria.com\/wp-content\/uploads\/2024\/08\/20240828185442335-747x560.jpg 747w, https:\/\/casamimosa-grancanaria.com\/wp-content\/uploads\/2024\/08\/20240828185442335-2000x1500.jpg 2000w\" sizes=\"auto, (max-width: 1024px) 100vw, 1024px\" \/><\/figure><div class=\"wp-block-media-text__content\">\n<h2 class=\"wp-block-heading\" id=\"das-haus-im-sommer-kuhl-halten\">Das Haus im Sommer k\u00fchl halten<\/h2>\n<\/div><\/div>\n\n\n\n<p>In diesem Jahr haben wir alle Fenster im Haus ausgetauscht und Fensterl\u00e4den aus Iroko-Holz eingebaut, die die Sonneneinstrahlung abhalten und eine gute Bel\u00fcftung erm\u00f6glichen. Um eine \u00dcberhitzung des Hauses an den hei\u00dfesten Sommertagen zu vermeiden, sollten Sie daran denken, alle Fensterl\u00e4den im Obergeschoss tags\u00fcber geschlossen zu halten, insbesondere bei direkter Sonneneinstrahlung. Versuchen Sie, wenn m\u00f6glich, auch die Fensterl\u00e4den im Erdgeschoss geschlossen zu halten, vor allem wenn es Abend wird und die Sonne direkt auf die Gartent\u00fcren scheint. Lassen Sie nachts die Fenster offen, um Zugluft zu erzeugen und das Haus abzuk\u00fchlen. Obwohl diese Gegend sehr sicher ist, f\u00fchlen Sie sich vielleicht wohler, wenn die Fensterl\u00e4den nachts geschlossen sind. Kein Problem: Dadurch wird die Luftzirkulation nicht behindert und die Temperatur im Haus gesenkt. Ist Ihnen in der Nacht trotzdem zu warm, gibt es in beiden Schlafzimmern Ventilatoren.&nbsp;<\/p>\n\n\n\n<p>Im Agaete-Tal kann es sehr windig sein: Achten Sie bitte darauf, dass die Fenster und L\u00e4den immer geschlossen sind, damit sie nicht klappern.<\/p>\n\n\n\n<hr class=\"wp-block-separator has-alpha-channel-opacity\"\/>\n\n\n\n<div class=\"wp-block-media-text has-media-on-the-right is-stacked-on-mobile\"><div class=\"wp-block-media-text__content\">\n<h2 class=\"wp-block-heading\" id=\"bucher\">B\u00fccher<\/h2>\n<\/div><figure class=\"wp-block-media-text__media\"><img loading=\"lazy\" decoding=\"async\" width=\"1024\" height=\"768\" src=\"https:\/\/casamimosa-grancanaria.com\/wp-content\/uploads\/2024\/08\/20240828183853370-1024x768.jpg\" alt=\"\" class=\"wp-image-2163 size-full\" srcset=\"https:\/\/casamimosa-grancanaria.com\/wp-content\/uploads\/2024\/08\/20240828183853370-1024x768.jpg 1024w, https:\/\/casamimosa-grancanaria.com\/wp-content\/uploads\/2024\/08\/20240828183853370-300x225.jpg 300w, https:\/\/casamimosa-grancanaria.com\/wp-content\/uploads\/2024\/08\/20240828183853370-768x576.jpg 768w, https:\/\/casamimosa-grancanaria.com\/wp-content\/uploads\/2024\/08\/20240828183853370-1536x1152.jpg 1536w, https:\/\/casamimosa-grancanaria.com\/wp-content\/uploads\/2024\/08\/20240828183853370-2048x1536.jpg 2048w, https:\/\/casamimosa-grancanaria.com\/wp-content\/uploads\/2024\/08\/20240828183853370-747x560.jpg 747w, https:\/\/casamimosa-grancanaria.com\/wp-content\/uploads\/2024\/08\/20240828183853370-2000x1500.jpg 2000w\" sizes=\"auto, (max-width: 1024px) 100vw, 1024px\" \/><\/figure><\/div>\n\n\n\n<p>Ich nehme immer ein paar B\u00fccher mit auf Reisen, aber manchmal lese ich sie zu Ende und ich habe nichts mehr zu lesen. In solchen F\u00e4llen versuche ich, wenn ich die Sprache verstehe, in den \u00f6rtlichen Buchhandlungen etwas zu finden, das mich interessiert. Aber das ist nicht immer einfach.<\/p>\n\n\n\n<p>Bei meinen low-cost Reisen habe ich festgestellt, dass viele Hostels kleine Regale mit B\u00fcchern haben, die ehemalige G\u00e4ste zur\u00fcckgelassen haben. Manchmal kann man sie sogar mitnehmen. Deshalb habe ich beschlossen, in meinem Haus B\u00fccher in verschiedenen Sprachen zur Verf\u00fcgung zu stellen, damit meine G\u00e4ste immer etwas zu lesen haben und nicht auf den Fernseher oder TikTok zur\u00fcckgreifen m\u00fcssen. Wie Sie sehen, haben wir uns vorgenommen, Sie w\u00e4hrend Ihres Urlaubs von Bildschirmen fernzuhalten.<\/p>\n\n\n\n<p>Die B\u00fccher im Sideboard sind f\u00fcr Sie da. Wenn Sie Ihren Roman zu Hause vergessen haben, oder wenn Sie ihn beendet haben und nichts zu lesen haben, oder wenn Sie Ihr E-Book ins Meer geworfen haben und ein Wrackfisch es verschlungen hat, oder wenn Ihr Handy kaputt ist und Sie nicht mehr auf Instagram schauen k\u00f6nnen. Aber keine Sorge. W\u00e4hlen Sie das Buch, das Sie am meisten interessiert, und lesen Sie es w\u00e4hrend Ihres Aufenthalts. Falls Sie sich dazu entscheiden, ein Buch herauszunehmen, nehmen Sie bitte diese Regeln zur Kenntnis:<\/p>\n\n\n\n<ul class=\"wp-block-list\">\n<li>Gehen Sie sorgsam mit dem Buch um, knicken Sie die Seiten nicht und unterstreichen Sie sie nicht. Denken Sie an den n\u00e4chsten Gast.<\/li>\n\n\n\n<li>Wenn Sie mit dem Lesen fertig sind, legen Sie das Buch wieder an seinen Platz zur\u00fcck. Wenn Sie m\u00f6gen, hinterlassen Sie eine Notiz f\u00fcr den n\u00e4chsten Leser. Er oder sie wird sich freuen, sie zu finden.<\/li>\n\n\n\n<li>Der Tag Ihrer Abreise ist gekommen und Sie haben noch hundert Seiten vor sich, bevor Sie den Roman beenden? In diesem Fall haben Sie meinen Segen, das Buch mitzunehmen. Es w\u00e4re nett, wenn Sie daf\u00fcr ein anderes Buch mit \u00e4hnlichen Eigenschaften zur\u00fccklassen w\u00fcrden. Das hei\u00dft, keine Abhandlung \u00fcber Quantenphysik auf Japanisch, sondern einen mehr oder weniger leichten Roman in einer der folgenden Sprachen: Englisch, Deutsch, Franz\u00f6sisch, Niederl\u00e4ndisch, Italienisch oder Spanisch.<\/li>\n\n\n\n<li>Haben Sie zu viele Souvenirs gekauft und Ihr Koffer schliesst nicht mehr? Nat\u00fcrlich k\u00f6nnen Sie uns auch den Roman \u00fcberlassen, den Sie zu Ende gelesen haben. Vielen Dank f\u00fcr Ihren Beitrag zu unserer kleinen Bibliothek!<\/li>\n<\/ul>\n\n\n\n<p>Und denken Sie daran: Wenn Sie das Buch im Haus gefunden haben, dann deshalb, weil der vorherige Benutzer es gut behandelt und an seinem Platz gelassen hat. Denken Sie an Ihr Karma. K\u00fcnftige Benutzer werden es Ihnen danken.<\/p>\n\n\n\n<hr class=\"wp-block-separator has-alpha-channel-opacity\"\/>\n\n\n\n<div class=\"wp-block-media-text is-stacked-on-mobile\"><figure class=\"wp-block-media-text__media\"><img loading=\"lazy\" decoding=\"async\" width=\"1024\" height=\"768\" src=\"https:\/\/casamimosa-grancanaria.com\/wp-content\/uploads\/2024\/08\/20240828183853317-1024x768.jpg\" alt=\"\" class=\"wp-image-2171 size-full\" srcset=\"https:\/\/casamimosa-grancanaria.com\/wp-content\/uploads\/2024\/08\/20240828183853317-1024x768.jpg 1024w, https:\/\/casamimosa-grancanaria.com\/wp-content\/uploads\/2024\/08\/20240828183853317-300x225.jpg 300w, https:\/\/casamimosa-grancanaria.com\/wp-content\/uploads\/2024\/08\/20240828183853317-768x576.jpg 768w, https:\/\/casamimosa-grancanaria.com\/wp-content\/uploads\/2024\/08\/20240828183853317-1536x1152.jpg 1536w, https:\/\/casamimosa-grancanaria.com\/wp-content\/uploads\/2024\/08\/20240828183853317-2048x1536.jpg 2048w, https:\/\/casamimosa-grancanaria.com\/wp-content\/uploads\/2024\/08\/20240828183853317-747x560.jpg 747w, https:\/\/casamimosa-grancanaria.com\/wp-content\/uploads\/2024\/08\/20240828183853317-2000x1500.jpg 2000w\" sizes=\"auto, (max-width: 1024px) 100vw, 1024px\" \/><\/figure><div class=\"wp-block-media-text__content\">\n<h2 class=\"wp-block-heading\" id=\"lebensmittel\">Lebensmittel<\/h2>\n<\/div><\/div>\n\n\n\n<p>In Casa Mimosa tun wir unser Bestes, um sicherzustellen, dass Sie bei Ihrer Ankunft immer Tee, Kaffee, Zucker, Salz und \u00d6l vorfinden. Wenn Sie etwas anderes vorfinden, liegt es daran, dass fr\u00fchere G\u00e4ste zuviel eingekauft haben und nicht in der Lage waren, alles mitzunehmen. <\/p>\n\n\n\n<p>Verzehren Sie, was Sie m\u00f6chten, aber bitte haben Sie Verst\u00e4ndnis daf\u00fcr, dass wir f\u00fcr den Zustand der Produkte nicht verantwortlich gemacht werden k\u00f6nnen. Alle frischen Lebensmittel oder Verpackungen, die offen stehen (au\u00dfer Kaffee oder \u00d6l) und nicht in Einzeldosen verpackt sind, werfen wir weg.<\/p>\n\n\n\n<hr class=\"wp-block-separator has-alpha-channel-opacity\"\/>\n\n\n\n<div class=\"wp-block-media-text has-media-on-the-right is-stacked-on-mobile\"><div class=\"wp-block-media-text__content\">\n<h2 class=\"wp-block-heading\" id=\"spiele\">Spiele<\/h2>\n<\/div><figure class=\"wp-block-media-text__media\"><img loading=\"lazy\" decoding=\"async\" width=\"1024\" height=\"768\" src=\"https:\/\/casamimosa-grancanaria.com\/wp-content\/uploads\/2024\/08\/20240828183853331-1024x768.jpg\" alt=\"\" class=\"wp-image-2177 size-full\" srcset=\"https:\/\/casamimosa-grancanaria.com\/wp-content\/uploads\/2024\/08\/20240828183853331-1024x768.jpg 1024w, https:\/\/casamimosa-grancanaria.com\/wp-content\/uploads\/2024\/08\/20240828183853331-300x225.jpg 300w, https:\/\/casamimosa-grancanaria.com\/wp-content\/uploads\/2024\/08\/20240828183853331-768x576.jpg 768w, https:\/\/casamimosa-grancanaria.com\/wp-content\/uploads\/2024\/08\/20240828183853331-1536x1152.jpg 1536w, https:\/\/casamimosa-grancanaria.com\/wp-content\/uploads\/2024\/08\/20240828183853331-2048x1536.jpg 2048w, https:\/\/casamimosa-grancanaria.com\/wp-content\/uploads\/2024\/08\/20240828183853331-747x560.jpg 747w, https:\/\/casamimosa-grancanaria.com\/wp-content\/uploads\/2024\/08\/20240828183853331-2000x1500.jpg 2000w\" sizes=\"auto, (max-width: 1024px) 100vw, 1024px\" \/><\/figure><\/div>\n\n\n\n<p>Wir w\u00fcnschen Ihnen viel Spa\u00df mit der Auswahl an Spielen, die wir f\u00fcr Sie vorbereitet haben. Wenn Sie einen Familienurlaub verbringen und eine Besch\u00e4ftigung nach dem Abendessen suchen oder wenn Sie bei schlechtem Wetter zu Hause bleiben m\u00f6chten, k\u00f6nnen Sie die Spiele nutzen.<\/p>\n\n\n\n<p>Gibt es etwas Entt\u00e4uschenderes, als ein Spiel zu \u00f6ffnen und festzustellen, dass man es nicht spielen kann, weil Teile fehlen oder kaputt sind? Deshalb m\u00f6chten wir Sie dringend bitten:<\/p>\n\n\n\n<ul class=\"wp-block-list\">\n<li>Wenn Sie mit dem Spielen fertig sind, lassen Sie die Spiele bitte so, wie Sie sie vorgefunden haben, jedes einzelne ordentlich verpackt in seiner Schachtel.<\/li>\n\n\n\n<li>Z\u00e4hlen Sie die Teile und vergewissern Sie sich, dass jedes Set vollst\u00e4ndig ist.<\/li>\n\n\n\n<li>Gehen Sie sorgsam mit der Schachtel um und achten Sie darauf, dass Ihre kleinen Kinder sie nicht besch\u00e4digen.<\/li>\n\n\n\n<li>Und denken Sie daran: Wenn Sie spielen konnten, dann nur, weil der Vorbesitzer das Spiel gut gepflegt hat. K\u00fcnftige Nutzer werden es Ihnen danken.<\/li>\n<\/ul>\n\n\n\n<p>Los, suchen Sie ein Spiel aus und beginnen Sie zu spielen &#8211; warum sollten Sie sich vor Ihrem Bildschirm isolieren, wenn Sie einen gemeinsamen Spieleabend verbringen k\u00f6nnen?<\/p>\n\n\n\n<hr class=\"wp-block-separator has-alpha-channel-opacity\"\/>\n\n\n\n<div class=\"wp-block-media-text is-stacked-on-mobile\"><figure class=\"wp-block-media-text__media\"><img loading=\"lazy\" decoding=\"async\" width=\"1024\" height=\"728\" src=\"https:\/\/casamimosa-grancanaria.com\/wp-content\/uploads\/2024\/08\/20240828185157503-1024x728.jpg\" alt=\"\" class=\"wp-image-2196 size-full\" srcset=\"https:\/\/casamimosa-grancanaria.com\/wp-content\/uploads\/2024\/08\/20240828185157503-1024x728.jpg 1024w, https:\/\/casamimosa-grancanaria.com\/wp-content\/uploads\/2024\/08\/20240828185157503-300x213.jpg 300w, https:\/\/casamimosa-grancanaria.com\/wp-content\/uploads\/2024\/08\/20240828185157503-768x546.jpg 768w, https:\/\/casamimosa-grancanaria.com\/wp-content\/uploads\/2024\/08\/20240828185157503-1536x1091.jpg 1536w, https:\/\/casamimosa-grancanaria.com\/wp-content\/uploads\/2024\/08\/20240828185157503-2048x1455.jpg 2048w, https:\/\/casamimosa-grancanaria.com\/wp-content\/uploads\/2024\/08\/20240828185157503-788x560.jpg 788w, https:\/\/casamimosa-grancanaria.com\/wp-content\/uploads\/2024\/08\/20240828185157503-2000x1421.jpg 2000w\" sizes=\"auto, (max-width: 1024px) 100vw, 1024px\" \/><\/figure><div class=\"wp-block-media-text__content\">\n<h2 class=\"wp-block-heading\" id=\"trinkwasser\">Trinkwasser<\/h2>\n<\/div><\/div>\n\n\n\n<p>Das Leitungswasser im Casa Mimosa ist f\u00fcr den menschlichen Verzehr v\u00f6llig unbedenklich. Probieren Sie es. Wir laden Sie ein, den Krug zu benutzen, um das Wasser im K\u00fchlschrank frisch zu halten oder es zu den Mahlzeiten auf den Tisch zu bringen. So vermeiden Sie den Kauf und das Tragen von Wasserflaschen mit all der Umweltverschmutzung und Energieverschwendung, die damit verbunden sind.<\/p>\n\n\n\n<p>Hat man Ihnen empfohlen, Wasser in Flaschen zu kaufen? <a href=\"https:\/\/casamimosa-grancanaria.com\/de\/kann-man-leitungswasser-auf-gran-canaria-trinken\/\" data-type=\"post\" data-id=\"1687\">In diesem Artikel <\/a>erkl\u00e4re ich, warum die Kanarier immer noch Wasser in Flaschen kaufen.<\/p>\n\n\n\n<div class=\"wp-block-media-text has-media-on-the-right is-stacked-on-mobile\"><div class=\"wp-block-media-text__content\">\n<h2 class=\"wp-block-heading\" id=\"rauchmelder\">Rauchwarnmelder<\/h2>\n<\/div><figure class=\"wp-block-media-text__media\"><img loading=\"lazy\" decoding=\"async\" width=\"513\" height=\"431\" src=\"https:\/\/casamimosa-grancanaria.com\/wp-content\/uploads\/2026\/02\/Detector-humos.jpg\" alt=\"\" class=\"wp-image-2579 size-full\" srcset=\"https:\/\/casamimosa-grancanaria.com\/wp-content\/uploads\/2026\/02\/Detector-humos.jpg 513w, https:\/\/casamimosa-grancanaria.com\/wp-content\/uploads\/2026\/02\/Detector-humos-300x252.jpg 300w\" sizes=\"auto, (max-width: 513px) 100vw, 513px\" \/><\/figure><\/div>\n\n\n\n<p>Im Haus gibt es drei Rauchmelder: einen in jedem Zimmer und einen im Wohnzimmer. Zu Ihrer Sicherheit und der Ihrer Nachbarn sind alle drei aktiviert und mit Batterien ausgestattet. Sollte einer von ihnen <strong>sporadisch leise piepen<\/strong>, teilen Sie uns dies bitte umgehend mit. Das bedeutet, dass die Batterie fast leer ist und wir sie bei der n\u00e4chsten Reinigung austauschen m\u00fcssen. Wenn wir sie nicht austauschen, piept er an einem anderen Tag erneut, bis die Batterie leer ist.<\/p>\n\n\n\n<p>Falls einer der Melder<strong> laut piept<\/strong>, ohne dass Rauch im Raum ist, hat sich m\u00f6glicherweise ein Insekt darin verfangen und den Alarm ausgel\u00f6st. In diesem Fall bleiben Sie bitte ruhig. Gehen Sie in den Innenhof, holen Sie den Besen und versuchen Sie, mit dem Stiel den Knopf in der Mitte des Melders zu dr\u00fccken. Dadurch wird das Signal ausgeschaltet. Wenn dies geschieht, z\u00f6gern Sie nicht, uns zu benachrichtigen.<\/p>\n","protected":false},"excerpt":{"rendered":"<p>Solarium und Schwimmbad Es gibt nichts Sch\u00f6neres, als nach einem Bad im Pool in der Sonne zu liegen. Wir haben unsere Liegest\u00fchle mit Kissen ausgestattet, die Ihre Siesta noch angenehmer machen. Sie finden sie im hinteren Teil des Schranks neben der Badezimmert\u00fcr.&nbsp; Sie brauchen kein eigenes Poolhandtuch mitzubringen. Damit Sie sich nicht mit dem Duschtuch &hellip; <a href=\"https:\/\/casamimosa-grancanaria.com\/de\/informationen-fuer-gaeste\/\" class=\"more-link\">Continue reading<span class=\"screen-reader-text\"> &#8222;Informationen f\u00fcr G\u00e4ste&#8220;<\/span><\/a><\/p>\n","protected":false},"author":1,"featured_media":0,"parent":0,"menu_order":0,"comment_status":"closed","ping_status":"closed","template":"","meta":{"footnotes":""},"class_list":["post-1776","page","type-page","status-publish","hentry"],"_links":{"self":[{"href":"https:\/\/casamimosa-grancanaria.com\/de\/wp-json\/wp\/v2\/pages\/1776","targetHints":{"allow":["GET"]}}],"collection":[{"href":"https:\/\/casamimosa-grancanaria.com\/de\/wp-json\/wp\/v2\/pages"}],"about":[{"href":"https:\/\/casamimosa-grancanaria.com\/de\/wp-json\/wp\/v2\/types\/page"}],"author":[{"embeddable":true,"href":"https:\/\/casamimosa-grancanaria.com\/de\/wp-json\/wp\/v2\/users\/1"}],"replies":[{"embeddable":true,"href":"https:\/\/casamimosa-grancanaria.com\/de\/wp-json\/wp\/v2\/comments?post=1776"}],"version-history":[{"count":8,"href":"https:\/\/casamimosa-grancanaria.com\/de\/wp-json\/wp\/v2\/pages\/1776\/revisions"}],"predecessor-version":[{"id":2588,"href":"https:\/\/casamimosa-grancanaria.com\/de\/wp-json\/wp\/v2\/pages\/1776\/revisions\/2588"}],"wp:attachment":[{"href":"https:\/\/casamimosa-grancanaria.com\/de\/wp-json\/wp\/v2\/media?parent=1776"}],"curies":[{"name":"wp","href":"https:\/\/api.w.org\/{rel}","templated":true}]}}