{"id":175,"date":"2023-06-14T19:28:26","date_gmt":"2023-06-14T19:28:26","guid":{"rendered":"https:\/\/casamimosa-grancanaria.com\/?page_id=175"},"modified":"2024-08-04T19:53:27","modified_gmt":"2024-08-04T19:53:27","slug":"ein-ferienhaus-mit-privatem-pool-auf-gran-canaria","status":"publish","type":"page","link":"https:\/\/casamimosa-grancanaria.com\/de\/ein-ferienhaus-mit-privatem-pool-auf-gran-canaria\/","title":{"rendered":"Ein Ferienhaus mit privatem Pool auf Gran Canaria"},"content":{"rendered":"\n<figure class=\"wp-block-image size-large\"><img loading=\"lazy\" decoding=\"async\" width=\"1024\" height=\"767\" src=\"https:\/\/casamimosa-grancanaria.com\/wp-content\/uploads\/2023\/07\/Piscina1-1024x767.jpeg\" alt=\"Ferienhaus mit privatem pool auf Gran Canaria\" class=\"wp-image-908\" srcset=\"https:\/\/casamimosa-grancanaria.com\/wp-content\/uploads\/2023\/07\/Piscina1-1024x767.jpeg 1024w, https:\/\/casamimosa-grancanaria.com\/wp-content\/uploads\/2023\/07\/Piscina1-300x225.jpeg 300w, https:\/\/casamimosa-grancanaria.com\/wp-content\/uploads\/2023\/07\/Piscina1-768x576.jpeg 768w, https:\/\/casamimosa-grancanaria.com\/wp-content\/uploads\/2023\/07\/Piscina1-1536x1151.jpeg 1536w, https:\/\/casamimosa-grancanaria.com\/wp-content\/uploads\/2023\/07\/Piscina1-747x560.jpeg 747w, https:\/\/casamimosa-grancanaria.com\/wp-content\/uploads\/2023\/07\/Piscina1.jpeg 1995w\" sizes=\"auto, (max-width: 1024px) 100vw, 1024px\" \/><\/figure>\n\n\n\n<h2 class=\"wp-block-heading\">Willkommen in Casa Mimosa<\/h2>\n\n\n\n<p>Dieses charmante Ferienhaus im malerischen Agaete-Tal auf Gran Canaria bietet eine perfekte Mischung aus Komfort, Ruhe und nat\u00fcrlicher Sch\u00f6nheit. Mit seinem privaten Pool und seiner idyllischen Lage ist Casa Mimosa ein idealer R\u00fcckzugsort f\u00fcr alle, die Entspannung und die M\u00f6glichkeit suchen, sich mit der Natur zu verbinden.<\/p>\n\n\n\n<h2 class=\"wp-block-heading\">Entspannen Sie sich mit Komfort<\/h2>\n\n\n\n<p>Betreten Sie unser geschmackvoll eingerichtetes Ferienhaus und entdecken Sie eine Oase des Komforts. Das Innere verf\u00fcgt \u00fcber einen ger\u00e4umigen Wohnbereich mit gem\u00fctlichen Sitzgelegenheiten, die sich perfekt f\u00fcr entspannte Abende mit Ihren Lieben eignen. Die voll ausgestattete K\u00fcche bietet alle Annehmlichkeiten, die Sie f\u00fcr die Zubereitung k\u00f6stlicher Mahlzeiten w\u00e4hrend Ihres Aufenthalts ben\u00f6tigen. Genie\u00dfen Sie ein Essen im Freien auf der Terrasse oder einen Grillabend am Pool.<\/p>\n\n\n\n<div class=\"wp-block-buttons alignwide is-content-justification-center is-layout-flex wp-container-core-buttons-is-layout-16018d1d wp-block-buttons-is-layout-flex\">\n<div class=\"wp-block-button has-custom-width wp-block-button__width-25\"><a class=\"wp-block-button__link wp-element-button\" href=\"\/de\/buchungen\/\" target=\"_blank\" rel=\"noreferrer noopener\">verf\u00fcgbarkeit pr\u00fcfen<\/a><\/div>\n<\/div>\n\n\n\n<h2 class=\"wp-block-heading\">Ihr privater Pool auf Gran Canaria<\/h2>\n\n\n\n<p>Einer der H\u00f6hepunkte von Casa Mimosa ist der private Pool mit Sonnendeck. Tauchen Sie ein in das erfrischende Wasser oder machen Sie es sich einfach auf den Sonnenliegen bequem und genie\u00dfen Sie die warme Sonne Gran Canarias. Der kleine und ruhige Garten bietet eine friedliche Atmosph\u00e4re, ideal um ein Buch zu lesen oder eine Siesta zu halten.<\/p>\n\n\n\n<h2 class=\"wp-block-heading\">Ferienhaus in bequemer Lage<\/h2>\n\n\n\n<p>Casa Mimosa profitiert von seiner g\u00fcnstigen Lage, die sowohl Privatsph\u00e4re als auch leichten Zugang zu den nahe gelegenen Annehmlichkeiten bietet. Das Dorf ist nicht weit entfernt und bietet Gesch\u00e4fte, Restaurants und einen Einblick in die lokale Kultur. F\u00fcr diejenigen, die einen autofreien Lebensstil bevorzugen, bietet die N\u00e4he von Casa Mimosa zum Hafen von Agaete die M\u00f6glichkeit, die Umgebung zu Fu\u00df, mit dem Bus oder dem Fahrrad zu erkunden.<\/p>\n\n\n\n<div class=\"wp-block-buttons alignwide is-content-justification-center is-layout-flex wp-container-core-buttons-is-layout-16018d1d wp-block-buttons-is-layout-flex\">\n<div class=\"wp-block-button has-custom-width wp-block-button__width-25\"><a class=\"wp-block-button__link wp-element-button\" href=\"\/de\/buchungen\/\" target=\"_blank\" rel=\"noreferrer noopener\">jetzt buchen<\/a><\/div>\n<\/div>\n\n\n\n<h2 class=\"wp-block-heading\">Ihr Zuhause auf Zeit<\/h2>\n\n\n\n<p>In Casa Mimosa bem\u00fchen wir uns, Ihren Aufenthalt so angenehm und unvergesslich wie m\u00f6glich zu gestalten. Unser Ferienhaus ist mit modernen Annehmlichkeiten ausgestattet, darunter kostenloses Wi-Fi, damit Sie w\u00e4hrend Ihres Urlaubs in Verbindung bleiben oder von hier aus arbeiten k\u00f6nnen. Mit seiner ruhigen Atmosph\u00e4re, der malerischen Umgebung und dem privaten Pool ist das Casa Mimosa der perfekte Ort f\u00fcr Paare, Familien oder Freunde.<\/p>\n\n\n\n<h3 class=\"wp-block-heading\">Hauptmerkmale des Ferienhauses:<\/h3>\n\n\n\n<ul class=\"wp-block-list\">\n<li>Privater Pool und Sonnendeck<\/li>\n\n\n\n<li>Geschmackvoll eingerichteter Wohnbereich<\/li>\n\n\n\n<li>Voll ausgestattete K\u00fcche<\/li>\n\n\n\n<li>2 Schlafzimmer f\u00fcr bis zu 4 G\u00e4ste<\/li>\n\n\n\n<li>Ruhiger Garten zum Entspannen<\/li>\n\n\n\n<li>N\u00e4he zu Wanderwegen und zum Hafen und Strand von Agaete<\/li>\n\n\n\n<li>Bequemer Zugang zu den Annehmlichkeiten des Dorfes<\/li>\n\n\n\n<li>Kostenloses Glasfaser-WLAN zum remoten Arbeiten oder um einfach in Verbindung zu bleiben<\/li>\n<\/ul>\n\n\n\n<h2 class=\"wp-block-heading\">Buchen Sie Ihren Urlaub bei Casa Mimosa<\/h2>\n\n\n\n<p><a href=\"\/de\/buchungen\/\">Buchen Sie Ihren Aufenthalt<\/a> in der Casa Mimosa und entdecken Sie die Sch\u00f6nheit Gran Canarias, w\u00e4hrend Sie die Annehmlichkeiten eines privaten Ferienhauses mit eigenem Swimmingpool genie\u00dfen. Erleben Sie die perfekte Mischung aus Entspannung, Abenteuer und nat\u00fcrlicher Pracht.<\/p>\n","protected":false},"excerpt":{"rendered":"<p>Willkommen in Casa Mimosa Dieses charmante Ferienhaus im malerischen Agaete-Tal auf Gran Canaria bietet eine perfekte Mischung aus Komfort, Ruhe und nat\u00fcrlicher Sch\u00f6nheit. Mit seinem privaten Pool und seiner idyllischen Lage ist Casa Mimosa ein idealer R\u00fcckzugsort f\u00fcr alle, die Entspannung und die M\u00f6glichkeit suchen, sich mit der Natur zu verbinden. Entspannen Sie sich mit &hellip; <a href=\"https:\/\/casamimosa-grancanaria.com\/de\/ein-ferienhaus-mit-privatem-pool-auf-gran-canaria\/\" class=\"more-link\">Continue reading<span class=\"screen-reader-text\"> &#8222;Ein Ferienhaus mit privatem Pool auf Gran Canaria&#8220;<\/span><\/a><\/p>\n","protected":false},"author":1,"featured_media":0,"parent":0,"menu_order":0,"comment_status":"closed","ping_status":"closed","template":"","meta":{"footnotes":""},"class_list":["post-175","page","type-page","status-publish","hentry"],"_links":{"self":[{"href":"https:\/\/casamimosa-grancanaria.com\/de\/wp-json\/wp\/v2\/pages\/175","targetHints":{"allow":["GET"]}}],"collection":[{"href":"https:\/\/casamimosa-grancanaria.com\/de\/wp-json\/wp\/v2\/pages"}],"about":[{"href":"https:\/\/casamimosa-grancanaria.com\/de\/wp-json\/wp\/v2\/types\/page"}],"author":[{"embeddable":true,"href":"https:\/\/casamimosa-grancanaria.com\/de\/wp-json\/wp\/v2\/users\/1"}],"replies":[{"embeddable":true,"href":"https:\/\/casamimosa-grancanaria.com\/de\/wp-json\/wp\/v2\/comments?post=175"}],"version-history":[{"count":5,"href":"https:\/\/casamimosa-grancanaria.com\/de\/wp-json\/wp\/v2\/pages\/175\/revisions"}],"predecessor-version":[{"id":2148,"href":"https:\/\/casamimosa-grancanaria.com\/de\/wp-json\/wp\/v2\/pages\/175\/revisions\/2148"}],"wp:attachment":[{"href":"https:\/\/casamimosa-grancanaria.com\/de\/wp-json\/wp\/v2\/media?parent=175"}],"curies":[{"name":"wp","href":"https:\/\/api.w.org\/{rel}","templated":true}]}}