{"id":1318,"date":"2023-09-07T19:44:50","date_gmt":"2023-09-07T19:44:50","guid":{"rendered":"https:\/\/casamimosa-grancanaria.com\/house-rules\/"},"modified":"2025-02-02T19:43:48","modified_gmt":"2025-02-02T19:43:48","slug":"hausordnung","status":"publish","type":"page","link":"https:\/\/casamimosa-grancanaria.com\/de\/hausordnung\/","title":{"rendered":"Hausordnung"},"content":{"rendered":"\n<p>Mit der Buchung eines Aufenthalts in Casa Mimosa erkl\u00e4ren Sie sich mit dieser Hausordnung einverstanden. Die Einhaltung der Hausordnung ist eine Voraussetzung f\u00fcr Ihren Aufenthalt, und ihre Nichteinhaltung kann zu Sanktionen wie Abz\u00fcge von der Kaution oder Schadensersatzforderungen \u00fcber die Buchungsplattform nach sich ziehen..<\/p>\n\n\n\n<h2 class=\"wp-block-heading\">1- ALLGEMEINE BESTIMMUNGEN<\/h2>\n\n\n\n<ul class=\"wp-block-list\">\n<li>Alle G\u00e4ste (und eventuelle Besucher) m\u00fcssen sich w\u00e4hrend ihres Aufenthalts an die Hausordnung und alle anderen Anweisungen der Eigent\u00fcmerin halten.<\/li>\n\n\n\n<li>Um sicherzustellen, dass die nachfolgenden G\u00e4ste das Haus in perfektem Zustand vorfinden, ben\u00f6tigen wir ein Zeitfenster von f\u00fcnf Stunden f\u00fcr die Reinigung. Daher sind die Check-in- und Check-out-Zeiten 16:00 bzw. 11:00 Uhr. Diese Zeiten m\u00fcssen von den G\u00e4sten eingehalten werden, es sei denn, sie wurden vorher schriftlich mit der Eigent\u00fcmerin vereinbart.<\/li>\n\n\n\n<li>Das Haus wird in demselben Zustand \u00fcbergeben, in dem es empfangen wurde.<\/li>\n\n\n\n<li>Die G\u00e4ste sind verpflichtet, die Eigent\u00fcmerin so schnell wie m\u00f6glich \u00fcber eventuelle Streitigkeiten oder Beschwerden der Nachbarn zu informieren.&nbsp;<\/li>\n<\/ul>\n\n\n\n<h2 class=\"wp-block-heading\"><strong>2- L\u00c4RM&nbsp;<\/strong><\/h2>\n\n\n\n<ul class=\"wp-block-list\">\n<li>G\u00e4ste und Besucher sollten den L\u00e4rm auf ein Minimum beschr\u00e4nken, um die Nachbarn nicht zu st\u00f6ren &#8211; insbesondere w\u00e4hrend der Nachtstunden (zwischen 22 Uhr und 8 Uhr).<\/li>\n\n\n\n<li>\u00dcberm\u00e4\u00dfiger L\u00e4rm ist zu jeder Zeit verboten und kann zur K\u00fcndigung des Mietvertrags, zur R\u00e4umung, zum Verlust der gezahlten Miete und zu zus\u00e4tzlichen Kosten f\u00fchren, die von der Kaution abgezogen werden k\u00f6nnen.<\/li>\n<\/ul>\n\n\n\n<h2 class=\"wp-block-heading\"><strong>3- BESUCHER&nbsp;<\/strong><\/h2>\n\n\n\n<ul class=\"wp-block-list\">\n<li>Tags\u00fcber sind maximal 3 Besucher (H\u00f6chstbelegung von 7 Personen) erlaubt.&nbsp;<\/li>\n\n\n\n<li>Zus\u00e4tzliche \u00dcbernachtungsg\u00e4ste sind nicht erlaubt, wenn die Gesamtzahl von 4 Personen \u00fcberschritten wird.<\/li>\n\n\n\n<li>Partys und gro\u00dfe Versammlungen jeglicher Art sind streng verboten.<\/li>\n\n\n\n<li>Bei kleineren Versammlungen m\u00fcssen die oben genannten Regeln bez\u00fcglich L\u00e4rm, Nachbarschaft und Anzahl der Besucher eingehalten werden.&nbsp;<\/li>\n<\/ul>\n\n\n\n<h2 class=\"wp-block-heading\"><strong>4- PARKEN<\/strong><\/h2>\n\n\n\n<ul class=\"wp-block-list\">\n<li>G\u00e4ste und Besucher m\u00fcssen sich an die Parkregeln halten und R\u00fccksicht auf Nachbarn und andere Fahrzeuge nehmen.<\/li>\n<\/ul>\n\n\n\n<h2 class=\"wp-block-heading\"><strong>5- SICHERHEIT&nbsp;<\/strong><\/h2>\n\n\n\n<ul class=\"wp-block-list\">\n<li>Dieses Haus ist f\u00fcr Kinder jeden Alters geeignet. Die begleitenden Erwachsenen sind f\u00fcr die Sicherheit der Kinder jederzeit voll verantwortlich.<\/li>\n\n\n\n<li>Wenn die G\u00e4ste das Haus verlassen, sind sie daf\u00fcr verantwortlich, dass alle Fenster und T\u00fcren sicher verschlossen sind, um die Sicherheit zu gew\u00e4hrleisten und Regen- und Wassersch\u00e4den zu vermeiden.&nbsp;<\/li>\n\n\n\n<li>Lassen Sie den Schl\u00fcssel niemals im Schloss auf der Innenseite stecken. Wenn die T\u00fcr zugeht, muss ein Schl\u00fcsseldienst gerufen werden. In solchen F\u00e4llen m\u00fcssen die G\u00e4ste f\u00fcr die Kosten aufkommen.<\/li>\n\n\n\n<li>Die G\u00e4ste sollten aus Sicherheitsgr\u00fcnden und um Energieverschwendung zu vermeiden, Lichter, Ventilatoren und elektronische Ger\u00e4te wie den Fernseher ausschalten, wenn sie nicht benutzt werden.<\/li>\n<\/ul>\n\n\n\n<h2 class=\"wp-block-heading\"><strong>6- SCHWIMMBECKEN&nbsp;<\/strong><\/h2>\n\n\n\n<ul class=\"wp-block-list\">\n<li>Die G\u00e4ste m\u00fcssen Babys und Kinder jederzeit beaufsichtigen und d\u00fcrfen sie nicht auf den Rand des Pools klettern oder dort herumlaufen lassen, da sie abst\u00fcrzen k\u00f6nnten.<\/li>\n\n\n\n<li>Der Poolreiniger kann w\u00e4hrend Ihres Aufenthaltes anwesend sein. Bitte erlauben Sie ihm den Zugang zum Au\u00dfenbereich des Hauses, damit er seine Arbeit erledigen kann.<\/li>\n<\/ul>\n\n\n\n<h2 class=\"wp-block-heading\"><strong>7- M\u00d6BEL<\/strong><\/h2>\n\n\n\n<ul class=\"wp-block-list\">\n<li>Die G\u00e4ste sollten die Sofas und alle Haushaltstextilien mit Sorgfalt behandeln, insbesondere helle Textilien, um Flecken zu vermeiden.<\/li>\n<\/ul>\n\n\n\n<h2 class=\"wp-block-heading\"><strong>8- SCH\u00c4DEN UND BR\u00dcCHE&nbsp;<\/strong><\/h2>\n\n\n\n<ul class=\"wp-block-list\">\n<li>Alle Sch\u00e4den und Br\u00fcche m\u00fcssen der Vermieterin so schnell wie m\u00f6glich gemeldet werden. Werden sie nicht gemeldet, kann dies dazu f\u00fchren, dass eine Strafe von der Kaution abgezogen wird oder eine Reklamation \u00fcber die Buchungsplattform eingeleitet wird.<\/li>\n\n\n\n<li>Um Sch\u00e4den und Br\u00fcche zu vermeiden, sollten keine M\u00f6bel ohne vorherige Absprache von einem Zimmer in ein anderes gebracht werden.<\/li>\n\n\n\n<li>Badet\u00fccher d\u00fcrfen nicht aus dem Haus genommen werden (z.B. f\u00fcr den Strand).<\/li>\n\n\n\n<li>Wir verlangen bei Direktbuchungen eine Kaution von 150 Euro. Die Kaution wird automatisch um 20:00 Uhr am Abreisetag zur\u00fcckerstattet, sofern keine Sch\u00e4den oder \u00fcberm\u00e4\u00dfiger Reinigungsaufwand entstanden sind. Dies gilt nicht f\u00fcr Buchungen \u00fcber Airbnb und Booking.com, da diese Plattformen \u00fcber Schlichtungssysteme verf\u00fcgen, um m\u00f6gliche Sch\u00e4den abzudecken.<\/li>\n<\/ul>\n\n\n\n<h2 class=\"wp-block-heading\"><strong>9- RAUCHEN&nbsp;<\/strong><\/h2>\n\n\n\n<ul class=\"wp-block-list\">\n<li>Das Rauchen ist im Haus nicht gestattet. Wenn die G\u00e4ste rauchen m\u00f6chten, k\u00f6nnen sie dies in den Au\u00dfenbereichen tun, wobei sie die T\u00fcren geschlossen halten m\u00fcssen, damit keine Ger\u00fcche ins Haus gelangen.<\/li>\n\n\n\n<li>Zigarettenstummel m\u00fcssen ordnungsgem\u00e4\u00df entsorgt werden und d\u00fcrfen nicht in den Au\u00dfenbereich geworfen werden.&nbsp;<\/li>\n<\/ul>\n\n\n\n<h2 class=\"wp-block-heading\"><strong>10- HAUSTIERE<\/strong><\/h2>\n\n\n\n<ul class=\"wp-block-list\">\n<li>Wir akzeptieren maximal 2 Haustiere im Haus, die immer in Begleitung sein m\u00fcssen. Die Haustiere d\u00fcrfen nicht allein im Haus gelassen werden.<\/li>\n\n\n\n<li>Da die Anwesenheit von Tieren eine wesentlich gr\u00fcndlichere Reinigung erfordert, berechnen wir einen Zuschlag von 30 Euro pro Aufenthalt. Dieser Zuschlag kann nicht auf der Buchungsplattform bezahlt werden, sondern muss beim Check-in gezahlt werden.<\/li>\n\n\n\n<li>Haustierbesitzer sind verpflichtet, daf\u00fcr zu sorgen, dass ihre Tiere nicht auf die Betten oder die Couch klettern. Wenn das Reinigungspersonal Tierhaare auf der Bettw\u00e4sche, den Handt\u00fcchern oder der Couch findet, werden dem Gast die Kosten f\u00fcr eine zus\u00e4tzliche Reinigung in Rechnung gestellt.<\/li>\n<\/ul>\n\n\n\n<h2 class=\"wp-block-heading\"><strong>11- M\u00dcLL<\/strong><\/h2>\n\n\n\n<ul class=\"wp-block-list\">\n<li>Bitte werfen Sie Ihre M\u00fclls\u00e4cke in die M\u00fclltonnen,<a href=\"https:\/\/maps.app.goo.gl\/P2agiZBjJa1fCv618\" data-type=\"link\" data-id=\"https:\/\/maps.app.goo.gl\/P2agiZBjJa1fCv618\" target=\"_blank\" rel=\"noopener\"> die sich am Stra\u00dfenrand befinden<\/a>. Bitte trennen Sie wiederverwertbare Materialien so weit wie m\u00f6glich.<\/li>\n<\/ul>\n\n\n\n<h2 class=\"wp-block-heading\"><strong>12- ABREISEVORBEREITUNGEN&nbsp;<\/strong><\/h2>\n\n\n\n<ul class=\"wp-block-list\">\n<li>Die sp\u00e4teste Check-out-Zeit ist 11:00 Uhr. Bei der Abreise m\u00fcssen die G\u00e4ste sicherstellen, dass alle Fenster und T\u00fcren verschlossen sind und die Schl\u00fcssel beim Verlassen des Hauses auf dem Tisch liegen. Bei der Abreise ist darauf zu achten, dass die T\u00fcr sicher verschlossen ist.<\/li>\n<\/ul>\n\n\n\n<h2 class=\"wp-block-heading\"><strong>13- KONTAKTANGABEN F\u00dcR NOTF\u00c4LLE&nbsp;<\/strong><\/h2>\n\n\n\n<ul class=\"wp-block-list\">\n<li>In Notf\u00e4llen, die das Haus betreffen, wenden Sie sich bitte <a href=\"mailto:info@casamimosa-grancanaria.com\" data-type=\"mailto\" data-id=\"mailto:info@casamimosa-grancanaria.com\">per E-Mail<\/a> oder per WhatsApp an die Eigent\u00fcmerin unter der Nummer, die Sie in der Willkommensmappe finden. In dieser Mappe finden Sie auch die Telefonnummern f\u00fcr Notf\u00e4lle.<\/li>\n<\/ul>\n\n\n\n<h2 class=\"wp-block-heading\">EINHALTUNG DIESER HAUSORDNUNG<\/h2>\n\n\n\n<p>Ein Versto\u00df gegen diese Hausordnung stellt einen Versto\u00df gegen die Mietbedingungen dar. Die Eigent\u00fcmerin beh\u00e4lt sich das Recht vor, G\u00e4sten oder Besuchern, die sich weigern, diese Hausordnung zu befolgen, oder die Nachbarn oder andere Bewohner der Gemeinschaft bel\u00e4stigen, die Erlaubnis zu entziehen, das Haus zu bewohnen, und sie aus der Ferienwohnung zu verweisen.<\/p>\n","protected":false},"excerpt":{"rendered":"<p>Mit der Buchung eines Aufenthalts in Casa Mimosa erkl\u00e4ren Sie sich mit dieser Hausordnung einverstanden. Die Einhaltung der Hausordnung ist eine Voraussetzung f\u00fcr Ihren Aufenthalt, und ihre Nichteinhaltung kann zu Sanktionen wie Abz\u00fcge von der Kaution oder Schadensersatzforderungen \u00fcber die Buchungsplattform nach sich ziehen.. 1- ALLGEMEINE BESTIMMUNGEN 2- L\u00c4RM&nbsp; 3- BESUCHER&nbsp; 4- PARKEN 5- SICHERHEIT&nbsp; &hellip; <a href=\"https:\/\/casamimosa-grancanaria.com\/de\/hausordnung\/\" class=\"more-link\">Continue reading<span class=\"screen-reader-text\"> &#8222;Hausordnung&#8220;<\/span><\/a><\/p>\n","protected":false},"author":1,"featured_media":0,"parent":0,"menu_order":0,"comment_status":"closed","ping_status":"closed","template":"","meta":{"footnotes":""},"class_list":["post-1318","page","type-page","status-publish","hentry"],"_links":{"self":[{"href":"https:\/\/casamimosa-grancanaria.com\/de\/wp-json\/wp\/v2\/pages\/1318","targetHints":{"allow":["GET"]}}],"collection":[{"href":"https:\/\/casamimosa-grancanaria.com\/de\/wp-json\/wp\/v2\/pages"}],"about":[{"href":"https:\/\/casamimosa-grancanaria.com\/de\/wp-json\/wp\/v2\/types\/page"}],"author":[{"embeddable":true,"href":"https:\/\/casamimosa-grancanaria.com\/de\/wp-json\/wp\/v2\/users\/1"}],"replies":[{"embeddable":true,"href":"https:\/\/casamimosa-grancanaria.com\/de\/wp-json\/wp\/v2\/comments?post=1318"}],"version-history":[{"count":7,"href":"https:\/\/casamimosa-grancanaria.com\/de\/wp-json\/wp\/v2\/pages\/1318\/revisions"}],"predecessor-version":[{"id":2448,"href":"https:\/\/casamimosa-grancanaria.com\/de\/wp-json\/wp\/v2\/pages\/1318\/revisions\/2448"}],"wp:attachment":[{"href":"https:\/\/casamimosa-grancanaria.com\/de\/wp-json\/wp\/v2\/media?parent=1318"}],"curies":[{"name":"wp","href":"https:\/\/api.w.org\/{rel}","templated":true}]}}